{"id":42417,"date":"2023-03-13T19:59:16","date_gmt":"2023-03-13T19:59:16","guid":{"rendered":"https:\/\/www.bodynamic.com\/?page_id=42417"},"modified":"2024-09-12T23:18:54","modified_gmt":"2024-09-12T23:18:54","slug":"munich-2026","status":"publish","type":"page","link":"https:\/\/www.bodynamic.com\/de\/training\/anwender-practitioner\/munich-2026\/","title":{"rendered":"Munich 2026"},"content":{"rendered":"<p><div class=\"fusion-fullwidth fullwidth-box fusion-builder-row-1 fusion-parallax-none nonhundred-percent-fullwidth non-hundred-percent-height-scrolling\" style=\"--awb-border-radius-top-left:0px;--awb-border-radius-top-right:0px;--awb-border-radius-bottom-right:0px;--awb-border-radius-bottom-left:0px;--awb-background-image:url(&quot;https:\/\/www.bodynamic.com\/wp-content\/uploads\/2017\/10\/shutterstock_217119214-1024x430.jpg&quot;);--awb-background-size:cover;--awb-flex-wrap:wrap;\" ><div class=\"fusion-builder-row fusion-row\"><div class=\"fusion-layout-column fusion_builder_column fusion-builder-column-0 fusion_builder_column_1_1 1_1 fusion-one-full fusion-column-first fusion-column-last\" style=\"--awb-bg-size:cover;\"><div class=\"fusion-column-wrapper fusion-flex-column-wrapper-legacy\"><div class=\"fusion-sep-clear\"><\/div><div class=\"fusion-separator fusion-full-width-sep\" style=\"margin-left: auto;margin-right: auto;margin-top:150px;margin-bottom:150px;width:100%;\"><\/div><div class=\"fusion-sep-clear\"><\/div><div class=\"fusion-clearfix\"><\/div><\/div><\/div><\/div><\/div><div class=\"fusion-fullwidth fullwidth-box fusion-builder-row-2 fusion-flex-container has-pattern-background has-mask-background nonhundred-percent-fullwidth non-hundred-percent-height-scrolling\" style=\"--awb-border-radius-top-left:0px;--awb-border-radius-top-right:0px;--awb-border-radius-bottom-right:0px;--awb-border-radius-bottom-left:0px;--awb-padding-top:25px;--awb-padding-bottom:25px;--awb-flex-wrap:wrap;\" ><div class=\"fusion-builder-row fusion-row fusion-flex-align-items-flex-start fusion-flex-content-wrap\" style=\"max-width:1144px;margin-left: calc(-4% \/ 2 );margin-right: calc(-4% \/ 2 );\"><div class=\"fusion-layout-column fusion_builder_column fusion-builder-column-1 fusion_builder_column_1_1 1_1 fusion-flex-column\" style=\"--awb-bg-size:cover;--awb-width-large:100%;--awb-margin-top-large:0px;--awb-spacing-right-large:1.92%;--awb-margin-bottom-large:20px;--awb-spacing-left-large:1.92%;--awb-width-medium:100%;--awb-order-medium:0;--awb-spacing-right-medium:1.92%;--awb-spacing-left-medium:1.92%;--awb-width-small:100%;--awb-order-small:0;--awb-spacing-right-small:1.92%;--awb-spacing-left-small:1.92%;\"><div class=\"fusion-column-wrapper fusion-column-has-shadow fusion-flex-justify-content-flex-start fusion-content-layout-column\"><div class=\"fusion-image-element \" style=\"--awb-caption-title-font-family:var(--h2_typography-font-family);--awb-caption-title-font-weight:var(--h2_typography-font-weight);--awb-caption-title-font-style:var(--h2_typography-font-style);--awb-caption-title-size:var(--h2_typography-font-size);--awb-caption-title-transform:var(--h2_typography-text-transform);--awb-caption-title-line-height:var(--h2_typography-line-height);--awb-caption-title-letter-spacing:var(--h2_typography-letter-spacing);\"><span class=\" fusion-imageframe imageframe-none imageframe-1 hover-type-none\"><img fetchpriority=\"high\" fetchpriority=\"high\" decoding=\"async\" width=\"1080\" height=\"1080\" title=\"germany prac 2\" src=\"https:\/\/www.bodynamic.com\/wp-content\/uploads\/2024\/01\/germany-prac-2.jpg\" alt class=\"img-responsive wp-image-43601\" srcset=\"https:\/\/www.bodynamic.com\/wp-content\/uploads\/2024\/01\/germany-prac-2-200x200.jpg 200w, https:\/\/www.bodynamic.com\/wp-content\/uploads\/2024\/01\/germany-prac-2-400x400.jpg 400w, https:\/\/www.bodynamic.com\/wp-content\/uploads\/2024\/01\/germany-prac-2-600x600.jpg 600w, https:\/\/www.bodynamic.com\/wp-content\/uploads\/2024\/01\/germany-prac-2-800x800.jpg 800w, https:\/\/www.bodynamic.com\/wp-content\/uploads\/2024\/01\/germany-prac-2.jpg 1080w\" sizes=\"(max-width: 1024px) 100vw, (max-width: 640px) 100vw, 1080px\" \/><\/span><\/div><\/div><\/div><\/div><\/div><div class=\"fusion-fullwidth fullwidth-box fusion-builder-row-3 fusion-flex-container nonhundred-percent-fullwidth non-hundred-percent-height-scrolling\" style=\"--awb-border-radius-top-left:0px;--awb-border-radius-top-right:0px;--awb-border-radius-bottom-right:0px;--awb-border-radius-bottom-left:0px;--awb-flex-wrap:wrap;\" ><div class=\"fusion-builder-row fusion-row fusion-flex-align-items-flex-start fusion-flex-content-wrap\" style=\"max-width:1144px;margin-left: calc(-4% \/ 2 );margin-right: calc(-4% \/ 2 );\"><div class=\"fusion-layout-column fusion_builder_column fusion-builder-column-2 fusion_builder_column_1_1 1_1 fusion-flex-column\" style=\"--awb-bg-size:cover;--awb-width-large:100%;--awb-margin-top-large:0px;--awb-spacing-right-large:1.92%;--awb-margin-bottom-large:20px;--awb-spacing-left-large:1.92%;--awb-width-medium:100%;--awb-order-medium:0;--awb-spacing-right-medium:1.92%;--awb-spacing-left-medium:1.92%;--awb-width-small:100%;--awb-order-small:0;--awb-spacing-right-small:1.92%;--awb-spacing-left-small:1.92%;\"><div class=\"fusion-column-wrapper fusion-column-has-shadow fusion-flex-justify-content-flex-start fusion-content-layout-column\"><div class=\"fusion-text fusion-text-1\" style=\"--awb-text-transform:none;\"><h1><strong>Das Bodynamic Practitioner Training \u00a0(Kurzbeschreibung)\u2013 die gro\u00dfe 3-j\u00e4hrige Bodynamic Therapeuten Ausbildung <\/strong><\/h1>\n<p><strong>\u00a0<\/strong><\/p>\n<p>Im Besonderen an Psychologen, Trauma\u00adthera\u00adpeuten aber auch Coaches sowie andere Heilberufe, die ihr Verst\u00e4ndnis vom K\u00f6rper in der Einzel- und Gruppenarbeit vertiefen wollen.<\/p>\n<p>Voraussetzung ist die erfolgreiche Teilnahme am Bodynamic Foundation Training.<\/p>\n<p>Ein zentraler Teil des Curriculums umfasst das praktische und theoretische Erlernen der<strong> 11 \u201eIch-Funktionen\u201c <\/strong>oder<strong> \u201eIch-Ressourcen\u201c<\/strong>, deren <strong>anatomischen Grundlagen<\/strong> sowie die <strong>thera\u00adpeu\u00adtische Anwendung<\/strong>, u.a. durch eine Vielzahl spezifischer K\u00f6r\u00adper\u00fcbungen und \u201e<strong>aktives Mitsp\u00fcren<\/strong>\u201c.<\/p>\n<p>Weitere Inhalte sind u.a. <strong>\u00dcbertragungs- und Gegen\u00fcbertragungsresonanzen<\/strong> auf Grundlage des Charakter Struktur Modells, das Konzept der <strong>Ich-Aspekte<\/strong>, \u201e<strong>Lebens\u00admodelle\u201c<\/strong> \/<strong>\u201eLebensgeschichte\u201c<\/strong> , <strong>Gruppendyna\u00admi\u00adsche Modelle <\/strong>u.a. nach Schutz, <strong>Kom\u00admunikations- und Konfliktl\u00f6sungs\u00admodel\u00adle<\/strong> sowie <strong>das Lesen und Auswerten<\/strong> einer <strong>\u201eBodymap\u201c<\/strong> im Rahmen einer k\u00f6rperzentrierten Diagnostik. Und im Besonderen das Ein\u00fcben von <strong>Bodynamic Einzelsitzungen <\/strong>auf Grundlage der verschiedenen Modelle und dem Einsatz spezifischer \u00dcbungen.<\/p>\n<p>\u201eIch-Funktionen\u201c entwickeln sich alters\u00fcbergreifend und bestimmen, wie resilient wir sp\u00e4ter auf Herausforderungen in unserem Leben reagieren. Traumatische Erlebnisse haben oft zur Folge, dass wir wesent\u00adliche F\u00e4hig\u00adkeiten, wie z.B. \u201eKontakt zu halten\u201c, oder \u201euns Abzugren\u00adzen\u201c etc. einb\u00fc\u00dfen.<\/p>\n<p>F\u00fcr die Integration und letztendliche Heilung von Trauma\u00adfolge\u00adst\u00f6rungen ist es unabdinglich, unseren Klienten diese fundamentalen F\u00e4higkeiten wieder zug\u00e4ng\u00adlich zu machen.<\/p>\n<p>Im Laufe der vielen pr\u00e4genden Interaktionen (dem \u201eSpiegeln\u201c durch unsere Bezugspersonen auf Grundlage der Psychomotorik und Emotion), die zur Entwicklung unserer Charakter\u00adstruk\u00adturen\/ Ich-F\u00e4higkeiten f\u00fchren, lernen wir dabei uns gleichzeitig m\u00f6glichst viel W\u00fcrde wie auch ge\u00adgen\u00adseitige Verbundenheit zu sichern. Wir versuchen einerseits, einen Kontakt \u201ezu erhal\u00adten\u201c ohne andererseits unser (Selbst-) Bewusstsein\/ Zentrum zu verlieren.<\/p>\n<p>Dadurch entsteht ein einmaliges Mosaik an hyper- oder hypotoner Reaktionsf\u00e4higkeit von Muskeln in unserem K\u00f6rper. So lernen Sie u.a. in der Ausbildung, die verschiedenen Grade an Reaktionsf\u00e4higkeit auf einer \u201eBodymap\u201c zu lesen.<\/p>\n<p>Dar\u00fcber hinaus er\u00f6ffnet Ihnen das Wissen um die phasenweise Entwicklung einer jeweiligen Ich-F\u00e4higkeit eine neue, positive Sicht auf die Ressourcen und Potentiale Ihrer Klienten und erm\u00f6glicht ein pr\u00e4ziseres, effektiveres und nachhaltigeres therapeutisches Arbeiten.<\/p>\n<p>Das Practitioner Training unterteilt sich in 15 Bl\u00f6cke zu je 4 oder 6 Tagen, jeweils 5 Bl\u00f6cke je Jahr. Zum Ende des zweiten Jahres und zum Ende der Ausbildung werden unter Zuhilfenahme eines Zensors Pr\u00fcfungen durchgef\u00fchrt.<\/p>\n<h2><strong>Termine f\u00fcr Schulungen:<\/strong><\/h2>\n<p>2024<\/p>\n<p>Model 1\u00a0 November 13-17 Ditte<\/p>\n<p>2025<\/p>\n<p>Model 2 January 29- 2 February Michael<\/p>\n<p>Model 3. Marts 26-30\u00a0 Wolfgang<\/p>\n<p>Model 4.\u00a0 May 28- 1 June Michael<\/p>\n<p>Model 5. September 3-7 Michael<\/p>\n<p>Model 6 November 26-30 Wolfgang<\/p>\n<p>2026<\/p>\n<p>Model 7.\u00a0 28 January to 1 February Wolfgang<\/p>\n<p>Model 8.\u00a0 Marts 25-29 Ditte<\/p>\n<p>Model 9. May 27-31 Ditte<\/p>\n<p>Model 10. September 9-13 Michael<\/p>\n<p>Model 11. November 18-22 Michael +Censor Robert<\/p>\n<p>2027<\/p>\n<p>Model 12. January 26-30 January Robert<\/p>\n<p>Model 13. April\u00a0 7-11 Michael<\/p>\n<p>Model 14. June 16-20 Michael<\/p>\n<p>Model 15. September 22-26 Michael<\/p>\n<h2><strong>Praktische Details:<\/strong><\/h2>\n<p>Der normale Preis pro Jahr betr\u00e4gt 3820 Euro.<\/p>\n<p>Fr\u00fchbucherpreis von 3400 Euro bis zum 20. August 2024.<\/p>\n<p>Wenn Sie f\u00fcr alle drei Jahre auf einmal zahlen, sind es 9850 Euro.<\/p>\n<p>Ansprechpartnerin: Michael Rupp E-Mail: <span style=\"color: #0000ff;\"><a style=\"color: #0000ff;\" href=\"mailto:michael.rupp@bodynamic.de\" target=\"_blank\" rel=\"noopener\">michael.rupp@bodynamic.de<\/a><\/span><\/p>\n<\/div><div style=\"text-align:center;\"><a class=\"fusion-button button-flat fusion-button-default-size button-default fusion-button-default button-1 fusion-button-default-span fusion-button-default-type\" target=\"_blank\" rel=\"noopener noreferrer\" href=\"https:\/\/www.bodynamic.com\/wp-content\/uploads\/2024\/01\/Anmeldung-Practitioner-Training-in-Munchen3-1.pdf\"><i class=\"fa-file-pdf fas awb-button__icon awb-button__icon--default button-icon-left\" aria-hidden=\"true\"><\/i><span class=\"fusion-button-text awb-button__text awb-button__text--default\">Antragsformular<\/span><\/a><\/div><\/div><\/div><\/div><\/div><\/p>\n","protected":false},"excerpt":{"rendered":"","protected":false},"author":1,"featured_media":0,"parent":14569,"menu_order":0,"comment_status":"closed","ping_status":"closed","template":"100-width.php","meta":{"footnotes":""},"class_list":["post-42417","page","type-page","status-publish","hentry"],"yoast_head":"<!-- This site is optimized with the Yoast SEO plugin v27.3 - https:\/\/yoast.com\/product\/yoast-seo-wordpress\/ -->\n<title>Munich 2026 - Bodynamic International<\/title>\n<meta name=\"robots\" content=\"index, follow, max-snippet:-1, max-image-preview:large, max-video-preview:-1\" \/>\n<link rel=\"canonical\" href=\"https:\/\/www.bodynamic.com\/de\/training\/anwender-practitioner\/munich-2026\/\" \/>\n<meta property=\"og:locale\" content=\"de_DE\" \/>\n<meta property=\"og:type\" content=\"article\" \/>\n<meta property=\"og:title\" content=\"Munich 2026 - Bodynamic International\" \/>\n<meta property=\"og:url\" content=\"https:\/\/www.bodynamic.com\/de\/training\/anwender-practitioner\/munich-2026\/\" \/>\n<meta property=\"og:site_name\" content=\"Bodynamic International\" \/>\n<meta property=\"article:publisher\" content=\"https:\/\/www.facebook.com\/BodynamicInternational\" \/>\n<meta property=\"article:modified_time\" content=\"2024-09-12T23:18:54+00:00\" \/>\n<meta name=\"twitter:card\" content=\"summary_large_image\" \/>\n<meta name=\"twitter:label1\" content=\"Gesch\u00e4tzte Lesezeit\" \/>\n\t<meta name=\"twitter:data1\" content=\"3\u00a0Minuten\" \/>\n<script type=\"application\/ld+json\" class=\"yoast-schema-graph\">{\"@context\":\"https:\\\/\\\/schema.org\",\"@graph\":[{\"@type\":\"WebPage\",\"@id\":\"https:\\\/\\\/www.bodynamic.com\\\/de\\\/training\\\/anwender-practitioner\\\/munich-2026\\\/\",\"url\":\"https:\\\/\\\/www.bodynamic.com\\\/de\\\/training\\\/anwender-practitioner\\\/munich-2026\\\/\",\"name\":\"Munich 2026 - Bodynamic International\",\"isPartOf\":{\"@id\":\"https:\\\/\\\/www.bodynamic.com\\\/de\\\/#website\"},\"datePublished\":\"2023-03-13T19:59:16+00:00\",\"dateModified\":\"2024-09-12T23:18:54+00:00\",\"breadcrumb\":{\"@id\":\"https:\\\/\\\/www.bodynamic.com\\\/de\\\/training\\\/anwender-practitioner\\\/munich-2026\\\/#breadcrumb\"},\"inLanguage\":\"de\",\"potentialAction\":[{\"@type\":\"ReadAction\",\"target\":[\"https:\\\/\\\/www.bodynamic.com\\\/de\\\/training\\\/anwender-practitioner\\\/munich-2026\\\/\"]}]},{\"@type\":\"BreadcrumbList\",\"@id\":\"https:\\\/\\\/www.bodynamic.com\\\/de\\\/training\\\/anwender-practitioner\\\/munich-2026\\\/#breadcrumb\",\"itemListElement\":[{\"@type\":\"ListItem\",\"position\":1,\"name\":\"Home\",\"item\":\"https:\\\/\\\/www.bodynamic.com\\\/de\\\/\"},{\"@type\":\"ListItem\",\"position\":2,\"name\":\"Training\",\"item\":\"https:\\\/\\\/www.bodynamic.com\\\/de\\\/training\\\/\"},{\"@type\":\"ListItem\",\"position\":3,\"name\":\"Anwender (Practitioner)\",\"item\":\"https:\\\/\\\/www.bodynamic.com\\\/de\\\/training\\\/anwender-practitioner\\\/\"},{\"@type\":\"ListItem\",\"position\":4,\"name\":\"Munich 2026\"}]},{\"@type\":\"WebSite\",\"@id\":\"https:\\\/\\\/www.bodynamic.com\\\/de\\\/#website\",\"url\":\"https:\\\/\\\/www.bodynamic.com\\\/de\\\/\",\"name\":\"Bodynamic International\",\"description\":\"Somatic Developmental Psychology\",\"potentialAction\":[{\"@type\":\"SearchAction\",\"target\":{\"@type\":\"EntryPoint\",\"urlTemplate\":\"https:\\\/\\\/www.bodynamic.com\\\/de\\\/?s={search_term_string}\"},\"query-input\":{\"@type\":\"PropertyValueSpecification\",\"valueRequired\":true,\"valueName\":\"search_term_string\"}}],\"inLanguage\":\"de\"}]}<\/script>\n<!-- \/ Yoast SEO plugin. -->","yoast_head_json":{"title":"Munich 2026 - Bodynamic International","robots":{"index":"index","follow":"follow","max-snippet":"max-snippet:-1","max-image-preview":"max-image-preview:large","max-video-preview":"max-video-preview:-1"},"canonical":"https:\/\/www.bodynamic.com\/de\/training\/anwender-practitioner\/munich-2026\/","og_locale":"de_DE","og_type":"article","og_title":"Munich 2026 - Bodynamic International","og_url":"https:\/\/www.bodynamic.com\/de\/training\/anwender-practitioner\/munich-2026\/","og_site_name":"Bodynamic International","article_publisher":"https:\/\/www.facebook.com\/BodynamicInternational","article_modified_time":"2024-09-12T23:18:54+00:00","twitter_card":"summary_large_image","twitter_misc":{"Gesch\u00e4tzte Lesezeit":"3\u00a0Minuten"},"schema":{"@context":"https:\/\/schema.org","@graph":[{"@type":"WebPage","@id":"https:\/\/www.bodynamic.com\/de\/training\/anwender-practitioner\/munich-2026\/","url":"https:\/\/www.bodynamic.com\/de\/training\/anwender-practitioner\/munich-2026\/","name":"Munich 2026 - Bodynamic International","isPartOf":{"@id":"https:\/\/www.bodynamic.com\/de\/#website"},"datePublished":"2023-03-13T19:59:16+00:00","dateModified":"2024-09-12T23:18:54+00:00","breadcrumb":{"@id":"https:\/\/www.bodynamic.com\/de\/training\/anwender-practitioner\/munich-2026\/#breadcrumb"},"inLanguage":"de","potentialAction":[{"@type":"ReadAction","target":["https:\/\/www.bodynamic.com\/de\/training\/anwender-practitioner\/munich-2026\/"]}]},{"@type":"BreadcrumbList","@id":"https:\/\/www.bodynamic.com\/de\/training\/anwender-practitioner\/munich-2026\/#breadcrumb","itemListElement":[{"@type":"ListItem","position":1,"name":"Home","item":"https:\/\/www.bodynamic.com\/de\/"},{"@type":"ListItem","position":2,"name":"Training","item":"https:\/\/www.bodynamic.com\/de\/training\/"},{"@type":"ListItem","position":3,"name":"Anwender (Practitioner)","item":"https:\/\/www.bodynamic.com\/de\/training\/anwender-practitioner\/"},{"@type":"ListItem","position":4,"name":"Munich 2026"}]},{"@type":"WebSite","@id":"https:\/\/www.bodynamic.com\/de\/#website","url":"https:\/\/www.bodynamic.com\/de\/","name":"Bodynamic International","description":"Somatic Developmental Psychology","potentialAction":[{"@type":"SearchAction","target":{"@type":"EntryPoint","urlTemplate":"https:\/\/www.bodynamic.com\/de\/?s={search_term_string}"},"query-input":{"@type":"PropertyValueSpecification","valueRequired":true,"valueName":"search_term_string"}}],"inLanguage":"de"}]}},"_links":{"self":[{"href":"https:\/\/www.bodynamic.com\/de\/wp-json\/wp\/v2\/pages\/42417","targetHints":{"allow":["GET"]}}],"collection":[{"href":"https:\/\/www.bodynamic.com\/de\/wp-json\/wp\/v2\/pages"}],"about":[{"href":"https:\/\/www.bodynamic.com\/de\/wp-json\/wp\/v2\/types\/page"}],"author":[{"embeddable":true,"href":"https:\/\/www.bodynamic.com\/de\/wp-json\/wp\/v2\/users\/1"}],"replies":[{"embeddable":true,"href":"https:\/\/www.bodynamic.com\/de\/wp-json\/wp\/v2\/comments?post=42417"}],"version-history":[{"count":13,"href":"https:\/\/www.bodynamic.com\/de\/wp-json\/wp\/v2\/pages\/42417\/revisions"}],"predecessor-version":[{"id":44363,"href":"https:\/\/www.bodynamic.com\/de\/wp-json\/wp\/v2\/pages\/42417\/revisions\/44363"}],"up":[{"embeddable":true,"href":"https:\/\/www.bodynamic.com\/de\/wp-json\/wp\/v2\/pages\/14569"}],"wp:attachment":[{"href":"https:\/\/www.bodynamic.com\/de\/wp-json\/wp\/v2\/media?parent=42417"}],"curies":[{"name":"wp","href":"https:\/\/api.w.org\/{rel}","templated":true}]}}