{"id":14658,"date":"2021-06-22T13:54:26","date_gmt":"2021-06-22T13:54:26","guid":{"rendered":"https:\/\/www.bodynamic.com\/theorie\/koerperkarte-bodymap\/"},"modified":"2021-06-22T13:54:28","modified_gmt":"2021-06-22T13:54:28","slug":"koerperkarte-bodymap","status":"publish","type":"page","link":"https:\/\/www.bodynamic.com\/de\/theorie\/koerperkarte-bodymap\/","title":{"rendered":"K\u00f6rperkarte (Bodymap)"},"content":{"rendered":"<p><div class=\"fusion-fullwidth fullwidth-box fusion-builder-row-1 fusion-parallax-none nonhundred-percent-fullwidth non-hundred-percent-height-scrolling\" style=\"--awb-border-radius-top-left:0px;--awb-border-radius-top-right:0px;--awb-border-radius-bottom-right:0px;--awb-border-radius-bottom-left:0px;--awb-background-image:url(&quot;https:\/\/www.bodynamic.com\/wp-content\/uploads\/2017\/10\/theory-header-1-1024x683.jpg&quot;);--awb-background-size:cover;--awb-flex-wrap:wrap;\" ><div class=\"fusion-builder-row fusion-row\"><div class=\"fusion-layout-column fusion_builder_column fusion-builder-column-0 fusion_builder_column_1_1 1_1 fusion-one-full fusion-column-first fusion-column-last\" style=\"--awb-bg-size:cover;\"><div class=\"fusion-column-wrapper fusion-flex-column-wrapper-legacy\"><div class=\"fusion-sep-clear\"><\/div><div class=\"fusion-separator fusion-full-width-sep\" style=\"margin-left: auto;margin-right: auto;margin-top:150px;margin-bottom:150px;width:100%;\"><\/div><div class=\"fusion-sep-clear\"><\/div><div class=\"fusion-clearfix\"><\/div><\/div><\/div><\/div><\/div><div class=\"fusion-fullwidth fullwidth-box fusion-builder-row-2 nonhundred-percent-fullwidth non-hundred-percent-height-scrolling\" style=\"--awb-border-radius-top-left:0px;--awb-border-radius-top-right:0px;--awb-border-radius-bottom-right:0px;--awb-border-radius-bottom-left:0px;--awb-flex-wrap:wrap;\" ><div class=\"fusion-builder-row fusion-row\"><div class=\"fusion-layout-column fusion_builder_column fusion-builder-column-1 fusion_builder_column_1_1 1_1 fusion-one-full fusion-column-first fusion-column-last\" style=\"--awb-bg-size:cover;\"><div class=\"fusion-column-wrapper fusion-flex-column-wrapper-legacy\"><div class=\"fusion-text fusion-text-1\"><p><em><strong>EIN AU\u00dfERGEW\u00d6HNLICH PR\u00c4ZISES WERKZEUG PSYCHOLOGISCHER MESSUNG UND F\u00dcR DIE PSYCHOTHERAPIE<\/strong><\/em><\/p>\n<p>Das ultimative Arbeitswerkzeug im Bodynamic System ist die sogenannte <em>K\u00f6rperkarte oder Bodymap<\/em>. Sie ist eine ausf\u00fchrliche und pr\u00e4zise Darstellung von Ressourcen und Blockaden im K\u00f6rper des Klienten. Kartierung bedeutet hier die elastische Antwort des Muskels und der Faszien, und deren Verbindung mit pr\u00e4zisen psychologischen Inhalten. Die Palpation von 125 Muskeln (und\/oder Muskelpaaren) ist die Grundlage der Bodymap und diese kann als Verst\u00e4ndnishilfe hinsichtlich der Pers\u00f6nlichkeit des Klienten dienen. Sie bietet ein einzigartiges, vollst\u00e4ndiges Bild der Kindheitsentwicklung, der Charakterstrukturen, sowie im Bezug auf die Ich-Funktionen der Bodynamic Analyse. Die Bodymap dient dem Therapeuten dazu planen, wie der Klient von verschiedenen Arten der Therapie profitieren k\u00f6nnte.<\/p>\n<p>Als Lisbeth Marcher und ihr Kernteam in den fr\u00fchen 1970ern die Bodynamic Analyse entwickelten, erstellten und analysierten sie nahezu 10.000 Berichte aus Therapiesitzungen mit Erwachsenen und beobachteten auch gleichzeitig kindliche Entwicklung. Diese Arbeit wurde sp\u00e4ter fortgef\u00fchrt und verfeinert. Dies auf Grundlage der praktischen Erfahrungen, der Seniormitglieder des D\u00e4nischen Instituts. Diese grundlegende empirische Forschung bildet die Basis des Wissens, welches wir in das Bodymap Modell \u00fcberf\u00fchrt haben.<\/p>\n<p>Bodynamic Analyse erweiterte und verfeinerte sein Wissen \u00fcber die Muskelantworten anhand der physischen und psychologischen Entwicklung in der Kindheit in so einem gro\u00dfen Ma\u00df, dass neue Herausforderungen auftraten: es ergaben sich zahlreiche Daten \u00fcber die Antwortmuster der einzelnen Muskeln und im Bezug auf Muskelgruppen; hunderte Zusammenh\u00e4nge mit der Muskelantwort im K\u00f6rper tragen auf; Ihre Rolle im Bezug auf die physische und psychologische Entwicklung spiegelt sich in den<em> Charakterstrukturen<\/em> und ihren <em>Haltungen<\/em>, sowie den <em>ICH-Funktionen<\/em> wider. Die Menge an Informationen war so ergiebig und komplex, dass sie neue Formen der Organisation notwendig machten, da sonst diese wertvollen Informationen nur von einer Gruppen von Unter-Experten h\u00e4tte genutzt werden k\u00f6nnen.<\/p>\n<p>Die Bodymap war als Antwort auf die ersten entstandenen Datenberge entwickelt wurden. Sie dient als allgemeine, und gleichzeitig hoch individuelle Methode hinsichtlich jeden Klienten. Die Bodymap erm\u00f6glicht es hinsichtlich jeden einzelnen Klienten psychologische und physiologische Daten zu sammeln und diese grafisch f\u00fcr die K\u00f6rpervorder- und R\u00fcckseite darzustellen. Ferner wird der Kopf des Klienten grafisch dargesetllt. Die Karte illustriert mehr als 125 sogenannte &#8222;Testpunkte&#8220; auf jeder Seite des K\u00f6rpers (rechts-links) und arbeitet mit 9 verschiedenen Farben (haupts\u00e4chlich im Farbenspektrum blau und rot). Sie stellt die qualitativen Aspekte der Muskelantwort jedes einzelnen Muskels, von Muskelteilen oder Faszien dar und wie sie mit psychologischen Inhalten zusammenh\u00e4ngen. Mit Hilfe dieses Tests ist es m\u00f6glich das Alter herauszustellen, in dem ein psychologisches Problem seinen Ursprung hat. Des weiteren ist es m\u00f6glich Schocktrauma und Posttraumatische Belastungsst\u00f6rungen abzulesen. &#8222;Wir haben Muster von gehemmten, kollabierten, und gesunden Impulsen f\u00fcr jedes Entwicklungsalter abgebildet und helfen dem Klienten ein neues Gesp\u00fcr f\u00fcr die tiefsten Ebenen seines Seins zu gewinnen.&#8220;, sagt Lisbeth Marcher, die Gr\u00fcnderin der Bodynamic Analyse.<\/p>\n<p><strong>Pers\u00f6nlichkeitstest mittels des projektiven Rorschach Testverfahrens und die Bodymap &#8211; Forschungsbeitrag zur Validit\u00e4t der Bodymap<\/strong><\/p>\n<p>Die Bodymap dient auch als sehr genauer Pers\u00f6nlichkeitsteset im Bodynamic System. Eine Pilotstudie an einer Trauma Klinik eines d\u00e4nischen Forschungskrankenhauses hat die Ergebnisse vier verschiedener Tests und Methoden, die h\u00e4ufig f\u00fcr psychologische Evaluation psychiatrischer und psychotherapeutischer Patienten eingesetzt wird, mit den Ergebnissen der Bodymap verglichen. Einer dieser Vergleichsmethoden war das projektive Testverfahren Rorschach-Test. Die Ergebnisse der Studie brachten interessante Korrelationen zum Vorschein:<\/p>\n<ul>\n<li>Die Messung des Rorschach-Test und der Bodymap zeigten eine h\u00f6here \u00dcbereinstimmung miteinander als mit den anderen beiden Messmethoden;<\/li>\n<li>Der Rorschach-Test stellte sich im Bereich kognitiver Entwicklung und assoziativer Prozesse als pr\u00e4ziser gegen\u00fcber der Bodymap heraus;<\/li>\n<li>Die Bodymap konnte pr\u00e4zisere und detailliertere Informationen hinsichtlich der Entwicklung des Klienten, dem Alter als ein Problem Begann und hinsichtlich der Identifikation von Schocktraumatisierungen liefern als der Rorschach-Test;<\/li>\n<li>Insgesamt stellten sich der Rorschach-Test und die Bodymap als die beiden Messmethoden mit der h\u00f6chsten Reliabilit\u00e4t heraus, wie auch w\u00e4hrend dem Verlauf der Behandlung bei weiteren Messungen der gleichen Patienten festgestellt werden konnte.<\/li>\n<\/ul>\n<p><strong>Die Bodymap im psychotherapeutischen Prozess<\/strong><\/p>\n<p>Auf den ersten Blick erscheint die Bodymap als kompliziertes Unterfangen; und tats\u00e4chlich wird heute auch die detaillierte Analyse der einzelnen Bodymaps mit einer speziellen Computersoftware durchgef\u00fchrt. Diese strukturiert die Informationen aus den Hunderten von Muskelantworten nach Charaktersturkuren, Ich-Funktionen, Schocktrauma\/PTBS und weitere Faktoren. Ein Bodynamic Analytiker kann die Bodymap des Klienten als konstante Referenz nutzen, die wertvolle Informationen \u00fcber jedes Stadium des psychotherapeutischen Prozesses abbildet.<\/p>\n<p>Ein Beispiel: die Bodymap erm\u00f6glicht es dem Analytiker spezifisch abzulesen, in welchem Entwicklungsalter und -stadium psychologische Probleme wurzeln; er kann Schocktrauma und auch PTBS identifizieren und in Bezug zu dieser Entwicklungsphase setzen (Charakterstruktur &#8211; siehe weiter oben) und er kann auch Verhaltenseigenschaften (ICH-Funktionen &#8211; siehe ebenfalls weiter oben) ablesen. So k\u00f6nnen pr\u00e4zise Hypothesen aufgestellt werden und diese helfen den Prozess zu gestalten.<\/p>\n<p>Die Bodymap stellt damit eine sehr genaue Methode zur psychologischen Evaluation dar, da sie eine klientenunabh\u00e4ngige Methode darstellt, um die Ver\u00e4nderung zu messen, statt sich rein auf verbale Beschreibungen der erlebten Erfahrung zu beschr\u00e4nken. Wird eine Bodymap im Schnitt etwa alle 2 Jahre durchgef\u00fchrt, so k\u00f6nnen pr\u00e4zise Informationen \u00fcber den aktuellen Fortschritt innerhalb der Therapie gewonnen werden.<\/p>\n<p>Es ist wichtig anzumerken, dass ein Therapeut, der dieses Wissen erwerben und nutzen m\u00f6chte, einen Gro\u00dfteil seines \u00dcbens des Bodynamic Systems dem Lernen von pr\u00e4zisen anatomischen Bewegungen der K\u00f6rpermuskeln widmen muss &#8211; ein Gebiet, in dem wir auf verschiedene anatomische Atlanten, Manuale und B\u00fccher angewiesen sind, die ebenfalls in anderen professionellen Feldern (Medizin, Physiotherapie, etc.) verbreitet sind. Dies ist eine gute Erg\u00e4nzung zu unserer eigenen Literatur.<\/p>\n<\/div><div class=\"fusion-clearfix\"><\/div><\/div><\/div><\/div><\/div><div class=\"fusion-fullwidth fullwidth-box fusion-builder-row-3 nonhundred-percent-fullwidth non-hundred-percent-height-scrolling\" style=\"--awb-border-radius-top-left:0px;--awb-border-radius-top-right:0px;--awb-border-radius-bottom-right:0px;--awb-border-radius-bottom-left:0px;--awb-flex-wrap:wrap;\" ><div class=\"fusion-builder-row fusion-row\"><div class=\"fusion-layout-column fusion_builder_column fusion-builder-column-2 fusion_builder_column_1_1 1_1 fusion-one-full fusion-column-first fusion-column-last\" style=\"--awb-bg-size:cover;\"><div class=\"fusion-column-wrapper fusion-flex-column-wrapper-legacy\"><div class=\"fusion-sep-clear\"><\/div><div class=\"fusion-separator fusion-full-width-sep\" style=\"margin-left: auto;margin-right: auto;margin-top:20px;margin-bottom:20px;width:100%;\"><div class=\"fusion-separator-border sep-shadow\" style=\"--awb-height:20px;--awb-amount:20px;background:radial-gradient(ellipse at 50% -50% , #e0dede 0px, rgba(255, 255, 255, 0) 80%) repeat scroll 0 0 rgba(0, 0, 0, 0);background:-webkit-radial-gradient(ellipse at 50% -50% , #e0dede 0px, rgba(255, 255, 255, 0) 80%) repeat scroll 0 0 rgba(0, 0, 0, 0);background:-moz-radial-gradient(ellipse at 50% -50% , #e0dede 0px, rgba(255, 255, 255, 0) 80%) repeat scroll 0 0 rgba(0, 0, 0, 0);background:-o-radial-gradient(ellipse at 50% -50% , #e0dede 0px, rgba(255, 255, 255, 0) 80%) repeat scroll 0 0 rgba(0, 0, 0, 0);\"><\/div><\/div><div class=\"fusion-sep-clear\"><\/div><div class=\"fusion-text fusion-text-2\"><h1>Blog Artikel zum Thema Bodymap<\/h1>\n<\/div><div class=\"fusion-clearfix\"><\/div><\/div><\/div><\/div><\/div><div class=\"fusion-fullwidth fullwidth-box fusion-builder-row-4 nonhundred-percent-fullwidth non-hundred-percent-height-scrolling\" style=\"--awb-border-radius-top-left:0px;--awb-border-radius-top-right:0px;--awb-border-radius-bottom-right:0px;--awb-border-radius-bottom-left:0px;--awb-flex-wrap:wrap;\" ><div class=\"fusion-builder-row fusion-row\"><div class=\"fusion-layout-column fusion_builder_column fusion-builder-column-3 fusion_builder_column_1_1 1_1 fusion-one-full fusion-column-first fusion-column-last\" style=\"--awb-bg-size:cover;\"><div class=\"fusion-column-wrapper fusion-flex-column-wrapper-legacy\"><div class=\"fusion-aligncenter\"><a class=\"fusion-button button-flat fusion-button-default-size button-default fusion-button-default button-1 fusion-button-default-span fusion-button-default-type\" target=\"_self\" href=\"https:\/\/www.bodynamic.com\/de\/theorie\/\"><i class=\" fa fa-reply awb-button__icon awb-button__icon--default button-icon-left\" aria-hidden=\"true\"><\/i><span class=\"fusion-button-text awb-button__text awb-button__text--default\">zur\u00fcck zur Theorie-Hauptseite<\/span><\/a><\/div><div class=\"fusion-clearfix\"><\/div><\/div><\/div><\/div><\/div><\/p>\n","protected":false},"excerpt":{"rendered":"","protected":false},"author":1,"featured_media":0,"parent":13917,"menu_order":0,"comment_status":"closed","ping_status":"closed","template":"100-width.php","meta":{"footnotes":""},"class_list":["post-14658","page","type-page","status-publish","hentry"],"yoast_head":"<!-- This site is optimized with the Yoast SEO plugin v27.5 - https:\/\/yoast.com\/product\/yoast-seo-wordpress\/ -->\n<title>K\u00f6rperkarte (Bodymap) - Bodynamic International<\/title>\n<meta name=\"robots\" content=\"index, follow, max-snippet:-1, max-image-preview:large, max-video-preview:-1\" \/>\n<link rel=\"canonical\" href=\"https:\/\/www.bodynamic.com\/de\/theorie\/koerperkarte-bodymap\/\" \/>\n<meta property=\"og:locale\" content=\"de_DE\" \/>\n<meta property=\"og:type\" content=\"article\" \/>\n<meta property=\"og:title\" content=\"K\u00f6rperkarte (Bodymap) - Bodynamic International\" \/>\n<meta property=\"og:url\" content=\"https:\/\/www.bodynamic.com\/de\/theorie\/koerperkarte-bodymap\/\" \/>\n<meta property=\"og:site_name\" content=\"Bodynamic International\" \/>\n<meta property=\"article:publisher\" content=\"https:\/\/www.facebook.com\/BodynamicInternational\" \/>\n<meta property=\"article:modified_time\" content=\"2021-06-22T13:54:28+00:00\" \/>\n<meta name=\"twitter:card\" content=\"summary_large_image\" \/>\n<meta name=\"twitter:label1\" content=\"Gesch\u00e4tzte Lesezeit\" \/>\n\t<meta name=\"twitter:data1\" content=\"9\u00a0Minuten\" \/>\n<script type=\"application\/ld+json\" class=\"yoast-schema-graph\">{\"@context\":\"https:\\\/\\\/schema.org\",\"@graph\":[{\"@type\":\"WebPage\",\"@id\":\"https:\\\/\\\/www.bodynamic.com\\\/de\\\/theorie\\\/koerperkarte-bodymap\\\/\",\"url\":\"https:\\\/\\\/www.bodynamic.com\\\/de\\\/theorie\\\/koerperkarte-bodymap\\\/\",\"name\":\"K\u00f6rperkarte (Bodymap) - Bodynamic International\",\"isPartOf\":{\"@id\":\"https:\\\/\\\/www.bodynamic.com\\\/de\\\/#website\"},\"datePublished\":\"2021-06-22T13:54:26+00:00\",\"dateModified\":\"2021-06-22T13:54:28+00:00\",\"breadcrumb\":{\"@id\":\"https:\\\/\\\/www.bodynamic.com\\\/de\\\/theorie\\\/koerperkarte-bodymap\\\/#breadcrumb\"},\"inLanguage\":\"de\",\"potentialAction\":[{\"@type\":\"ReadAction\",\"target\":[\"https:\\\/\\\/www.bodynamic.com\\\/de\\\/theorie\\\/koerperkarte-bodymap\\\/\"]}]},{\"@type\":\"BreadcrumbList\",\"@id\":\"https:\\\/\\\/www.bodynamic.com\\\/de\\\/theorie\\\/koerperkarte-bodymap\\\/#breadcrumb\",\"itemListElement\":[{\"@type\":\"ListItem\",\"position\":1,\"name\":\"Home\",\"item\":\"https:\\\/\\\/www.bodynamic.com\\\/de\\\/\"},{\"@type\":\"ListItem\",\"position\":2,\"name\":\"Theorie\",\"item\":\"https:\\\/\\\/www.bodynamic.com\\\/de\\\/theorie\\\/\"},{\"@type\":\"ListItem\",\"position\":3,\"name\":\"K\u00f6rperkarte (Bodymap)\"}]},{\"@type\":\"WebSite\",\"@id\":\"https:\\\/\\\/www.bodynamic.com\\\/de\\\/#website\",\"url\":\"https:\\\/\\\/www.bodynamic.com\\\/de\\\/\",\"name\":\"Bodynamic International\",\"description\":\"Somatic Developmental Psychology\",\"potentialAction\":[{\"@type\":\"SearchAction\",\"target\":{\"@type\":\"EntryPoint\",\"urlTemplate\":\"https:\\\/\\\/www.bodynamic.com\\\/de\\\/?s={search_term_string}\"},\"query-input\":{\"@type\":\"PropertyValueSpecification\",\"valueRequired\":true,\"valueName\":\"search_term_string\"}}],\"inLanguage\":\"de\"}]}<\/script>\n<!-- \/ Yoast SEO plugin. -->","yoast_head_json":{"title":"K\u00f6rperkarte (Bodymap) - Bodynamic International","robots":{"index":"index","follow":"follow","max-snippet":"max-snippet:-1","max-image-preview":"max-image-preview:large","max-video-preview":"max-video-preview:-1"},"canonical":"https:\/\/www.bodynamic.com\/de\/theorie\/koerperkarte-bodymap\/","og_locale":"de_DE","og_type":"article","og_title":"K\u00f6rperkarte (Bodymap) - Bodynamic International","og_url":"https:\/\/www.bodynamic.com\/de\/theorie\/koerperkarte-bodymap\/","og_site_name":"Bodynamic International","article_publisher":"https:\/\/www.facebook.com\/BodynamicInternational","article_modified_time":"2021-06-22T13:54:28+00:00","twitter_card":"summary_large_image","twitter_misc":{"Gesch\u00e4tzte Lesezeit":"9\u00a0Minuten"},"schema":{"@context":"https:\/\/schema.org","@graph":[{"@type":"WebPage","@id":"https:\/\/www.bodynamic.com\/de\/theorie\/koerperkarte-bodymap\/","url":"https:\/\/www.bodynamic.com\/de\/theorie\/koerperkarte-bodymap\/","name":"K\u00f6rperkarte (Bodymap) - Bodynamic International","isPartOf":{"@id":"https:\/\/www.bodynamic.com\/de\/#website"},"datePublished":"2021-06-22T13:54:26+00:00","dateModified":"2021-06-22T13:54:28+00:00","breadcrumb":{"@id":"https:\/\/www.bodynamic.com\/de\/theorie\/koerperkarte-bodymap\/#breadcrumb"},"inLanguage":"de","potentialAction":[{"@type":"ReadAction","target":["https:\/\/www.bodynamic.com\/de\/theorie\/koerperkarte-bodymap\/"]}]},{"@type":"BreadcrumbList","@id":"https:\/\/www.bodynamic.com\/de\/theorie\/koerperkarte-bodymap\/#breadcrumb","itemListElement":[{"@type":"ListItem","position":1,"name":"Home","item":"https:\/\/www.bodynamic.com\/de\/"},{"@type":"ListItem","position":2,"name":"Theorie","item":"https:\/\/www.bodynamic.com\/de\/theorie\/"},{"@type":"ListItem","position":3,"name":"K\u00f6rperkarte (Bodymap)"}]},{"@type":"WebSite","@id":"https:\/\/www.bodynamic.com\/de\/#website","url":"https:\/\/www.bodynamic.com\/de\/","name":"Bodynamic International","description":"Somatic Developmental Psychology","potentialAction":[{"@type":"SearchAction","target":{"@type":"EntryPoint","urlTemplate":"https:\/\/www.bodynamic.com\/de\/?s={search_term_string}"},"query-input":{"@type":"PropertyValueSpecification","valueRequired":true,"valueName":"search_term_string"}}],"inLanguage":"de"}]}},"_links":{"self":[{"href":"https:\/\/www.bodynamic.com\/de\/wp-json\/wp\/v2\/pages\/14658","targetHints":{"allow":["GET"]}}],"collection":[{"href":"https:\/\/www.bodynamic.com\/de\/wp-json\/wp\/v2\/pages"}],"about":[{"href":"https:\/\/www.bodynamic.com\/de\/wp-json\/wp\/v2\/types\/page"}],"author":[{"embeddable":true,"href":"https:\/\/www.bodynamic.com\/de\/wp-json\/wp\/v2\/users\/1"}],"replies":[{"embeddable":true,"href":"https:\/\/www.bodynamic.com\/de\/wp-json\/wp\/v2\/comments?post=14658"}],"version-history":[{"count":5,"href":"https:\/\/www.bodynamic.com\/de\/wp-json\/wp\/v2\/pages\/14658\/revisions"}],"predecessor-version":[{"id":14663,"href":"https:\/\/www.bodynamic.com\/de\/wp-json\/wp\/v2\/pages\/14658\/revisions\/14663"}],"up":[{"embeddable":true,"href":"https:\/\/www.bodynamic.com\/de\/wp-json\/wp\/v2\/pages\/13917"}],"wp:attachment":[{"href":"https:\/\/www.bodynamic.com\/de\/wp-json\/wp\/v2\/media?parent=14658"}],"curies":[{"name":"wp","href":"https:\/\/api.w.org\/{rel}","templated":true}]}}