{"id":14554,"date":"2021-06-22T11:09:27","date_gmt":"2021-06-22T11:09:27","guid":{"rendered":"https:\/\/www.bodynamic.com\/training\/basis-training\/"},"modified":"2021-06-22T11:19:23","modified_gmt":"2021-06-22T11:19:23","slug":"basis-training","status":"publish","type":"page","link":"https:\/\/www.bodynamic.com\/de\/training\/basis-training\/","title":{"rendered":"Basis Training"},"content":{"rendered":"<p><div class=\"fusion-fullwidth fullwidth-box fusion-builder-row-1 fusion-parallax-none nonhundred-percent-fullwidth non-hundred-percent-height-scrolling\" style=\"--awb-border-radius-top-left:0px;--awb-border-radius-top-right:0px;--awb-border-radius-bottom-right:0px;--awb-border-radius-bottom-left:0px;--awb-background-image:url(&quot;https:\/\/www.bodynamic.com\/wp-content\/uploads\/2017\/10\/shutterstock_217119214-1024x430.jpg&quot;);--awb-background-size:cover;--awb-flex-wrap:wrap;\" ><div class=\"fusion-builder-row fusion-row\"><div class=\"fusion-layout-column fusion_builder_column fusion-builder-column-0 fusion_builder_column_1_1 1_1 fusion-one-full fusion-column-first fusion-column-last\" style=\"--awb-bg-size:cover;\"><div class=\"fusion-column-wrapper fusion-flex-column-wrapper-legacy\"><div class=\"fusion-sep-clear\"><\/div><div class=\"fusion-separator fusion-full-width-sep\" style=\"margin-left: auto;margin-right: auto;margin-top:150px;margin-bottom:150px;width:100%;\"><\/div><div class=\"fusion-sep-clear\"><\/div><div class=\"fusion-clearfix\"><\/div><\/div><\/div><\/div><\/div><div class=\"fusion-fullwidth fullwidth-box fusion-builder-row-2 nonhundred-percent-fullwidth non-hundred-percent-height-scrolling\" style=\"--awb-border-radius-top-left:0px;--awb-border-radius-top-right:0px;--awb-border-radius-bottom-right:0px;--awb-border-radius-bottom-left:0px;--awb-margin-top:30px;--awb-flex-wrap:wrap;\" ><div class=\"fusion-builder-row fusion-row\"><div class=\"fusion-layout-column fusion_builder_column fusion-builder-column-1 fusion_builder_column_1_1 1_1 fusion-one-full fusion-column-first fusion-column-last\" style=\"--awb-bg-size:cover;\"><div class=\"fusion-column-wrapper fusion-flex-column-wrapper-legacy\"><div class=\"fusion-text fusion-text-1\"><h2 style=\"text-align: center\"><strong>Basistraining (Foundation)<\/strong><\/h2>\n<p><strong>F\u00fcr wen ist es?<\/strong><\/p>\n<p>Das Foundationtraining richtet sich an praktizierende Therapeuten, die eine therapeutische Ausbildung oder ein \u00e4hnliches Psychotherapietraining absolviert haben, hierunter insbesondere: Psychologen, Traumtherapeuten, cranio-sacral Therapeuten, K\u00f6rpertherapeuten und K\u00f6rperpsychotherapeuten. Dar\u00fcber hinaus richtet es sich an Fachkr\u00e4fte aus anderen Heilberufen, wie z. B. Heilpraktiker, Osteophathen und viele weitere.<\/p>\n<p><strong>Entwicklung der Charakterstrukturen<\/strong><\/p>\n<p>Der Fokus liegt auf der Entwicklung der Charakterstrukturen, indem auf bestimmte Bed\u00fcrfnisse und Herausforderungen in den einzelnen Phasen der menschlichen Entwicklung eingegangen wird (Existenz, Autonomie, etc.). Bodynamic hat hier ein einzigartiges, differenziertes Modell der Charakterstrukturen im Rahmen 25 Jahren empirischer Forschung entwickelt. Es beschreibt die kindliche Entwicklung in sieben Phasen, beginnend im 2. Schwagerschaftstrimester im Mutterleib bis circa zum 13. Lebensjahr.<\/p>\n<p><strong>Die Rolle von Entwicklungstrauma<\/strong><\/p>\n<p>Entwicklungstrauma spielen eine entscheidende Rolle in der Entwicklung und Herausbildung dieser Charakterstrukturen. Der Begriff wurde von Lisbeth Marcher bereits eingef\u00fchrt und verwendet, bevor er durch Bessel van der Kolk &#8211; einem f\u00fchrenden Amerikanischen Psychiater im Feld des Traumas und seiner Auswirkungen &#8211;\u00a0 gr\u00f6\u00dfere Bekanntheit erlangte.<\/p>\n<p><strong>Verlust des Selbst<\/strong><\/p>\n<p>Entwicklungstrauma treten in Folge massiver, anhaltender R\u00fcckweisung, Vernachl\u00e4ssigung und weiterer auf, die ein Kind w\u00e4hrend seiner Entwicklung durch die Eltern, im Rahmen seiner zentralen Bed\u00fcrfnisse innerhalb einer Entwicklungsphase erf\u00e4hrt. Das bedeutet, dass das Kind zentrale Aspekte seines eigenen Selbst nicht entwickeln kann oder f\u00fchrt dazu, dass es sie sogar g\u00e4nzlich aufgibt.<\/p>\n<p><strong>K\u00f6rper-Ich<\/strong><\/p>\n<p>Das Kind erlebt sich zun\u00e4chst w\u00e4hrend seiner Kindheit in Beziehung zu seiner \u00e4u\u00dferen Welt durch den K\u00f6rper und seine Bewegungen (K\u00f6rper-Ich). Neben den physischen Meilensteinen, wie etwa Krabbeln, Sitzen, Stehen und Gehen, hat das Kind im Verlauf seiner Entwicklung eine gro\u00dfe Bandbreite an Bewegungsmustern zu erlernen.<\/p>\n<p><strong>Charaktertypen und ihre Haltungen<\/strong><\/p>\n<p>In diesem Training lernen Sie, wie das Kind sich durch die einzelnen Phasen bewegt w\u00e4hrend es seine motorischen Fertigkeiten entwickelt und die Verwendung der Muskeln in die willentliche Steuerung des Kindes kommen. Sie lernen, wie der Muskeltonus auf spezifische \u00e4u\u00dfere Entwicklungsherausforderungen reagiert. Dementsprechend formen sich der K\u00f6rper und die Charakterstrukturen, die in hyperton (fr\u00fche) und hyperton (sp\u00e4te) Subtypen unterteilt werden und die jeweils ein unterschiedliches therapeutisches Vorgehen notwendig werden lassen.<\/p>\n<p>Dies f\u00fchrt zu charakteristischen K\u00f6rperhaltungen und damit einhergehenden Ausdrucksweisen, Mimik und weitere. Ein Teil des Trainings ist, dass Sie lernen diese Fertigkeiten zu explorieren und zu erkennen und k\u00f6rperlich diese Charakterstrukturen &#8222;lesen&#8220; zu k\u00f6nnen. Dies erm\u00f6glicht Ihnen in die altersspezifische &#8222;Resonanz&#8220; mit Ihrem Klienten zu gehen und diese Ressource optimal im Verlauf des Behandlungsprozess zu integrieren.<\/p>\n<p>Zus\u00e4tzlich bietet Ihnen das Training eine Vielzahl an spezifischen K\u00f6rper\u00fcbungen und -techniken, sowie neues Wissen, das es Ihnen erm\u00f6glicht, pr\u00e4ziser und effektiver mit Ihren Klienten an deren Traumatisierung(en) zu arbeiten.<\/p>\n<p>&nbsp;<\/p>\n<\/div><div class=\"fusion-aligncenter\"><a class=\"fusion-button button-flat button-large button-default fusion-button-default button-1 fusion-button-default-span fusion-button-default-type\" target=\"_self\" href=\"https:\/\/www.bodynamic.com\/de\/training\/\"><i class=\" fa fa-reply awb-button__icon awb-button__icon--default button-icon-left\" aria-hidden=\"true\"><\/i><span class=\"fusion-button-text awb-button__text awb-button__text--default\">Zur\u00fcck zur Trainings-Hauptseite<\/span><\/a><\/div><div class=\"fusion-clearfix\"><\/div><\/div><\/div><\/div><\/div><\/p>\n","protected":false},"excerpt":{"rendered":"","protected":false},"author":1,"featured_media":0,"parent":12220,"menu_order":0,"comment_status":"closed","ping_status":"closed","template":"100-width.php","meta":{"footnotes":""},"class_list":["post-14554","page","type-page","status-publish","hentry"],"yoast_head":"<!-- This site is optimized with the Yoast SEO plugin v27.4 - https:\/\/yoast.com\/product\/yoast-seo-wordpress\/ -->\n<title>Basis Training - Bodynamic International<\/title>\n<meta name=\"robots\" content=\"index, follow, max-snippet:-1, max-image-preview:large, max-video-preview:-1\" \/>\n<link rel=\"canonical\" href=\"https:\/\/www.bodynamic.com\/de\/training\/basis-training\/\" \/>\n<meta property=\"og:locale\" content=\"de_DE\" \/>\n<meta property=\"og:type\" content=\"article\" \/>\n<meta property=\"og:title\" content=\"Basis Training - Bodynamic International\" \/>\n<meta property=\"og:url\" content=\"https:\/\/www.bodynamic.com\/de\/training\/basis-training\/\" \/>\n<meta property=\"og:site_name\" content=\"Bodynamic International\" \/>\n<meta property=\"article:publisher\" content=\"https:\/\/www.facebook.com\/BodynamicInternational\" \/>\n<meta property=\"article:modified_time\" content=\"2021-06-22T11:19:23+00:00\" \/>\n<meta name=\"twitter:card\" content=\"summary_large_image\" \/>\n<meta name=\"twitter:label1\" content=\"Gesch\u00e4tzte Lesezeit\" \/>\n\t<meta name=\"twitter:data1\" content=\"5\u00a0Minuten\" \/>\n<script type=\"application\/ld+json\" class=\"yoast-schema-graph\">{\"@context\":\"https:\\\/\\\/schema.org\",\"@graph\":[{\"@type\":\"WebPage\",\"@id\":\"https:\\\/\\\/www.bodynamic.com\\\/de\\\/training\\\/basis-training\\\/\",\"url\":\"https:\\\/\\\/www.bodynamic.com\\\/de\\\/training\\\/basis-training\\\/\",\"name\":\"Basis Training - Bodynamic International\",\"isPartOf\":{\"@id\":\"https:\\\/\\\/www.bodynamic.com\\\/de\\\/#website\"},\"datePublished\":\"2021-06-22T11:09:27+00:00\",\"dateModified\":\"2021-06-22T11:19:23+00:00\",\"breadcrumb\":{\"@id\":\"https:\\\/\\\/www.bodynamic.com\\\/de\\\/training\\\/basis-training\\\/#breadcrumb\"},\"inLanguage\":\"de\",\"potentialAction\":[{\"@type\":\"ReadAction\",\"target\":[\"https:\\\/\\\/www.bodynamic.com\\\/de\\\/training\\\/basis-training\\\/\"]}]},{\"@type\":\"BreadcrumbList\",\"@id\":\"https:\\\/\\\/www.bodynamic.com\\\/de\\\/training\\\/basis-training\\\/#breadcrumb\",\"itemListElement\":[{\"@type\":\"ListItem\",\"position\":1,\"name\":\"Home\",\"item\":\"https:\\\/\\\/www.bodynamic.com\\\/de\\\/\"},{\"@type\":\"ListItem\",\"position\":2,\"name\":\"Training\",\"item\":\"https:\\\/\\\/www.bodynamic.com\\\/de\\\/training\\\/\"},{\"@type\":\"ListItem\",\"position\":3,\"name\":\"Basis Training\"}]},{\"@type\":\"WebSite\",\"@id\":\"https:\\\/\\\/www.bodynamic.com\\\/de\\\/#website\",\"url\":\"https:\\\/\\\/www.bodynamic.com\\\/de\\\/\",\"name\":\"Bodynamic International\",\"description\":\"Somatic Developmental Psychology\",\"potentialAction\":[{\"@type\":\"SearchAction\",\"target\":{\"@type\":\"EntryPoint\",\"urlTemplate\":\"https:\\\/\\\/www.bodynamic.com\\\/de\\\/?s={search_term_string}\"},\"query-input\":{\"@type\":\"PropertyValueSpecification\",\"valueRequired\":true,\"valueName\":\"search_term_string\"}}],\"inLanguage\":\"de\"}]}<\/script>\n<!-- \/ Yoast SEO plugin. -->","yoast_head_json":{"title":"Basis Training - Bodynamic International","robots":{"index":"index","follow":"follow","max-snippet":"max-snippet:-1","max-image-preview":"max-image-preview:large","max-video-preview":"max-video-preview:-1"},"canonical":"https:\/\/www.bodynamic.com\/de\/training\/basis-training\/","og_locale":"de_DE","og_type":"article","og_title":"Basis Training - Bodynamic International","og_url":"https:\/\/www.bodynamic.com\/de\/training\/basis-training\/","og_site_name":"Bodynamic International","article_publisher":"https:\/\/www.facebook.com\/BodynamicInternational","article_modified_time":"2021-06-22T11:19:23+00:00","twitter_card":"summary_large_image","twitter_misc":{"Gesch\u00e4tzte Lesezeit":"5\u00a0Minuten"},"schema":{"@context":"https:\/\/schema.org","@graph":[{"@type":"WebPage","@id":"https:\/\/www.bodynamic.com\/de\/training\/basis-training\/","url":"https:\/\/www.bodynamic.com\/de\/training\/basis-training\/","name":"Basis Training - Bodynamic International","isPartOf":{"@id":"https:\/\/www.bodynamic.com\/de\/#website"},"datePublished":"2021-06-22T11:09:27+00:00","dateModified":"2021-06-22T11:19:23+00:00","breadcrumb":{"@id":"https:\/\/www.bodynamic.com\/de\/training\/basis-training\/#breadcrumb"},"inLanguage":"de","potentialAction":[{"@type":"ReadAction","target":["https:\/\/www.bodynamic.com\/de\/training\/basis-training\/"]}]},{"@type":"BreadcrumbList","@id":"https:\/\/www.bodynamic.com\/de\/training\/basis-training\/#breadcrumb","itemListElement":[{"@type":"ListItem","position":1,"name":"Home","item":"https:\/\/www.bodynamic.com\/de\/"},{"@type":"ListItem","position":2,"name":"Training","item":"https:\/\/www.bodynamic.com\/de\/training\/"},{"@type":"ListItem","position":3,"name":"Basis Training"}]},{"@type":"WebSite","@id":"https:\/\/www.bodynamic.com\/de\/#website","url":"https:\/\/www.bodynamic.com\/de\/","name":"Bodynamic International","description":"Somatic Developmental Psychology","potentialAction":[{"@type":"SearchAction","target":{"@type":"EntryPoint","urlTemplate":"https:\/\/www.bodynamic.com\/de\/?s={search_term_string}"},"query-input":{"@type":"PropertyValueSpecification","valueRequired":true,"valueName":"search_term_string"}}],"inLanguage":"de"}]}},"_links":{"self":[{"href":"https:\/\/www.bodynamic.com\/de\/wp-json\/wp\/v2\/pages\/14554","targetHints":{"allow":["GET"]}}],"collection":[{"href":"https:\/\/www.bodynamic.com\/de\/wp-json\/wp\/v2\/pages"}],"about":[{"href":"https:\/\/www.bodynamic.com\/de\/wp-json\/wp\/v2\/types\/page"}],"author":[{"embeddable":true,"href":"https:\/\/www.bodynamic.com\/de\/wp-json\/wp\/v2\/users\/1"}],"replies":[{"embeddable":true,"href":"https:\/\/www.bodynamic.com\/de\/wp-json\/wp\/v2\/comments?post=14554"}],"version-history":[{"count":14,"href":"https:\/\/www.bodynamic.com\/de\/wp-json\/wp\/v2\/pages\/14554\/revisions"}],"predecessor-version":[{"id":14568,"href":"https:\/\/www.bodynamic.com\/de\/wp-json\/wp\/v2\/pages\/14554\/revisions\/14568"}],"up":[{"embeddable":true,"href":"https:\/\/www.bodynamic.com\/de\/wp-json\/wp\/v2\/pages\/12220"}],"wp:attachment":[{"href":"https:\/\/www.bodynamic.com\/de\/wp-json\/wp\/v2\/media?parent=14554"}],"curies":[{"name":"wp","href":"https:\/\/api.w.org\/{rel}","templated":true}]}}