{"id":14548,"date":"2021-06-22T10:20:44","date_gmt":"2021-06-22T10:20:44","guid":{"rendered":"https:\/\/www.bodynamic.com\/training\/workshops\/"},"modified":"2021-06-22T10:20:47","modified_gmt":"2021-06-22T10:20:47","slug":"workshops","status":"publish","type":"page","link":"https:\/\/www.bodynamic.com\/de\/training\/workshops\/","title":{"rendered":"Workshops"},"content":{"rendered":"<p><div class=\"fusion-fullwidth fullwidth-box fusion-builder-row-1 fusion-parallax-none nonhundred-percent-fullwidth non-hundred-percent-height-scrolling\" style=\"--awb-border-radius-top-left:0px;--awb-border-radius-top-right:0px;--awb-border-radius-bottom-right:0px;--awb-border-radius-bottom-left:0px;--awb-background-image:url(&quot;https:\/\/www.bodynamic.com\/wp-content\/uploads\/2017\/10\/shutterstock_217119214-1024x430.jpg&quot;);--awb-background-size:cover;--awb-flex-wrap:wrap;\" ><div class=\"fusion-builder-row fusion-row\"><div class=\"fusion-layout-column fusion_builder_column fusion-builder-column-0 fusion_builder_column_1_1 1_1 fusion-one-full fusion-column-first fusion-column-last\" style=\"--awb-bg-size:cover;\"><div class=\"fusion-column-wrapper fusion-flex-column-wrapper-legacy\"><div class=\"fusion-sep-clear\"><\/div><div class=\"fusion-separator fusion-full-width-sep\" style=\"margin-left: auto;margin-right: auto;margin-top:150px;margin-bottom:150px;width:100%;\"><\/div><div class=\"fusion-sep-clear\"><\/div><div class=\"fusion-clearfix\"><\/div><\/div><\/div><\/div><\/div><div class=\"fusion-fullwidth fullwidth-box fusion-builder-row-2 nonhundred-percent-fullwidth non-hundred-percent-height-scrolling\" style=\"--awb-border-radius-top-left:0px;--awb-border-radius-top-right:0px;--awb-border-radius-bottom-right:0px;--awb-border-radius-bottom-left:0px;--awb-margin-top:30px;--awb-flex-wrap:wrap;\" ><div class=\"fusion-builder-row fusion-row\"><div class=\"fusion-layout-column fusion_builder_column fusion-builder-column-1 fusion_builder_column_1_1 1_1 fusion-one-full fusion-column-first fusion-column-last\" style=\"--awb-bg-size:cover;\"><div class=\"fusion-column-wrapper fusion-flex-column-wrapper-legacy\"><div class=\"fusion-text fusion-text-1\"><h2 style=\"text-align: center\"><strong>Workshops<\/strong><\/h2>\n<p>In der Vergangenheit gab es schon zahlreiche Workshops und es werden kontinuierlich neue Workshops zu unterschiedlichen Themen entwickelt. Diese Seite dient dazu, dass Sie sich einen \u00dcberblick verschaffen k\u00f6nnen, zu welchen Themen Workshops in der Vergangenheit angeboten wurden. Einige von Ihnen werden vermutlich auch zuk\u00fcnftig erneut angeboten werden. Schauen Sie von Zeit zu Zeit ganz unten auf unserer Trainings-Hauptseite, um eine aktuelle Liste von Workshop-Angeboten einzusehen.<\/p>\n<\/div><div class=\"fusion-clearfix\"><\/div><\/div><\/div><div class=\"fusion-layout-column fusion_builder_column fusion-builder-column-2 fusion_builder_column_2_3 2_3 fusion-two-third fusion-column-first\" style=\"--awb-bg-size:cover;width:66.666666666667%;width:calc(66.666666666667% - ( ( 4% ) * 0.66666666666667 ) );margin-right: 4%;\"><div class=\"fusion-column-wrapper fusion-flex-column-wrapper-legacy\"><div class=\"fusion-text fusion-text-2\"><h2><strong>Archetypen<\/strong><\/h2>\n<ul>\n<li>Wie schaffen Sie im Bezug auf andere und die Welt eine archetypische Pers\u00f6nlichkeit?<\/li>\n<li>Was Sie anderen zeigen und was Andere sehen, kann unterschiedlich sein.<\/li>\n<li>Welche Kernentscheidungen sch\u00fctzen Sie und lassen dies wichtiger werden als in Kontakt zu sein und sich verbunden zu f\u00fchlen?<\/li>\n<li>Wie sch\u00fctzen Sie diese inneren Kernentscheidungen und wie finden Sie eine T\u00fcre, die zu diesem tiefen Platz in Ihnen f\u00fchrt?<\/li>\n<\/ul>\n<p>Kernentscheidungen sind wie eine Art Brankmarke tief in unseren System. Sie liegen nicht nur in unserem Kodierungssystem, sondern sind tiefe Abdr\u00fccke in uns. Beides, die innere Abbildungen und die inneren W\u00fcnsche sind Illusionen und bringen uns konstant aus unserer Balance. Wie k\u00f6nnen wir also beginnen den Weg hier raus zu finden ohne von Himmel oder H\u00f6lle verf\u00fchrt zu werden, sondern mehr die Balance zu leben. Dies nicht in unschuldiger und ignoranter Art und Weise, sondern mit mehr Weisheit und Hingabe.<\/p>\n<p>In diesen beiden Seminaren, die jeweils 4 Tage dauern, werden wir mit den \u00e4u\u00dferen und inneren Pers\u00f6nlichkeits Archetypen arbeiten, die wir durch all unsere Ich-Stadien hinaus entwickeln. Wir reisen und finden zu ein oder mehreren unserer Kernentscheidungen und zu unseren Illusionen, um \u00fcber uns hinaus zu wachsen. Dies machen wir mit K\u00f6rper\u00fcbungen, kognitiver Arbeit und Gruppenarbeit.<\/p>\n<\/div><div class=\"fusion-clearfix\"><\/div><\/div><\/div><div class=\"fusion-layout-column fusion_builder_column fusion-builder-column-3 fusion_builder_column_1_3 1_3 fusion-one-third fusion-column-last\" style=\"--awb-bg-size:cover;width:33.333333333333%;width:calc(33.333333333333% - ( ( 4% ) * 0.33333333333333 ) );\"><div class=\"fusion-column-wrapper fusion-flex-column-wrapper-legacy\"><div class=\"fusion-clearfix\"><\/div><\/div><\/div><div class=\"fusion-layout-column fusion_builder_column fusion-builder-column-4 fusion_builder_column_1_3 1_3 fusion-one-third fusion-column-first\" style=\"--awb-bg-size:cover;width:33.333333333333%;width:calc(33.333333333333% - ( ( 4% ) * 0.33333333333333 ) );margin-right: 4%;\"><div class=\"fusion-column-wrapper fusion-flex-column-wrapper-legacy\"><div class=\"fusion-clearfix\"><\/div><\/div><\/div><div class=\"fusion-layout-column fusion_builder_column fusion-builder-column-5 fusion_builder_column_2_3 2_3 fusion-two-third fusion-column-last\" style=\"--awb-bg-size:cover;width:66.666666666667%;width:calc(66.666666666667% - ( ( 4% ) * 0.66666666666667 ) );\"><div class=\"fusion-column-wrapper fusion-flex-column-wrapper-legacy\"><div class=\"fusion-text fusion-text-3\"><h2><strong>Zentrierung &#8211; Grenzen &#8211; Erdung<\/strong><\/h2>\n<p>In mehreren Jahrzehnten der Forschung sind innerhalb der Bodynamic Analyse elf Kategorien psychologischer Funktionen entstanden, welche wir auch als Ich-Fertigkeiten bezeichnen. Jeder Muskel des K\u00f6rpers, sowie Muskelgruppen, die mit Muskeln in Zusammenhang stehen, verk\u00f6rpern einen hoch spezifischen psychologischen Inhalt und sind mit einer Ich-Fertigkeit verbunden, und manchmal sogar mit mehr als einer.<\/p>\n<p>Die Antwortreaktion, die ein Therapeut durch Palpitieren eines bestimmten Muskels beobachten kann, gibt ihm Informationen \u00fcber die Charakterstrukturen des Klienten und respektive \u00fcber das Entwicklungsstadium in der Kindheit. Diese beiden Schichten von Informationen lassen sich kombinieren und bieten so ein wertvolles neues kognitives Verst\u00e4ndnis, das f\u00fcr den therapeutischen Prozess von Bedeutung ist, wenn man mit den im Fokus stehenden Muskeln arbeitet.\u00a0 Dies kann in Form direkter &#8222;hands on&#8220; Bewegungen geschehen und hilft psychologische Inhalte eines bestimmten Muskels an die Oberfl\u00e4che zu bringen. Ferner ergibt sich eine Scharr an Zusammenh\u00e4ngen mit spezifischen Charakterstrukturen und Ich-Fertigkeiten.<\/p>\n<p>Kommen Sie und erhalten ein Gesp\u00fcr f\u00fcr und von Bodynamic. Erleben Sie, wie Sie durch das Einbeziehen und Nutzen ihres K\u00f6rpers ihre psychologischen Kapazit\u00e4ten erweitern k\u00f6nnen!<\/p>\n<\/div><div class=\"fusion-clearfix\"><\/div><\/div><\/div><div class=\"fusion-layout-column fusion_builder_column fusion-builder-column-6 fusion_builder_column_2_3 2_3 fusion-two-third fusion-column-first\" style=\"--awb-bg-size:cover;width:66.666666666667%;width:calc(66.666666666667% - ( ( 4% ) * 0.66666666666667 ) );margin-right: 4%;\"><div class=\"fusion-column-wrapper fusion-flex-column-wrapper-legacy\"><div class=\"fusion-text fusion-text-4\"><h2><strong>Grenzen vs. Limit<\/strong><\/h2>\n<p>Nach vielen Jahren der Arbeit mit Klienten und dem Unterrichten in zahlreichen Workshops und Ausbildungen im Bereich der K\u00f6rperpsychotherapie habe ich beobachtet, wie viele Menschen folgende Aussagen t\u00e4tigen: &#8222;Du hast meine Grenzen verletzte.&#8220;, &#8222;Ich kann meine Grenzen nicht halten.&#8220;, &#8222;Die Leute respektieren meine Grenzen nicht.&#8220;, oder &#8222;Niemand sp\u00fcrt meine Grenzen.&#8220;. Allerdings sprechen die meisten Menschen hier gar nicht von ihren Grenzen, sondern von ihrer Fertigkeit oder fehlenden Fertigkeiten, um ihre (Belastungs-) Limits bewusst zu haben, mit ihnen umzugehen und zu verstehen. Die fehlenden M\u00f6glichkeiten mit dem inneren Limit umzugehen erzeugt in dir die Illusion, dass deine Grenzen verletzt wurden, selbst dann, wenn es gar nichts mit deinen Grenzen selbst wirklich zu tun hat. Meiner Erfahrung nach ist dies auch der Grund weshalb Menschen \u00fcber Jahre hinweg an ganz verschiedenen Grenzen arbeiten k\u00f6nnen, ohne dass sie einen durchschlagenen Effekt beobachten und Ver\u00e4nderungen ausbleiben. Stattdessen stellt sich ein Effekt ein die Grenzen zu nutzen, um aus der Verbundenheit heraus zu gehen, anstatt Verbundenheit aufrecht zu erhalten.<\/p>\n<p>Grenzen definieren unseren physischen und pers\u00f6nlichen Raum und eine physische Verletzung dieser macht uns Angst und weder W\u00fcrde noch Verbundenheit haben ihren Raum. Limits hingegeben haben etwas mit unserer Fertigkeit zu tun mit Energien umgehen zu k\u00f6nnen. Dies ist die Ich-Fertigkeit Energiemanagement; das hei\u00dft inwiefern wir in der Lage sind damit umzugehen und die Energie zu handeln, wenn jemand Anderes in uns verschiedene Schichten von Gef\u00fchlen und Empfindungen in unserem K\u00f6rper antriggert und wie gut wir diese je nach aktuellem innerlichen Seinszustand emotional Halten und Containen k\u00f6nnen.<\/p>\n<p>Nehmen wir unser eigenes Limit (wieder) wahr, so k\u00f6nnen wir Pausen einlegen, k\u00f6nnen ein Stop setzen oder k\u00f6rperlich Muskeln aktivieren, die uns unterst\u00fctzen, sodass unsere F\u00e4higkeit in Verbindung zu bleiben ohne in die Illusion zu fallen, dass jemand unsere W\u00fcrde angegriffen h\u00e4tte, oder unsere F\u00e4higkeit f\u00fcr unseren eigenen Raum halten und enorm erweitern.<\/p>\n<p>Dieser zweit\u00e4gige k\u00f6rperlich experimentierende Workshop besch\u00e4ftig sich mit diesen beiden Prinzipien: Limit und Grenzen. Sie werden ein klareres Empfinden und Wissen \u00fcber Ihre eigenen Grenzen und ihre eigenen Limits entwickeln. Sie gewinnen mehr Gewahrsein hierf\u00fcr und st\u00e4rken Ihre Ressourcen. Sie werden merken, wie wichtig es ist zwischen Grenzen und Limits zu unterscheiden, um ein wesentlich erfolgreicheres und durch mehr Wohlbefinden gekennzeichnetes Leben zu gestalten.<\/p>\n<\/div><div class=\"fusion-clearfix\"><\/div><\/div><\/div><div class=\"fusion-layout-column fusion_builder_column fusion-builder-column-7 fusion_builder_column_1_3 1_3 fusion-one-third fusion-column-last\" style=\"--awb-bg-size:cover;width:33.333333333333%;width:calc(33.333333333333% - ( ( 4% ) * 0.33333333333333 ) );\"><div class=\"fusion-column-wrapper fusion-flex-column-wrapper-legacy\"><div class=\"fusion-clearfix\"><\/div><\/div><\/div><div class=\"fusion-layout-column fusion_builder_column fusion-builder-column-8 fusion_builder_column_1_3 1_3 fusion-one-third fusion-column-first\" style=\"--awb-bg-size:cover;width:33.333333333333%;width:calc(33.333333333333% - ( ( 4% ) * 0.33333333333333 ) );margin-right: 4%;\"><div class=\"fusion-column-wrapper fusion-flex-column-wrapper-legacy\"><div class=\"fusion-clearfix\"><\/div><\/div><\/div><div class=\"fusion-layout-column fusion_builder_column fusion-builder-column-9 fusion_builder_column_2_3 2_3 fusion-two-third fusion-column-last\" style=\"--awb-bg-size:cover;width:66.666666666667%;width:calc(66.666666666667% - ( ( 4% ) * 0.66666666666667 ) );\"><div class=\"fusion-column-wrapper fusion-flex-column-wrapper-legacy\"><div class=\"fusion-text fusion-text-5\"><h2><strong>Der Tanz zwischen wechselseitiger Verbundenheit &amp; W\u00fcrde<\/strong><\/h2>\n<p>Die Grundannahme des Bodynamic Systems ist es, dass der Mensch ein soziales Wesen ist und durch den Trieb nach Kontakt und Verbundenheit mit Anderen &#8211; ohne dabei\u00a0 seinen Stolz und W\u00fcrde einzub\u00fc\u00dfen &#8211; angetrieben wird. Diesen Trieb hat Lisbeth Marcher Wechselseitige Verbundenheit benannt.<\/p>\n<p>So wie ich Wechselseitige Verbundenheit aufrechterhalten oder abbrechen kann, kann ich auch meine individuelle W\u00fcrde aufrechterhalten oder aufgeben. Um meine individuelle W\u00fcrde in der Interaktion mit Anderen aufrechtzuerhalten, setzt es voraus, dass ich meine eigene Art des Seins respektiere, sodass meine Art zu f\u00fchlen und meine Handlung konsistent sind mit meinem authentischen Selbst &#8211; meine aktuellen Bed\u00fcrfnisse, meine Impulse, meine Leistung, meine W\u00fcnsche, meine Sichtweisen.<\/p>\n<p>Warum w\u00fcrde eine Person die Verbindung auf Kosten der eigenen W\u00fcrde aufgeben? &#8211; Um mit einer Person oder einer Situation in Kontakt zu bleiben, die er\/sie nicht wirklich tolerieren kann, weil das Aufgeben der Verbindung noch be\u00e4ngstigender w\u00e4re und die Aufgabe der W\u00fcrde hier den beiden grunds\u00e4tzlich nicht erw\u00fcnschten Optionen vorgezogen wird. Und umgekehrt musste nahezu jeder Mensch sich an einem gewissen Punkt von Kontakt zur\u00fcckziehen, die zu herausfordernd war, um in der Lage zu sein seine eigene W\u00fcrde aufrechtzuerhalten. Dies beschreibt das andere Extrem menschlicher Umst\u00e4nde, die wir regelm\u00e4\u00dfig beobachten: Keine wechselseitige Verbundenheit, doch viel individuelle W\u00fcrde und vollkommende Einsamkeit.<\/p>\n<p>Kommen Sie und sp\u00fcren Sie ihre Erfahrungen von wechselseitiger Verbundenheit und W\u00fcrde in ihrem eigenen Leben und lernen Sie neue Fertigkeiten um diese in Balance zu leben.<\/p>\n<\/div><div class=\"fusion-clearfix\"><\/div><\/div><\/div><div class=\"fusion-layout-column fusion_builder_column fusion-builder-column-10 fusion_builder_column_2_3 2_3 fusion-two-third fusion-column-first\" style=\"--awb-bg-size:cover;width:66.666666666667%;width:calc(66.666666666667% - ( ( 4% ) * 0.66666666666667 ) );margin-right: 4%;\"><div class=\"fusion-column-wrapper fusion-flex-column-wrapper-legacy\"><div class=\"fusion-text fusion-text-6\"><h2><strong>Arbeite mit der eigenen (Seelen-)gr\u00f6\u00dfe<\/strong><\/h2>\n<p>&#8222;Unsere tiefste Angst, ist es nicht, das wir unangemessen sind. Unsere tiefste Angst ist, dass wir kraftvoll jenseits des messbaren sind. Es ist unser Licht, und nicht unsere Dunkelheit, die uns am meisten \u00e4ngstigt. Wir fragen uns selbst, wer bin ich denn, hervorragend, umwerfend, talentiert, und fabelhaft zu sein? Tats\u00e4chlich, wer bist du, es nicht zu sein? Du bist ein Kind Gottes. Wenn du dich klein machst, dient dies der Welt nicht. Es gibt nichts Erleuchtendes im sich Kleinmachen, au\u00dfer, dass sich andere neben dir nicht unsicher f\u00fchlen w\u00fcrden. Wir sind alle dazu bestimmt so zu gl\u00e4nzen und zu strahlen, wie es Kinder machen. Wir sind geboren um die Herrlichkeit Gottes in uns zu manifestieren. Diese ist nicht nur in manchen von uns, sie ist in uns allen. Und wenn wir unser eigenes Licht scheinen lassen, dann geben wir unbewusst anderen Menschen die Erlaubnis das Gleiche zu tun. Befreit von unserer eigenen Angst, befreit unsere Pr\u00e4senz nahezu automatisch auch Andere.&#8220; (Marianne Williamson, <em>hier<\/em> \u00fcbersetzt aus dem Englisch ins Deutsche).<\/p>\n<p>Als Marianne Williamson dies niederschrieb, ahnte sich noch nicht, dass die Neurowissenschaften sie eines Tages als v\u00f6llig zutreffen best\u00e4tigen werden.<\/p>\n<p>Dieser zweit\u00e4gige Workshop widmet sich der Arbeit mit deiner eigenen Gr\u00f6\u00dfe. Wir werden in Verbindung, mit W\u00fcrde, mit unserem K\u00f6rper und Herausforderung unserer kognitiven Fertigkeiten und unserer Angst g\u00f6ttlich zu sein, arbeiten.<\/p>\n<p>&nbsp;<\/p>\n<\/div><div class=\"fusion-clearfix\"><\/div><\/div><\/div><div class=\"fusion-layout-column fusion_builder_column fusion-builder-column-11 fusion_builder_column_1_3 1_3 fusion-one-third fusion-column-last\" style=\"--awb-bg-size:cover;width:33.333333333333%;width:calc(33.333333333333% - ( ( 4% ) * 0.33333333333333 ) );\"><div class=\"fusion-column-wrapper fusion-flex-column-wrapper-legacy\"><div class=\"fusion-clearfix\"><\/div><\/div><\/div><div class=\"fusion-layout-column fusion_builder_column fusion-builder-column-12 fusion_builder_column_1_3 1_3 fusion-one-third fusion-column-first\" style=\"--awb-bg-size:cover;width:33.333333333333%;width:calc(33.333333333333% - ( ( 4% ) * 0.33333333333333 ) );margin-right: 4%;\"><div class=\"fusion-column-wrapper fusion-flex-column-wrapper-legacy\"><div class=\"fusion-clearfix\"><\/div><\/div><\/div><div class=\"fusion-layout-column fusion_builder_column fusion-builder-column-13 fusion_builder_column_2_3 2_3 fusion-two-third fusion-column-last\" style=\"--awb-bg-size:cover;width:66.666666666667%;width:calc(66.666666666667% - ( ( 4% ) * 0.66666666666667 ) );\"><div class=\"fusion-column-wrapper fusion-flex-column-wrapper-legacy\"><div class=\"fusion-text fusion-text-7\"><h2>Mehr Zugang zur eigenen Kraft in herausfordernden Zeiten<\/h2>\n<p>Wie du den Mittelweg findest, deine Schuld durch freie Wahlm\u00f6glichkeiten ersetzt, deine Richtung beibehalten und Ziele erreichen kannst.<\/p>\n<p>Bekomme mehr Zugang zu deiner Kraft, sodass du diese w\u00e4hrend herausfordernder Zeiten ausdr\u00fccken und nutzen kannst.<\/p>\n<p>In diesem viert\u00e4gigen Workshop werden wir mit den unterschiedlichen Schichten unserer Willensstruktur arbeiten. Der Workshop besteht aus Arbeit mit unserem K\u00f6rper, unserem Verstand, der eigenen Verbundenheit und W\u00fcrde sowie live Demos, die als Beispiele dienen werden.<\/p>\n<\/div><div class=\"fusion-clearfix\"><\/div><\/div><\/div><div class=\"fusion-layout-column fusion_builder_column fusion-builder-column-14 fusion_builder_column_2_3 2_3 fusion-two-third fusion-column-first\" style=\"--awb-bg-size:cover;width:66.666666666667%;width:calc(66.666666666667% - ( ( 4% ) * 0.66666666666667 ) );margin-right: 4%;\"><div class=\"fusion-column-wrapper fusion-flex-column-wrapper-legacy\"><div class=\"fusion-text fusion-text-8\"><h2><strong>Hoffnung vs. Hoffnungslosigkeit &#8211; Wunder der Hoffnung und das Zerst\u00f6rerische in der Hoffnungslosigkeit<\/strong><\/h2>\n<p>In diesem Training werden die sogenannten Schichten von Gef\u00fchlen, welche mit Hoffnung und Hoffnungslosigkeit in Zusammenhang stehen gelehrt. Ferner geht es darum, wie wir durch den K\u00f6rper hindurch uns von Hoffnungslosigkeit hin zur Hoffnung bewegen k\u00f6nnen. Und wie wir von Tr\u00e4umen zur Realit\u00e4t, und so zu demjenigen werden k\u00f6nnen, der\/ die wir sind anstatt vor uns selbst davon zu laufen.<\/p>\n<p>Dieser Workshop besteht aus Vorlesungen, \u00dcbungen und Gruppenarbeit.<\/p>\n<\/div><div class=\"fusion-clearfix\"><\/div><\/div><\/div><div class=\"fusion-layout-column fusion_builder_column fusion-builder-column-15 fusion_builder_column_1_3 1_3 fusion-one-third fusion-column-last\" style=\"--awb-bg-size:cover;width:33.333333333333%;width:calc(33.333333333333% - ( ( 4% ) * 0.33333333333333 ) );\"><div class=\"fusion-column-wrapper fusion-flex-column-wrapper-legacy\"><div class=\"fusion-clearfix\"><\/div><\/div><\/div><\/div><\/div><div class=\"fusion-fullwidth fullwidth-box fusion-builder-row-3 nonhundred-percent-fullwidth non-hundred-percent-height-scrolling\" style=\"--awb-border-radius-top-left:0px;--awb-border-radius-top-right:0px;--awb-border-radius-bottom-right:0px;--awb-border-radius-bottom-left:0px;--awb-margin-top:25px;--awb-flex-wrap:wrap;\" ><div class=\"fusion-builder-row fusion-row\"><div class=\"fusion-layout-column fusion_builder_column fusion-builder-column-16 fusion_builder_column_1_1 1_1 fusion-one-full fusion-column-first fusion-column-last\" style=\"--awb-bg-size:cover;\"><div class=\"fusion-column-wrapper fusion-flex-column-wrapper-legacy\"><div class=\"fusion-aligncenter\"><a class=\"fusion-button button-flat button-large button-default fusion-button-default button-1 fusion-button-default-span fusion-button-default-type\" target=\"_self\" href=\"https:\/\/www.bodynamic.com\/de\/training\/\"><i class=\" fa fa-reply awb-button__icon awb-button__icon--default button-icon-left\" aria-hidden=\"true\"><\/i><span class=\"fusion-button-text awb-button__text awb-button__text--default\">Zur\u00fcck zur Training-Hauptseite<\/span><\/a><\/div><div class=\"fusion-clearfix\"><\/div><\/div><\/div><\/div><\/div><\/p>\n","protected":false},"excerpt":{"rendered":"","protected":false},"author":1,"featured_media":0,"parent":12220,"menu_order":0,"comment_status":"closed","ping_status":"closed","template":"100-width.php","meta":{"footnotes":""},"class_list":["post-14548","page","type-page","status-publish","hentry"],"yoast_head":"<!-- This site is optimized with the Yoast SEO plugin v27.4 - https:\/\/yoast.com\/product\/yoast-seo-wordpress\/ -->\n<title>Workshops - Bodynamic International<\/title>\n<meta name=\"robots\" content=\"index, follow, max-snippet:-1, max-image-preview:large, max-video-preview:-1\" \/>\n<link rel=\"canonical\" href=\"https:\/\/www.bodynamic.com\/de\/training\/workshops\/\" \/>\n<meta property=\"og:locale\" content=\"de_DE\" \/>\n<meta property=\"og:type\" content=\"article\" \/>\n<meta property=\"og:title\" content=\"Workshops - Bodynamic International\" \/>\n<meta property=\"og:url\" content=\"https:\/\/www.bodynamic.com\/de\/training\/workshops\/\" \/>\n<meta property=\"og:site_name\" content=\"Bodynamic International\" \/>\n<meta property=\"article:publisher\" content=\"https:\/\/www.facebook.com\/BodynamicInternational\" \/>\n<meta property=\"article:modified_time\" content=\"2021-06-22T10:20:47+00:00\" \/>\n<meta name=\"twitter:card\" content=\"summary_large_image\" \/>\n<meta name=\"twitter:label1\" content=\"Gesch\u00e4tzte Lesezeit\" \/>\n\t<meta name=\"twitter:data1\" content=\"16\u00a0Minuten\" \/>\n<script type=\"application\/ld+json\" class=\"yoast-schema-graph\">{\"@context\":\"https:\\\/\\\/schema.org\",\"@graph\":[{\"@type\":\"WebPage\",\"@id\":\"https:\\\/\\\/www.bodynamic.com\\\/de\\\/training\\\/workshops\\\/\",\"url\":\"https:\\\/\\\/www.bodynamic.com\\\/de\\\/training\\\/workshops\\\/\",\"name\":\"Workshops - Bodynamic International\",\"isPartOf\":{\"@id\":\"https:\\\/\\\/www.bodynamic.com\\\/de\\\/#website\"},\"datePublished\":\"2021-06-22T10:20:44+00:00\",\"dateModified\":\"2021-06-22T10:20:47+00:00\",\"breadcrumb\":{\"@id\":\"https:\\\/\\\/www.bodynamic.com\\\/de\\\/training\\\/workshops\\\/#breadcrumb\"},\"inLanguage\":\"de\",\"potentialAction\":[{\"@type\":\"ReadAction\",\"target\":[\"https:\\\/\\\/www.bodynamic.com\\\/de\\\/training\\\/workshops\\\/\"]}]},{\"@type\":\"BreadcrumbList\",\"@id\":\"https:\\\/\\\/www.bodynamic.com\\\/de\\\/training\\\/workshops\\\/#breadcrumb\",\"itemListElement\":[{\"@type\":\"ListItem\",\"position\":1,\"name\":\"Home\",\"item\":\"https:\\\/\\\/www.bodynamic.com\\\/de\\\/\"},{\"@type\":\"ListItem\",\"position\":2,\"name\":\"Training\",\"item\":\"https:\\\/\\\/www.bodynamic.com\\\/de\\\/training\\\/\"},{\"@type\":\"ListItem\",\"position\":3,\"name\":\"Workshops\"}]},{\"@type\":\"WebSite\",\"@id\":\"https:\\\/\\\/www.bodynamic.com\\\/de\\\/#website\",\"url\":\"https:\\\/\\\/www.bodynamic.com\\\/de\\\/\",\"name\":\"Bodynamic International\",\"description\":\"Somatic Developmental Psychology\",\"potentialAction\":[{\"@type\":\"SearchAction\",\"target\":{\"@type\":\"EntryPoint\",\"urlTemplate\":\"https:\\\/\\\/www.bodynamic.com\\\/de\\\/?s={search_term_string}\"},\"query-input\":{\"@type\":\"PropertyValueSpecification\",\"valueRequired\":true,\"valueName\":\"search_term_string\"}}],\"inLanguage\":\"de\"}]}<\/script>\n<!-- \/ Yoast SEO plugin. -->","yoast_head_json":{"title":"Workshops - Bodynamic International","robots":{"index":"index","follow":"follow","max-snippet":"max-snippet:-1","max-image-preview":"max-image-preview:large","max-video-preview":"max-video-preview:-1"},"canonical":"https:\/\/www.bodynamic.com\/de\/training\/workshops\/","og_locale":"de_DE","og_type":"article","og_title":"Workshops - Bodynamic International","og_url":"https:\/\/www.bodynamic.com\/de\/training\/workshops\/","og_site_name":"Bodynamic International","article_publisher":"https:\/\/www.facebook.com\/BodynamicInternational","article_modified_time":"2021-06-22T10:20:47+00:00","twitter_card":"summary_large_image","twitter_misc":{"Gesch\u00e4tzte Lesezeit":"16\u00a0Minuten"},"schema":{"@context":"https:\/\/schema.org","@graph":[{"@type":"WebPage","@id":"https:\/\/www.bodynamic.com\/de\/training\/workshops\/","url":"https:\/\/www.bodynamic.com\/de\/training\/workshops\/","name":"Workshops - Bodynamic International","isPartOf":{"@id":"https:\/\/www.bodynamic.com\/de\/#website"},"datePublished":"2021-06-22T10:20:44+00:00","dateModified":"2021-06-22T10:20:47+00:00","breadcrumb":{"@id":"https:\/\/www.bodynamic.com\/de\/training\/workshops\/#breadcrumb"},"inLanguage":"de","potentialAction":[{"@type":"ReadAction","target":["https:\/\/www.bodynamic.com\/de\/training\/workshops\/"]}]},{"@type":"BreadcrumbList","@id":"https:\/\/www.bodynamic.com\/de\/training\/workshops\/#breadcrumb","itemListElement":[{"@type":"ListItem","position":1,"name":"Home","item":"https:\/\/www.bodynamic.com\/de\/"},{"@type":"ListItem","position":2,"name":"Training","item":"https:\/\/www.bodynamic.com\/de\/training\/"},{"@type":"ListItem","position":3,"name":"Workshops"}]},{"@type":"WebSite","@id":"https:\/\/www.bodynamic.com\/de\/#website","url":"https:\/\/www.bodynamic.com\/de\/","name":"Bodynamic International","description":"Somatic Developmental Psychology","potentialAction":[{"@type":"SearchAction","target":{"@type":"EntryPoint","urlTemplate":"https:\/\/www.bodynamic.com\/de\/?s={search_term_string}"},"query-input":{"@type":"PropertyValueSpecification","valueRequired":true,"valueName":"search_term_string"}}],"inLanguage":"de"}]}},"_links":{"self":[{"href":"https:\/\/www.bodynamic.com\/de\/wp-json\/wp\/v2\/pages\/14548","targetHints":{"allow":["GET"]}}],"collection":[{"href":"https:\/\/www.bodynamic.com\/de\/wp-json\/wp\/v2\/pages"}],"about":[{"href":"https:\/\/www.bodynamic.com\/de\/wp-json\/wp\/v2\/types\/page"}],"author":[{"embeddable":true,"href":"https:\/\/www.bodynamic.com\/de\/wp-json\/wp\/v2\/users\/1"}],"replies":[{"embeddable":true,"href":"https:\/\/www.bodynamic.com\/de\/wp-json\/wp\/v2\/comments?post=14548"}],"version-history":[{"count":5,"href":"https:\/\/www.bodynamic.com\/de\/wp-json\/wp\/v2\/pages\/14548\/revisions"}],"predecessor-version":[{"id":14553,"href":"https:\/\/www.bodynamic.com\/de\/wp-json\/wp\/v2\/pages\/14548\/revisions\/14553"}],"up":[{"embeddable":true,"href":"https:\/\/www.bodynamic.com\/de\/wp-json\/wp\/v2\/pages\/12220"}],"wp:attachment":[{"href":"https:\/\/www.bodynamic.com\/de\/wp-json\/wp\/v2\/media?parent=14548"}],"curies":[{"name":"wp","href":"https:\/\/api.w.org\/{rel}","templated":true}]}}