{"id":14542,"date":"2021-06-22T09:18:06","date_gmt":"2021-06-22T09:18:06","guid":{"rendered":"https:\/\/www.bodynamic.com\/training\/meisterkurse\/"},"modified":"2021-06-29T13:44:29","modified_gmt":"2021-06-29T13:44:29","slug":"meisterkurse","status":"publish","type":"page","link":"https:\/\/www.bodynamic.com\/de\/training\/meisterkurse\/","title":{"rendered":"Meisterkurse"},"content":{"rendered":"<p><div class=\"fusion-fullwidth fullwidth-box fusion-builder-row-1 fusion-parallax-none nonhundred-percent-fullwidth non-hundred-percent-height-scrolling\" style=\"--awb-border-radius-top-left:0px;--awb-border-radius-top-right:0px;--awb-border-radius-bottom-right:0px;--awb-border-radius-bottom-left:0px;--awb-background-image:url(&quot;https:\/\/www.bodynamic.com\/wp-content\/uploads\/2017\/10\/shutterstock_217119214-1024x430.jpg&quot;);--awb-background-size:cover;--awb-flex-wrap:wrap;\" ><div class=\"fusion-builder-row fusion-row\"><div class=\"fusion-layout-column fusion_builder_column fusion-builder-column-0 fusion_builder_column_1_1 1_1 fusion-one-full fusion-column-first fusion-column-last\" style=\"--awb-bg-size:cover;\"><div class=\"fusion-column-wrapper fusion-flex-column-wrapper-legacy\"><div class=\"fusion-sep-clear\"><\/div><div class=\"fusion-separator fusion-full-width-sep\" style=\"margin-left: auto;margin-right: auto;margin-top:150px;margin-bottom:150px;width:100%;\"><\/div><div class=\"fusion-sep-clear\"><\/div><div class=\"fusion-clearfix\"><\/div><\/div><\/div><\/div><\/div><div class=\"fusion-fullwidth fullwidth-box fusion-builder-row-2 nonhundred-percent-fullwidth non-hundred-percent-height-scrolling\" style=\"--awb-border-radius-top-left:0px;--awb-border-radius-top-right:0px;--awb-border-radius-bottom-right:0px;--awb-border-radius-bottom-left:0px;--awb-margin-top:25px;--awb-flex-wrap:wrap;\" ><div class=\"fusion-builder-row fusion-row\"><div class=\"fusion-layout-column fusion_builder_column fusion-builder-column-1 fusion_builder_column_1_1 1_1 fusion-one-full fusion-column-first fusion-column-last\" style=\"--awb-bg-size:cover;\"><div class=\"fusion-column-wrapper fusion-flex-column-wrapper-legacy\"><div class=\"fusion-text fusion-text-1\"><h2 style=\"text-align: center;\"><strong>Spezialisierungskurse<\/strong><\/h2>\n<\/div><div class=\"fusion-clearfix\"><\/div><\/div><\/div><div class=\"fusion-layout-column fusion_builder_column fusion-builder-column-2 fusion_builder_column_2_3 2_3 fusion-two-third fusion-column-first\" style=\"--awb-bg-size:cover;width:66.666666666667%;width:calc(66.666666666667% - ( ( 4% ) * 0.66666666666667 ) );margin-right: 4%;\"><div class=\"fusion-column-wrapper fusion-flex-column-wrapper-legacy\"><div class=\"fusion-text fusion-text-2\"><h2><strong>1. Vollst\u00e4ndige Bodymap &#8211; Verlinkung zur <a href=\"https:\/\/www.bodynamic.com\/training\/master-classes\/full-body-map-2019-2020\/\">Ausbildung im Jahr 2021<\/a><br \/>\n<\/strong><\/h2>\n<p>Dauer: 4 x 4 Tage (max. 16) oder 3 x 5 Tage + 1 x 4 Tage Exam (max. 20)<br \/>\nVorrausetzung: Sie k\u00f6nnen an dieser Ausbildung dann teilnehmen, wenn Sie die Pr\u00fcfungen des Practitioner Trainings bestanden haben und wenn Sie im Schreibprozess Ihrer Abschlussarbeit sind und sich in fortlaufender Bodynamic Lehrtherapie und Supervision befinden. Das Training endet mit einer vollst\u00e4ndigen Bodymap als Examenspr\u00fcfung.<\/p>\n<p>Im Practitioner Training lernen die Teilnehmer die 125 Muskeln des K\u00f6rpers und wie man sie finden und lesen kann.<br \/>\nDieser Spezialisierungskurs richtet sich ausschlie\u00dflich an Bodynamic Practitioner. Er ist ein grundlegendes Training f\u00fcr Practitioner, die gerne Bodynamic Analytiker werden m\u00f6chten.<\/p>\n<p>Sie lernen, wie sie das einzigartige evidenzbasierte Wissen \u00fcber einen Muskel, Muskelgruppen, Koh\u00e4sionen und Funktionen verstehen k\u00f6nnen. Sie lernen ferner, wie sie die Bodymap in ihrer Arbeit nutzen k\u00f6nnen.<\/p>\n<p>Dar\u00fcber hinaus lernen sie, wie sie mit ihren Klienten regressiv und an sehr fr\u00fchen Themen arbeiten k\u00f6nnen.<\/p>\n<p>Es wird hierdurch m\u00f6glich mit den Klienten strukturierter und langzeitiger arbeiten zu k\u00f6nnen und es \u00f6ffnen sich T\u00fcren zu inneren R\u00e4umen, die noch vor dem Bewusstsein liegen. Die vollst\u00e4ndige Bodymap gibt die M\u00f6glichkeit verborgene und vergessene Ressourcen zu heben. Ein wichtiger Weg in der Arbeit mit Trauma und damit teilweise einhergehendem erlebten Chaos.<\/p>\n<p>Sie lernen, wie Sie dem Klienten mehr Verst\u00e4ndnis von vergessenen Potentialen, Mustern und Reaktionen vermitteln k\u00f6nnen und wie er beobachten kann, wie sich dies \u00fcber die Zeit hinweg ver\u00e4ndert.<\/p>\n<p>Hatten Sie bereits F\u00e4lle, bei denen sie ein besonderes Augenmerk auf die PTBS h\u00e4tten legen sollen?<br \/>\nHatten Sie bereits F\u00e4lle, bei denen sich bei einem scheinbar gut funktionierenden Klienten, dann unter der Oberfl\u00e4che Chaos aufzeigte?<br \/>\nHaben Sie Klienten mit diffusem Stress oder mit spezifischen physiologischen Verletzungen\/ wiederkehrenden, verschiedenen Verletzungen und der ben\u00f6tigt, dass Alternativfertigkeiten herausgebildet werden?<\/p>\n<p>Im Kurs werden die einzelnen Muskeln dargestellt und individuell hinsichtlich ihrer anatomischen Verortung, Bewegung, Funktion und Testung einge\u00fcbt. Ferner lernen die Teilnehmer die Muskelantwort zu sp\u00fcren, zu evaluieren und zu entscheiden, welche Muskelantwort sie wahrnehmen.<\/p>\n<\/div><div class=\"fusion-clearfix\"><\/div><\/div><\/div><div class=\"fusion-layout-column fusion_builder_column fusion-builder-column-3 fusion_builder_column_1_3 1_3 fusion-one-third fusion-column-last\" style=\"--awb-bg-size:cover;width:33.333333333333%;width:calc(33.333333333333% - ( ( 4% ) * 0.33333333333333 ) );\"><div class=\"fusion-column-wrapper fusion-flex-column-wrapper-legacy\"><div class=\"fusion-image-element fusion-image-align-center in-legacy-container\" style=\"text-align:center;--awb-caption-title-font-family:var(--h2_typography-font-family);--awb-caption-title-font-weight:var(--h2_typography-font-weight);--awb-caption-title-font-style:var(--h2_typography-font-style);--awb-caption-title-size:var(--h2_typography-font-size);--awb-caption-title-transform:var(--h2_typography-text-transform);--awb-caption-title-line-height:var(--h2_typography-line-height);--awb-caption-title-letter-spacing:var(--h2_typography-letter-spacing);\"><div class=\"imageframe-align-center\"><span class=\" fusion-imageframe imageframe-none imageframe-1 hover-type-none\"><img fetchpriority=\"high\" fetchpriority=\"high\" decoding=\"async\" width=\"300\" height=\"247\" title=\"bodymap placeholder\" src=\"https:\/\/www.bodynamic.com\/wp-content\/uploads\/2017\/10\/bodymap-placeholder-300x247.png\" alt class=\"img-responsive wp-image-1934\" srcset=\"https:\/\/www.bodynamic.com\/wp-content\/uploads\/2017\/10\/bodymap-placeholder-200x165.png 200w, https:\/\/www.bodynamic.com\/wp-content\/uploads\/2017\/10\/bodymap-placeholder-400x330.png 400w, https:\/\/www.bodynamic.com\/wp-content\/uploads\/2017\/10\/bodymap-placeholder-600x494.png 600w, https:\/\/www.bodynamic.com\/wp-content\/uploads\/2017\/10\/bodymap-placeholder-800x659.png 800w, https:\/\/www.bodynamic.com\/wp-content\/uploads\/2017\/10\/bodymap-placeholder.png 915w\" sizes=\"(max-width: 800px) 100vw, 400px\" \/><\/span><\/div><\/div><div class=\"fusion-clearfix\"><\/div><\/div><\/div><div class=\"fusion-layout-column fusion_builder_column fusion-builder-column-4 fusion_builder_column_1_3 1_3 fusion-one-third fusion-column-first\" style=\"--awb-bg-size:cover;width:33.333333333333%;width:calc(33.333333333333% - ( ( 4% ) * 0.33333333333333 ) );margin-right: 4%;\"><div class=\"fusion-column-wrapper fusion-flex-column-wrapper-legacy\"><div class=\"fusion-image-element fusion-image-align-center in-legacy-container\" style=\"text-align:center;--awb-caption-title-font-family:var(--h2_typography-font-family);--awb-caption-title-font-weight:var(--h2_typography-font-weight);--awb-caption-title-font-style:var(--h2_typography-font-style);--awb-caption-title-size:var(--h2_typography-font-size);--awb-caption-title-transform:var(--h2_typography-text-transform);--awb-caption-title-line-height:var(--h2_typography-line-height);--awb-caption-title-letter-spacing:var(--h2_typography-letter-spacing);\"><div class=\"imageframe-align-center\"><span class=\" fusion-imageframe imageframe-none imageframe-2 hover-type-none\"><img decoding=\"async\" width=\"300\" height=\"218\" title=\"re-birth\" src=\"https:\/\/www.bodynamic.com\/wp-content\/uploads\/2017\/11\/re-birth-300x218.jpg\" alt class=\"img-responsive wp-image-1027\" srcset=\"https:\/\/www.bodynamic.com\/wp-content\/uploads\/2017\/11\/re-birth-200x146.jpg 200w, https:\/\/www.bodynamic.com\/wp-content\/uploads\/2017\/11\/re-birth-400x291.jpg 400w, https:\/\/www.bodynamic.com\/wp-content\/uploads\/2017\/11\/re-birth-600x437.jpg 600w, https:\/\/www.bodynamic.com\/wp-content\/uploads\/2017\/11\/re-birth-800x582.jpg 800w, https:\/\/www.bodynamic.com\/wp-content\/uploads\/2017\/11\/re-birth.jpg 1000w\" sizes=\"(max-width: 800px) 100vw, 400px\" \/><\/span><\/div><\/div><div class=\"fusion-clearfix\"><\/div><\/div><\/div><div class=\"fusion-layout-column fusion_builder_column fusion-builder-column-5 fusion_builder_column_2_3 2_3 fusion-two-third fusion-column-last\" style=\"--awb-bg-size:cover;width:66.666666666667%;width:calc(66.666666666667% - ( ( 4% ) * 0.66666666666667 ) );\"><div class=\"fusion-column-wrapper fusion-flex-column-wrapper-legacy\"><div class=\"fusion-text fusion-text-3\"><h2><strong>2. Geburtsneuorientierung f\u00fcr Fachleute<\/strong><\/h2>\n<p>Dauer: 5 Tage und 4 Tage Fortsetzung. Schauen Sie sich unsere Brosch\u00fcre f\u00fcr die n\u00e4chste Trainingsm\u00f6glichkeit im Jahr 2020 an (dieser Kurs wurde vormals Neugeburt f\u00fcr Fachleute genannt)<\/p>\n<p>Stress\/ Schock, der mit der Geburt verbunden ist. Bei der Geburt wird k\u00f6rperlich erstmals ein gro\u00dfer Schub an Adrenalin ausgesch\u00fcttet. Bei weiteren Schocks reaktiviert sich das Ged\u00e4chtnis des Schock aus der Geburt.<\/p>\n<p>Normalerweise werden Adrenalinsch\u00fcbe lediglich in Situationen produziert, in denen wir eine hohe Intensit\u00e4t an Energie erleben. Dies ist z. B. bei einer sehr gef\u00e4hrlichen Situation oder bei hohem Stress der Fall (bei beiden gibt es sowohl guten und auch schlechten Stress).<\/p>\n<p>Sp\u00e4tere Situationen mit hohem Adrenalinlevel\/ Stress-Schock-Gipfeln haben die Tendenz Verhaltensmuster zu aktivieren, die sich bei der Geburt als Abdruck in uns etabliert hatten.<\/p>\n<p><strong>Arbeitsformat der Geburtsneuorientierung in Gruppen<\/strong><\/p>\n<p>Der erste 5-t\u00e4gige Kurs:<\/p>\n<p>1: Einf\u00fchrung in den Workshop und Bildung von Arbeitsgruppen<br \/>\n2: Die 6 Stadien der Geburt; von vor der Geburt bis nach der Geburt<br \/>\n3: Demos zu jedem Stadium und Durcharbeitung in Gruppen<br \/>\n4: Theoretische Informationen zu Geburtskomplikationen und wie man mit ihnen arbeitet<\/p>\n<p>Der zweite 4-t\u00e4gige Kurs:<\/p>\n<p>1: Erfahrungsaustausch der Teilnehmer hinsichtlich ihrer Arbeit in den Gruppen mit den 6 Stadien der Geburtsneuorientierung<br \/>\n2: Informationen zu Schwangerschaft und zur Arbeit mit schwangeren Frauen<\/p>\n<p><b>Die 6 Stadien sind: <\/b><\/p>\n<p>1: Beginn \u2013 die Zeit davor (1 Woche vorher)<br \/>\n2: Sanfte Geburt \u2013 erste Wehen; Ausdehnung<br \/>\n3: \u00dcbergang \u2013 \u00dcbergang zwischen dem ersten Wehenstadium und dem zweiten Stadium der Wehenschmerzen, welche jeweils zu unterschiedlichen Bewegungen des Uterus f\u00fchren<br \/>\n4: Starke Wehen \u2013 Wehenschmerzen<br \/>\n5: Entbindung<br \/>\n6: Der erste Tag danach \u2013 unmittelbar nach der Entbindung und die Tage nach der Geburt<\/p>\n<p>Die Lehrer geben Demos zu jedem Stadium und die Teilnehmer \u00fcben zu jedem dieser Stadien unter der Supervision des Lehrers.<\/p>\n<\/div><div class=\"fusion-clearfix\"><\/div><\/div><\/div><div class=\"fusion-layout-column fusion_builder_column fusion-builder-column-6 fusion_builder_column_2_3 2_3 fusion-two-third fusion-column-first\" style=\"--awb-bg-size:cover;width:66.666666666667%;width:calc(66.666666666667% - ( ( 4% ) * 0.66666666666667 ) );margin-right: 4%;\"><div class=\"fusion-column-wrapper fusion-flex-column-wrapper-legacy\"><div class=\"fusion-text fusion-text-4\"><h2><strong>3. Internationale Supervisionsausbildung &#8211; <a href=\"https:\/\/mk0bodynamiccomc4t8c.kinstacdn.com\/wp-content\/uploads\/2021\/06\/Bodynamic-Supervisor-Education-2021-22-long-revised-june-2021.pdf\">Link zur Ausbildung 2021-22<\/a><br \/>\n<\/strong><\/h2>\n<p><strong>ZIEL DES TRAININGS UND WER TEILNEHMEN KANN<\/strong><\/p>\n<p>1. Ziel ist es Sie darin zu unterrichten theorie-, modell- und methodengeleitet Bodynamic zu supervidieren. Und ihr Verst\u00e4ndnis von Charakterstrukturen, Ich-Entwicklung, Ich-Aspekten, dem Bodyknot, der Bodymap Analyse etc. aus dem therapeutischen Kontext heraus zur Ebene der Supervision zu vertiefen.<\/p>\n<p>2. Ein weiteres Ziel ist die Kl\u00e4rung, was Supervision ist. Was ist der Rahmen und was sind die Phasen des supervisorischen Prozesses, die Rolle des Supervisors im Allgemeinen und wie Sie diese Rolle ausf\u00fcllen k\u00f6nnen und was von Ihnen verlangt wird. Wie k\u00f6nnen Sie den Therapeuten in seiner Rolle unterst\u00fctzen, in seinen W\u00fcnschen und Anforderungen. Wir werden uns auch damit besch\u00e4ftigen, was Einzelsupervision ist und was Einzelsupervision innerhalb der Gruppe ist und was Gruppensupervision ist. Eine weitere Rolle spielen verschiedene Aspekte der Interaktion zwischen Supervisor und Supervisant.<\/p>\n<p><strong>Zur Teilnahme<\/strong> m\u00fcssen Sie entweder Bodynamic Practitioner (mindestens im 3. Jahr) sein oder Bodynamic Therapeut oder Bodynamic Analyst.<\/p>\n<p>Die Ausbildung ist eine M\u00f6glichkeit als zertifizierter Supervisor innerhalb des Systems in Bezug auf ihr Ausbildungslevel anerkannt zu sein. Sie k\u00f6nnen so als Bodynamic Practitioner oder Analytiker wahrgenommen werden. Um Lehrsupervisor zu sein ben\u00f6tigt es einen Zulassungsprozess durch Bodynamic International.<\/p>\n<p><b>Diese Ausbildung <\/b>wird aus Pr\u00e4sentationen, Unterricht, \u00dcbungen, Austausch und Reflektion bestehen.<\/p>\n<p>Zertifizierungsanforderungen:<\/p>\n<ul>\n<li>Teilnahme bei allen Trainingssitzungen<\/li>\n<li>Die Teilnehmer m\u00fcssen sich in kleinen Gruppen treffen, um zu \u00fcben und ihre Supervisionserfahrungen miteinander auszutauschen (und auch Supervision miteinander zu \u00fcben)<\/li>\n<li>Die Teilnehmer m\u00fcssen Protokolle ihrer Supervision erstellen und diese mit ins Training bringen. W\u00e4hrend des Trainings werden verschiedene Protokolle ausgew\u00e4hlt und miteinander in der Trainingsgruppe besprochen.<\/li>\n<\/ul>\n<p>Siehe <a href=\"https:\/\/www.bodynamic.com\/wp-content\/uploads\/2020\/08\/Bodynamic-Supervisor-Education-2021-22-long-revised-Aug-2020.pdf\">PDF<\/a> mit Beschreibungen der n\u00e4chsten Ausbildung in H\u00f8rsholm, D\u00e4nemark 2021-22.<\/p>\n<p><b>Die Dauer <\/b>des Trainings betr\u00e4gt 124 Stunden und erstreckt sich auf 4 x 5 Tage.<\/p>\n<\/div><div class=\"fusion-clearfix\"><\/div><\/div><\/div><div class=\"fusion-layout-column fusion_builder_column fusion-builder-column-7 fusion_builder_column_1_3 1_3 fusion-one-third fusion-column-last\" style=\"--awb-bg-size:cover;width:33.333333333333%;width:calc(33.333333333333% - ( ( 4% ) * 0.33333333333333 ) );\"><div class=\"fusion-column-wrapper fusion-flex-column-wrapper-legacy\"><div class=\"fusion-image-element fusion-image-align-center in-legacy-container\" style=\"text-align:center;--awb-caption-title-font-family:var(--h2_typography-font-family);--awb-caption-title-font-weight:var(--h2_typography-font-weight);--awb-caption-title-font-style:var(--h2_typography-font-style);--awb-caption-title-size:var(--h2_typography-font-size);--awb-caption-title-transform:var(--h2_typography-text-transform);--awb-caption-title-line-height:var(--h2_typography-line-height);--awb-caption-title-letter-spacing:var(--h2_typography-letter-spacing);\"><div class=\"imageframe-align-center\"><span class=\" fusion-imageframe imageframe-none imageframe-3 hover-type-none\"><img decoding=\"async\" width=\"6849\" height=\"4577\" title=\"team workshop\" src=\"https:\/\/www.bodynamic.com\/wp-content\/uploads\/2017\/10\/team-workshop.jpg\" alt class=\"img-responsive wp-image-1919\" srcset=\"https:\/\/www.bodynamic.com\/wp-content\/uploads\/2017\/10\/team-workshop-200x134.jpg 200w, https:\/\/www.bodynamic.com\/wp-content\/uploads\/2017\/10\/team-workshop-400x267.jpg 400w, https:\/\/www.bodynamic.com\/wp-content\/uploads\/2017\/10\/team-workshop-600x401.jpg 600w, https:\/\/www.bodynamic.com\/wp-content\/uploads\/2017\/10\/team-workshop-800x535.jpg 800w, https:\/\/www.bodynamic.com\/wp-content\/uploads\/2017\/10\/team-workshop-1200x802.jpg 1200w, https:\/\/www.bodynamic.com\/wp-content\/uploads\/2017\/10\/team-workshop.jpg 6849w\" sizes=\"(max-width: 800px) 100vw, 400px\" \/><\/span><\/div><\/div><div class=\"fusion-clearfix\"><\/div><\/div><\/div><div class=\"fusion-layout-column fusion_builder_column fusion-builder-column-8 fusion_builder_column_1_1 1_1 fusion-one-full fusion-column-first fusion-column-last\" style=\"--awb-bg-size:cover;\"><div class=\"fusion-column-wrapper fusion-flex-column-wrapper-legacy\"><div class=\"fusion-aligncenter\"><a class=\"fusion-button button-flat button-large button-default fusion-button-default button-1 fusion-button-default-span fusion-button-default-type\" target=\"_self\" href=\"https:\/\/www.bodynamic.com\/de\/training\/\"><i class=\" fa fa-reply awb-button__icon awb-button__icon--default button-icon-left\" aria-hidden=\"true\"><\/i><span class=\"fusion-button-text awb-button__text awb-button__text--default\">Zur\u00fcck zur Trainings-Hauptseite<\/span><\/a><\/div><div class=\"fusion-clearfix\"><\/div><\/div><\/div><\/div><\/div><\/p>\n","protected":false},"excerpt":{"rendered":"","protected":false},"author":1,"featured_media":0,"parent":12220,"menu_order":0,"comment_status":"closed","ping_status":"closed","template":"100-width.php","meta":{"footnotes":""},"class_list":["post-14542","page","type-page","status-publish","hentry"],"yoast_head":"<!-- This site is optimized with the Yoast SEO plugin v27.4 - https:\/\/yoast.com\/product\/yoast-seo-wordpress\/ -->\n<title>Meisterkurse - Bodynamic International<\/title>\n<meta name=\"robots\" content=\"index, follow, max-snippet:-1, max-image-preview:large, max-video-preview:-1\" \/>\n<link rel=\"canonical\" href=\"https:\/\/www.bodynamic.com\/de\/training\/meisterkurse\/\" \/>\n<meta property=\"og:locale\" content=\"de_DE\" \/>\n<meta property=\"og:type\" content=\"article\" \/>\n<meta property=\"og:title\" content=\"Meisterkurse - Bodynamic International\" \/>\n<meta property=\"og:url\" content=\"https:\/\/www.bodynamic.com\/de\/training\/meisterkurse\/\" \/>\n<meta property=\"og:site_name\" content=\"Bodynamic International\" \/>\n<meta property=\"article:publisher\" content=\"https:\/\/www.facebook.com\/BodynamicInternational\" \/>\n<meta property=\"article:modified_time\" content=\"2021-06-29T13:44:29+00:00\" \/>\n<meta name=\"twitter:card\" content=\"summary_large_image\" \/>\n<meta name=\"twitter:label1\" content=\"Gesch\u00e4tzte Lesezeit\" \/>\n\t<meta name=\"twitter:data1\" content=\"11\u00a0Minuten\" \/>\n<script type=\"application\/ld+json\" class=\"yoast-schema-graph\">{\"@context\":\"https:\\\/\\\/schema.org\",\"@graph\":[{\"@type\":\"WebPage\",\"@id\":\"https:\\\/\\\/www.bodynamic.com\\\/de\\\/training\\\/meisterkurse\\\/\",\"url\":\"https:\\\/\\\/www.bodynamic.com\\\/de\\\/training\\\/meisterkurse\\\/\",\"name\":\"Meisterkurse - Bodynamic International\",\"isPartOf\":{\"@id\":\"https:\\\/\\\/www.bodynamic.com\\\/de\\\/#website\"},\"datePublished\":\"2021-06-22T09:18:06+00:00\",\"dateModified\":\"2021-06-29T13:44:29+00:00\",\"breadcrumb\":{\"@id\":\"https:\\\/\\\/www.bodynamic.com\\\/de\\\/training\\\/meisterkurse\\\/#breadcrumb\"},\"inLanguage\":\"de\",\"potentialAction\":[{\"@type\":\"ReadAction\",\"target\":[\"https:\\\/\\\/www.bodynamic.com\\\/de\\\/training\\\/meisterkurse\\\/\"]}]},{\"@type\":\"BreadcrumbList\",\"@id\":\"https:\\\/\\\/www.bodynamic.com\\\/de\\\/training\\\/meisterkurse\\\/#breadcrumb\",\"itemListElement\":[{\"@type\":\"ListItem\",\"position\":1,\"name\":\"Home\",\"item\":\"https:\\\/\\\/www.bodynamic.com\\\/de\\\/\"},{\"@type\":\"ListItem\",\"position\":2,\"name\":\"Training\",\"item\":\"https:\\\/\\\/www.bodynamic.com\\\/de\\\/training\\\/\"},{\"@type\":\"ListItem\",\"position\":3,\"name\":\"Meisterkurse\"}]},{\"@type\":\"WebSite\",\"@id\":\"https:\\\/\\\/www.bodynamic.com\\\/de\\\/#website\",\"url\":\"https:\\\/\\\/www.bodynamic.com\\\/de\\\/\",\"name\":\"Bodynamic International\",\"description\":\"Somatic Developmental Psychology\",\"potentialAction\":[{\"@type\":\"SearchAction\",\"target\":{\"@type\":\"EntryPoint\",\"urlTemplate\":\"https:\\\/\\\/www.bodynamic.com\\\/de\\\/?s={search_term_string}\"},\"query-input\":{\"@type\":\"PropertyValueSpecification\",\"valueRequired\":true,\"valueName\":\"search_term_string\"}}],\"inLanguage\":\"de\"}]}<\/script>\n<!-- \/ Yoast SEO plugin. -->","yoast_head_json":{"title":"Meisterkurse - Bodynamic International","robots":{"index":"index","follow":"follow","max-snippet":"max-snippet:-1","max-image-preview":"max-image-preview:large","max-video-preview":"max-video-preview:-1"},"canonical":"https:\/\/www.bodynamic.com\/de\/training\/meisterkurse\/","og_locale":"de_DE","og_type":"article","og_title":"Meisterkurse - Bodynamic International","og_url":"https:\/\/www.bodynamic.com\/de\/training\/meisterkurse\/","og_site_name":"Bodynamic International","article_publisher":"https:\/\/www.facebook.com\/BodynamicInternational","article_modified_time":"2021-06-29T13:44:29+00:00","twitter_card":"summary_large_image","twitter_misc":{"Gesch\u00e4tzte Lesezeit":"11\u00a0Minuten"},"schema":{"@context":"https:\/\/schema.org","@graph":[{"@type":"WebPage","@id":"https:\/\/www.bodynamic.com\/de\/training\/meisterkurse\/","url":"https:\/\/www.bodynamic.com\/de\/training\/meisterkurse\/","name":"Meisterkurse - Bodynamic International","isPartOf":{"@id":"https:\/\/www.bodynamic.com\/de\/#website"},"datePublished":"2021-06-22T09:18:06+00:00","dateModified":"2021-06-29T13:44:29+00:00","breadcrumb":{"@id":"https:\/\/www.bodynamic.com\/de\/training\/meisterkurse\/#breadcrumb"},"inLanguage":"de","potentialAction":[{"@type":"ReadAction","target":["https:\/\/www.bodynamic.com\/de\/training\/meisterkurse\/"]}]},{"@type":"BreadcrumbList","@id":"https:\/\/www.bodynamic.com\/de\/training\/meisterkurse\/#breadcrumb","itemListElement":[{"@type":"ListItem","position":1,"name":"Home","item":"https:\/\/www.bodynamic.com\/de\/"},{"@type":"ListItem","position":2,"name":"Training","item":"https:\/\/www.bodynamic.com\/de\/training\/"},{"@type":"ListItem","position":3,"name":"Meisterkurse"}]},{"@type":"WebSite","@id":"https:\/\/www.bodynamic.com\/de\/#website","url":"https:\/\/www.bodynamic.com\/de\/","name":"Bodynamic International","description":"Somatic Developmental Psychology","potentialAction":[{"@type":"SearchAction","target":{"@type":"EntryPoint","urlTemplate":"https:\/\/www.bodynamic.com\/de\/?s={search_term_string}"},"query-input":{"@type":"PropertyValueSpecification","valueRequired":true,"valueName":"search_term_string"}}],"inLanguage":"de"}]}},"_links":{"self":[{"href":"https:\/\/www.bodynamic.com\/de\/wp-json\/wp\/v2\/pages\/14542","targetHints":{"allow":["GET"]}}],"collection":[{"href":"https:\/\/www.bodynamic.com\/de\/wp-json\/wp\/v2\/pages"}],"about":[{"href":"https:\/\/www.bodynamic.com\/de\/wp-json\/wp\/v2\/types\/page"}],"author":[{"embeddable":true,"href":"https:\/\/www.bodynamic.com\/de\/wp-json\/wp\/v2\/users\/1"}],"replies":[{"embeddable":true,"href":"https:\/\/www.bodynamic.com\/de\/wp-json\/wp\/v2\/comments?post=14542"}],"version-history":[{"count":6,"href":"https:\/\/www.bodynamic.com\/de\/wp-json\/wp\/v2\/pages\/14542\/revisions"}],"predecessor-version":[{"id":15028,"href":"https:\/\/www.bodynamic.com\/de\/wp-json\/wp\/v2\/pages\/14542\/revisions\/15028"}],"up":[{"embeddable":true,"href":"https:\/\/www.bodynamic.com\/de\/wp-json\/wp\/v2\/pages\/12220"}],"wp:attachment":[{"href":"https:\/\/www.bodynamic.com\/de\/wp-json\/wp\/v2\/media?parent=14542"}],"curies":[{"name":"wp","href":"https:\/\/api.w.org\/{rel}","templated":true}]}}