{"id":14536,"date":"2021-06-22T08:40:40","date_gmt":"2021-06-22T08:40:40","guid":{"rendered":"https:\/\/www.bodynamic.com\/training\/schocktrauma\/"},"modified":"2021-06-22T08:40:42","modified_gmt":"2021-06-22T08:40:42","slug":"schocktrauma","status":"publish","type":"page","link":"https:\/\/www.bodynamic.com\/de\/training\/schocktrauma\/","title":{"rendered":"Schocktrauma"},"content":{"rendered":"<p><div class=\"fusion-fullwidth fullwidth-box fusion-builder-row-1 fusion-parallax-none nonhundred-percent-fullwidth non-hundred-percent-height-scrolling\" style=\"--awb-border-radius-top-left:0px;--awb-border-radius-top-right:0px;--awb-border-radius-bottom-right:0px;--awb-border-radius-bottom-left:0px;--awb-background-image:url(&quot;https:\/\/www.bodynamic.com\/wp-content\/uploads\/2017\/10\/shutterstock_217119214-1024x430.jpg&quot;);--awb-background-size:cover;--awb-flex-wrap:wrap;\" ><div class=\"fusion-builder-row fusion-row\"><div class=\"fusion-layout-column fusion_builder_column fusion-builder-column-0 fusion_builder_column_1_1 1_1 fusion-one-full fusion-column-first fusion-column-last\" style=\"--awb-bg-size:cover;\"><div class=\"fusion-column-wrapper fusion-flex-column-wrapper-legacy\"><div class=\"fusion-sep-clear\"><\/div><div class=\"fusion-separator fusion-full-width-sep\" style=\"margin-left: auto;margin-right: auto;margin-top:150px;margin-bottom:150px;width:100%;\"><\/div><div class=\"fusion-sep-clear\"><\/div><div class=\"fusion-clearfix\"><\/div><\/div><\/div><\/div><\/div><div class=\"fusion-fullwidth fullwidth-box fusion-builder-row-2 nonhundred-percent-fullwidth non-hundred-percent-height-scrolling\" style=\"--awb-border-radius-top-left:0px;--awb-border-radius-top-right:0px;--awb-border-radius-bottom-right:0px;--awb-border-radius-bottom-left:0px;--awb-margin-top:25px;--awb-flex-wrap:wrap;\" ><div class=\"fusion-builder-row fusion-row\"><div class=\"fusion-layout-column fusion_builder_column fusion-builder-column-1 fusion_builder_column_1_1 1_1 fusion-one-full fusion-column-first fusion-column-last\" style=\"--awb-bg-size:cover;\"><div class=\"fusion-column-wrapper fusion-flex-column-wrapper-legacy\"><div class=\"fusion-text fusion-text-1\"><h2 style=\"text-align: center\"><strong>Schocktrauma-Training<\/strong><\/h2>\n<p>AUSBILDUNG IN DER BODYNAMIC SCHOCKTRAUMA-THERAPIE\u00a0 &#8211; DER UMGANG MIT SCHOCKTRAUMA UND PTBS<\/p>\n<p style=\"text-align: center\">TRAINING IN BODYNAMIC\u2019S SHOCK TRAUMA THERAPY \u2013\u00a0 DEALING WITH SHOCK TRAUMA AND PTSD<\/p>\n<\/div><div class=\"fusion-sep-clear\"><\/div><div class=\"fusion-separator fusion-full-width-sep\" style=\"margin-left: auto;margin-right: auto;margin-top:15px;margin-bottom:15px;width:100%;\"><\/div><div class=\"fusion-sep-clear\"><\/div><div class=\"fusion-video fusion-vimeo fusion-aligncenter\" style=\"--awb-max-width:600px;--awb-max-height:360px;--awb-width:100%;\"><div class=\"video-shortcode\"><div class=\"fluid-width-video-wrapper\" style=\"padding-top:60%;\" ><iframe title=\"Vimeo video player 1\" src=\"https:\/\/player.vimeo.com\/video\/312876931?autoplay=0&amp;autopause=0\" width=\"600\" height=\"360\" allowfullscreen allow=\"autoplay; fullscreen\"><\/iframe><\/div><\/div><\/div><div class=\"fusion-sep-clear\"><\/div><div class=\"fusion-separator fusion-full-width-sep\" style=\"margin-left: auto;margin-right: auto;margin-top:15px;margin-bottom:15px;width:100%;\"><\/div><div class=\"fusion-sep-clear\"><\/div><div class=\"fusion-text fusion-text-2\"><p style=\"text-align: center\"><strong>30 TAGE TRAINING MIT DEM FOKUS AUF SCHOCK UND ENTWICKLUNGSTRAUMA SOWIE DEREN BEHANDLUNG.<\/strong><\/p>\n<p style=\"text-align: center\">Basierend auf einer integrativen k\u00f6rperlichen Perspektive k\u00f6nnen richtet sich dieses Training an ausgebildete Psychotherapeuten und andere Therapeuten, welche gerne mehr \u00fcber die Aufl\u00f6sung von Schocktrauma und den Aufbau neuer Ressourcen erfahren m\u00f6chten, um dies sp\u00e4ter in ihrer Arbeit anzuwenden.<\/p>\n<p><strong><img fetchpriority=\"high\" decoding=\"async\" class=\"alignright size-medium wp-image-1096\" src=\"https:\/\/www.bodynamic.com\/wp-content\/uploads\/2017\/10\/shock-trauma-training-ptsd-bodynamic-300x232.jpg\" alt=\"\" width=\"300\" height=\"232\" srcset=\"https:\/\/www.bodynamic.com\/wp-content\/uploads\/2017\/10\/shock-trauma-training-ptsd-bodynamic-200x155.jpg 200w, https:\/\/www.bodynamic.com\/wp-content\/uploads\/2017\/10\/shock-trauma-training-ptsd-bodynamic-300x232.jpg 300w, https:\/\/www.bodynamic.com\/wp-content\/uploads\/2017\/10\/shock-trauma-training-ptsd-bodynamic-400x309.jpg 400w, https:\/\/www.bodynamic.com\/wp-content\/uploads\/2017\/10\/shock-trauma-training-ptsd-bodynamic-600x464.jpg 600w, https:\/\/www.bodynamic.com\/wp-content\/uploads\/2017\/10\/shock-trauma-training-ptsd-bodynamic-768x594.jpg 768w, https:\/\/www.bodynamic.com\/wp-content\/uploads\/2017\/10\/shock-trauma-training-ptsd-bodynamic-800x618.jpg 800w, https:\/\/www.bodynamic.com\/wp-content\/uploads\/2017\/10\/shock-trauma-training-ptsd-bodynamic.jpg 1000w\" sizes=\"(max-width: 300px) 100vw, 300px\" \/>K\u00d6RPERLICHE UND KOGNITIVE RESSOURCEN IM UMGANG MIT SCHOCK TRAUMATISIERUNGEN<\/strong><\/p>\n<p>Diese Ausbildung in der Bodynamic Schocktrauma-Therapie kann seperat von anderen Bodynamic Ausbildungen besucht werden oder als Teil der l\u00e4ngeren Bodynamic Ausbildung gesehen werden.<\/p>\n<p>Sie richtet sich an jene Menschen, die in ihrem Berufsleben mit Schocks und hohen Stresssituationen konfrontiert sind und werden und die daher lernen m\u00f6chten diese Situationen in sich selbst zu meistern.<\/p>\n<p>Das Training vermittelt beides: ein umfassendes kognitives Verst\u00e4ndnis davon, was ein Schocktrauma ist und auch pr\u00e4zise k\u00f6rperliche, emotionale und kognitive \u00dcbungen, um in der Lage zu sein Ressourcen aufzubauen und mit Mustern umzugehen, die Menschen durch Schocksituationen bedingt herausbilden.<\/p>\n<p>Unser Ansatz ist ressourcenorientiert &#8211; wir betrachten schwere Traumatisierungen unter dem Blickwinkel der starken Ressourcen, die im Menschen angesprochen und frei werden, wenn wir in unserer Existenz bedroht sind. Wir sind darauf ausgerichtet Schocktrauma in einer Form zu behandeln, dass sich die Lebensqualit\u00e4t verbessert und Menschen mit ihren tiefen Ressourcen in Verbindung kommen.<\/p>\n<p>Die AUSBILDUNG besteht aus 6 Modulen, die jeweils 5 Tage lang sind.<\/p>\n<p>Der auf 6 Module verteilte Unterricht unterteilt sich nochmals in zwei Unterphasen von 3&#215;5 Tagen. Die ersten 3 Module konzentrieren sich inhaltlich auf den eigenen Prozess und die letzten 3 Modulen beinhalten die Schocktrauma-Behandlung in der therapeutischen Praxis. Diese Aufteilung entsteht aus unserer Erfahrung, dass bei einem reinen Fokus auf die berufliche Ausbildung (ohne pers\u00f6nlichen Prozess), die Lernenden nicht ihre eigenen Schockprozesse in einem zufriedenstellenden Ma\u00df abrunden oder abschlie\u00dfen konnten.<\/p>\n<p><b>AUSBILDUNGSINHALTE<\/b><\/p>\n<p>Die Ausbildung besteht sowohl aus der Vermittlung von Theorien und Wissen als auch aus dem Trainieren von Fertigkeiten.<\/p>\n<p>Es werden die folgenden Themen behandelt:<\/p>\n<ul>\n<li>Bewusstsein \u00fcber Ressourcen der Schockreaktion, einschlie\u00dflich der Beziehung zwischen Gipfelerfahrungen und Schockerfahrungen.<\/li>\n<li>Schocktrauma resourcenorientiert behandeln.<\/li>\n<li>Verst\u00e4ndnis davon, was ein Schocktrauma ist und was es von charakterologischen Trauma unterschieden oder wie es sich mit ihnen ggf. \u00fcberschneidet &#8211; sowie Theorie im Bereich der Gehirnfunktionen.<\/li>\n<li>Interaktion zwischen Charakterausdruck, die St\u00e4rke im Ego und die Schockreationen. *<\/li>\n<li>\u00dcbungen in k\u00f6rperlichen Bew\u00e4ltigungsstrategien, K\u00f6rperempfindungen und wie sich die Fertigkeiten erh\u00f6hen lassen, dass eine Person in Schocksituationen angemessen reagiert.<\/li>\n<li>Phasen der Verarbeitung von Schocktrauma und Werkzeuge, die in den verschiedenen Phasen zum Einsatz kommen k\u00f6nnen &#8211; von der Notfallhilfe zur Hilfe bei lang anhaltenden Krisen, Aufbau von Ressourcen, L\u00f6sen lang anhaltender PTBS Reaktionen (die mit den Charaktermustern verswoben sind).<\/li>\n<li>Ein\u00fcben der Bodynamic Methode, um den Kern im Schock, inklusive der Arbeit an der Befreiung von Fluchtreflexen, Kampfreflexen oder tonischer Immobilit\u00e4tsreaktion, Sicherer Ort, k\u00f6rperlich Verschl\u00fcsseltem, k\u00f6rperlicher und anderer Dissoziationsarten, sowie den parasympathischen Bedingungen.<\/li>\n<li>Ver\u00e4nderung von Entscheidungen, die im traumatischen Bewusstseinszustand getroffen wurden und treffen neuer Entscheidungen sowie Reorientierung, einschlie\u00dflich dessen, wie man die Lebensenergie wieder herstellen und nutzen kann.<\/li>\n<li>Arbeit an mit dem Trauma im Zusammenhang stehenden Themen von Schuld und Vergebung, sowie Ritualen und Spiritualit\u00e4t<\/li>\n<li>Die Bedeutung der Kultur i m Hinblick auf den Umgang und die Bew\u00e4ltigung von Stress und Schock.<\/li>\n<li>\u00dcbertragung und Gegen\u00fcbertragung in der Arbeit mit Schocktrauma &#8211; einschlie\u00dflich dessen, wie mit sekund\u00e4ren Traumatisierungen, Stresstrauma und der Identifikation mit Opfer des Traumas umgegangen werden kann.<\/li>\n<li>Ressourcenorientierte P\u00e4dagogik als Teil der therapeutischen Methode.<\/li>\n<li>Wie posttraumatische Symptome (PTBS) auftreten, einschlie\u00dflich k\u00f6rperlicher Symptomatik.<\/li>\n<li>Verschiedene Arten des Schocks.<\/li>\n<\/ul>\n<p><strong>DAS SPEZIFISCHE AN DEN BODYNAMIC BEHANDLUNGSMETHODEN UND DER BODYNAMIC PERSPEKTIVE<\/strong><\/p>\n<p>Wir beziehen den K\u00f6rper auf sehr konkrete physiologische Art und Weise in die Arbeit mit Schocktrauma ein.<\/p>\n<p>Der Klient wird darin geschult seinen K\u00f6rper zu sp\u00fcren, Reflexmomente wahrzunehmen und die Muskeln zu sp\u00fcren, welche in jenen Momenten aktiviert werden.<\/p>\n<ul>\n<li>Der Klient \u00fcbt diese pr\u00e4zisen K\u00f6rperempfindungen als Werkzeug zu nutzen, um mit hohen Energie- und Stress-Leveln umzugehen. Dies geschieht in einer Form, dass er nicht zur\u00fcck in die Schockreaktionen muss und ohne dass alte Schockerfahrungen reaktiviert werden m\u00fcssen.<\/li>\n<li>W\u00e4hrend der Arbeit am Schock selbst, helfen wir dem Klienten die K\u00f6rperblockaden zu l\u00f6sen, welche der Schock in der Muskulatur und dem Bindegewebe hinterlassen hat. Dies geschieht mit einer speziellen Technik, bei welcher mit physischem Widerstand gearbeitet wird. Die Arbeit findet in verschiedenen Stadien statt, sodass der Klient hat St\u00fcck f\u00fcr St\u00fcck das Material, das dem Bewusstsein zug\u00e4nglich wird zu verarbeiten, und Anpassungsprozesse gen\u00fcgend Raum haben, wenn sich k\u00f6rperlich eingeschlossenes l\u00f6st.<\/li>\n<li>Wir arbeiten mit dem Wiederaufbau gesunder \u00dcberlebensreflexe &#8211; Flucht, Kampf und der tonischen Immobilit\u00e4t.<\/li>\n<\/ul>\n<p>Wir erm\u00f6glichen dem Klienten:<\/p>\n<ul>\n<li>Das Fluchtniveau bewusst zu kennzeichnen und zu triggern, indem ein bestimmtes Rennen zu seinem sicheren Ort (auf einer Matratze) durchgef\u00fchrt wird.<\/li>\n<li>Den Kampfreflex wahrzunehmen und durch physischen Widerstand zu triggern, sodass der Klient lernt mit instinktiver Rage umzugehen.<\/li>\n<li>Die k\u00f6rperlichen Empfindungen w\u00e4hrend tonischer Immobilit\u00e4t bewusst wahrzunehmen und dabei pr\u00e4sent zu bleiben.<\/li>\n<\/ul>\n<p>\u00dcber die Arbeit an den gesunden Reflexreaktionen werden die grundlegende F\u00e4higkeit des K\u00f6rpers zwischen Handlungs- und Aktivit\u00e4tsbereitschaft sowie Ruhe wiederhergestellt &#8211; zwischen sympathischem und parasympathischen Teil des autonomen Nervensystems (ANS). Ein Symptom von PTBS ist, dass das Zusammenspiel zwischen diesen beiden Teilen des ANS nicht mehr optimal oder schlecht gelingt und dies f\u00fchrt zu deutlichen k\u00f6rperlichen Beeintr\u00e4chtigungen f\u00fcr die Person.<\/p>\n<p>Wir Zielen nicht darauf ab die Effekte eines Schocks beseitigen, sondern gleichzeitig neue kognitive und k\u00f6rperliche Ressourcen und Fertigkeiten aufzubauen, sodass der Klient im Kontakt bleiben kann und in Situationen mit hoher, intensiver Energie handlungsf\u00e4hig ist.<\/p>\n<p>Wir erreichen dies einerseits, indem wir konkrete kognitive und physische Fertigkeiten trainieren, sodass die Person sich in diesem Bereich entwickelt und mehr Kapazit\u00e4ten zur Verf\u00fcgung stehen hat und andererseits, indem wir insgesamt auf die Ressourcen fokussieren, die innerhalb der menschlichen Schockreaktion enthalten sind.<\/p>\n<p>Das hei\u00dft, dass der Klient darin unterst\u00fctzt wird seine Gipfelerfahrung innerhalb des Schocks zu verstehen und zu erfahren &#8211; die Kraft, die ihn oder sie auf die beste ihm zur Verf\u00fcgung stehende Weise \u00fcberleben und durch den Schock gehen lie\u00df; ob durch einen Krieg (Kampf), Fliehen (Flucht) oder das Todstellen (Erstarrung).<\/p>\n<\/div><div class=\"fusion-clearfix\"><\/div><\/div><\/div><\/div><\/div><div class=\"fusion-fullwidth fullwidth-box fusion-builder-row-3 nonhundred-percent-fullwidth non-hundred-percent-height-scrolling\" style=\"--awb-border-radius-top-left:0px;--awb-border-radius-top-right:0px;--awb-border-radius-bottom-right:0px;--awb-border-radius-bottom-left:0px;--awb-flex-wrap:wrap;\" ><div class=\"fusion-builder-row fusion-row\"><div class=\"fusion-layout-column fusion_builder_column fusion-builder-column-2 fusion_builder_column_1_1 1_1 fusion-one-full fusion-column-first fusion-column-last\" style=\"--awb-bg-size:cover;\"><div class=\"fusion-column-wrapper fusion-flex-column-wrapper-legacy\"><div class=\"fusion-aligncenter\"><a class=\"fusion-button button-flat fusion-button-default-size button-default fusion-button-default button-1 fusion-button-default-span fusion-button-default-type\" target=\"_self\" href=\"https:\/\/www.bodynamic.com\/de\/training\/\"><i class=\" fa fa-reply awb-button__icon awb-button__icon--default button-icon-left\" aria-hidden=\"true\"><\/i><span class=\"fusion-button-text awb-button__text awb-button__text--default\">Zur\u00fcck zur Trainings-Hauptseite<\/span><\/a><\/div><div class=\"fusion-clearfix\"><\/div><\/div><\/div><\/div><\/div><\/p>\n","protected":false},"excerpt":{"rendered":"","protected":false},"author":1,"featured_media":0,"parent":12220,"menu_order":0,"comment_status":"closed","ping_status":"closed","template":"100-width.php","meta":{"footnotes":""},"class_list":["post-14536","page","type-page","status-publish","hentry"],"yoast_head":"<!-- This site is optimized with the Yoast SEO plugin v27.5 - https:\/\/yoast.com\/product\/yoast-seo-wordpress\/ -->\n<title>Schocktrauma - Bodynamic International<\/title>\n<meta name=\"robots\" content=\"index, follow, max-snippet:-1, max-image-preview:large, max-video-preview:-1\" \/>\n<link rel=\"canonical\" href=\"https:\/\/www.bodynamic.com\/de\/training\/schocktrauma\/\" \/>\n<meta property=\"og:locale\" content=\"de_DE\" \/>\n<meta property=\"og:type\" content=\"article\" \/>\n<meta property=\"og:title\" content=\"Schocktrauma - Bodynamic International\" \/>\n<meta property=\"og:url\" content=\"https:\/\/www.bodynamic.com\/de\/training\/schocktrauma\/\" \/>\n<meta property=\"og:site_name\" content=\"Bodynamic International\" \/>\n<meta property=\"article:publisher\" content=\"https:\/\/www.facebook.com\/BodynamicInternational\" \/>\n<meta property=\"article:modified_time\" content=\"2021-06-22T08:40:42+00:00\" \/>\n<meta property=\"og:image\" content=\"https:\/\/www.bodynamic.com\/wp-content\/uploads\/2017\/10\/shock-trauma-training-ptsd-bodynamic-300x232.jpg\" \/>\n<meta name=\"twitter:card\" content=\"summary_large_image\" \/>\n<meta name=\"twitter:label1\" content=\"Gesch\u00e4tzte Lesezeit\" \/>\n\t<meta name=\"twitter:data1\" content=\"9\u00a0Minuten\" \/>\n<script type=\"application\/ld+json\" class=\"yoast-schema-graph\">{\"@context\":\"https:\\\/\\\/schema.org\",\"@graph\":[{\"@type\":\"WebPage\",\"@id\":\"https:\\\/\\\/www.bodynamic.com\\\/de\\\/training\\\/schocktrauma\\\/\",\"url\":\"https:\\\/\\\/www.bodynamic.com\\\/de\\\/training\\\/schocktrauma\\\/\",\"name\":\"Schocktrauma - Bodynamic International\",\"isPartOf\":{\"@id\":\"https:\\\/\\\/www.bodynamic.com\\\/de\\\/#website\"},\"primaryImageOfPage\":{\"@id\":\"https:\\\/\\\/www.bodynamic.com\\\/de\\\/training\\\/schocktrauma\\\/#primaryimage\"},\"image\":{\"@id\":\"https:\\\/\\\/www.bodynamic.com\\\/de\\\/training\\\/schocktrauma\\\/#primaryimage\"},\"thumbnailUrl\":\"https:\\\/\\\/www.bodynamic.com\\\/wp-content\\\/uploads\\\/2017\\\/10\\\/shock-trauma-training-ptsd-bodynamic-300x232.jpg\",\"datePublished\":\"2021-06-22T08:40:40+00:00\",\"dateModified\":\"2021-06-22T08:40:42+00:00\",\"breadcrumb\":{\"@id\":\"https:\\\/\\\/www.bodynamic.com\\\/de\\\/training\\\/schocktrauma\\\/#breadcrumb\"},\"inLanguage\":\"de\",\"potentialAction\":[{\"@type\":\"ReadAction\",\"target\":[\"https:\\\/\\\/www.bodynamic.com\\\/de\\\/training\\\/schocktrauma\\\/\"]}]},{\"@type\":\"ImageObject\",\"inLanguage\":\"de\",\"@id\":\"https:\\\/\\\/www.bodynamic.com\\\/de\\\/training\\\/schocktrauma\\\/#primaryimage\",\"url\":\"https:\\\/\\\/www.bodynamic.com\\\/wp-content\\\/uploads\\\/2017\\\/10\\\/shock-trauma-training-ptsd-bodynamic-300x232.jpg\",\"contentUrl\":\"https:\\\/\\\/www.bodynamic.com\\\/wp-content\\\/uploads\\\/2017\\\/10\\\/shock-trauma-training-ptsd-bodynamic-300x232.jpg\"},{\"@type\":\"BreadcrumbList\",\"@id\":\"https:\\\/\\\/www.bodynamic.com\\\/de\\\/training\\\/schocktrauma\\\/#breadcrumb\",\"itemListElement\":[{\"@type\":\"ListItem\",\"position\":1,\"name\":\"Home\",\"item\":\"https:\\\/\\\/www.bodynamic.com\\\/de\\\/\"},{\"@type\":\"ListItem\",\"position\":2,\"name\":\"Training\",\"item\":\"https:\\\/\\\/www.bodynamic.com\\\/de\\\/training\\\/\"},{\"@type\":\"ListItem\",\"position\":3,\"name\":\"Schocktrauma\"}]},{\"@type\":\"WebSite\",\"@id\":\"https:\\\/\\\/www.bodynamic.com\\\/de\\\/#website\",\"url\":\"https:\\\/\\\/www.bodynamic.com\\\/de\\\/\",\"name\":\"Bodynamic International\",\"description\":\"Somatic Developmental Psychology\",\"potentialAction\":[{\"@type\":\"SearchAction\",\"target\":{\"@type\":\"EntryPoint\",\"urlTemplate\":\"https:\\\/\\\/www.bodynamic.com\\\/de\\\/?s={search_term_string}\"},\"query-input\":{\"@type\":\"PropertyValueSpecification\",\"valueRequired\":true,\"valueName\":\"search_term_string\"}}],\"inLanguage\":\"de\"}]}<\/script>\n<!-- \/ Yoast SEO plugin. -->","yoast_head_json":{"title":"Schocktrauma - Bodynamic International","robots":{"index":"index","follow":"follow","max-snippet":"max-snippet:-1","max-image-preview":"max-image-preview:large","max-video-preview":"max-video-preview:-1"},"canonical":"https:\/\/www.bodynamic.com\/de\/training\/schocktrauma\/","og_locale":"de_DE","og_type":"article","og_title":"Schocktrauma - Bodynamic International","og_url":"https:\/\/www.bodynamic.com\/de\/training\/schocktrauma\/","og_site_name":"Bodynamic International","article_publisher":"https:\/\/www.facebook.com\/BodynamicInternational","article_modified_time":"2021-06-22T08:40:42+00:00","og_image":[{"url":"https:\/\/www.bodynamic.com\/wp-content\/uploads\/2017\/10\/shock-trauma-training-ptsd-bodynamic-300x232.jpg","type":"","width":"","height":""}],"twitter_card":"summary_large_image","twitter_misc":{"Gesch\u00e4tzte Lesezeit":"9\u00a0Minuten"},"schema":{"@context":"https:\/\/schema.org","@graph":[{"@type":"WebPage","@id":"https:\/\/www.bodynamic.com\/de\/training\/schocktrauma\/","url":"https:\/\/www.bodynamic.com\/de\/training\/schocktrauma\/","name":"Schocktrauma - Bodynamic International","isPartOf":{"@id":"https:\/\/www.bodynamic.com\/de\/#website"},"primaryImageOfPage":{"@id":"https:\/\/www.bodynamic.com\/de\/training\/schocktrauma\/#primaryimage"},"image":{"@id":"https:\/\/www.bodynamic.com\/de\/training\/schocktrauma\/#primaryimage"},"thumbnailUrl":"https:\/\/www.bodynamic.com\/wp-content\/uploads\/2017\/10\/shock-trauma-training-ptsd-bodynamic-300x232.jpg","datePublished":"2021-06-22T08:40:40+00:00","dateModified":"2021-06-22T08:40:42+00:00","breadcrumb":{"@id":"https:\/\/www.bodynamic.com\/de\/training\/schocktrauma\/#breadcrumb"},"inLanguage":"de","potentialAction":[{"@type":"ReadAction","target":["https:\/\/www.bodynamic.com\/de\/training\/schocktrauma\/"]}]},{"@type":"ImageObject","inLanguage":"de","@id":"https:\/\/www.bodynamic.com\/de\/training\/schocktrauma\/#primaryimage","url":"https:\/\/www.bodynamic.com\/wp-content\/uploads\/2017\/10\/shock-trauma-training-ptsd-bodynamic-300x232.jpg","contentUrl":"https:\/\/www.bodynamic.com\/wp-content\/uploads\/2017\/10\/shock-trauma-training-ptsd-bodynamic-300x232.jpg"},{"@type":"BreadcrumbList","@id":"https:\/\/www.bodynamic.com\/de\/training\/schocktrauma\/#breadcrumb","itemListElement":[{"@type":"ListItem","position":1,"name":"Home","item":"https:\/\/www.bodynamic.com\/de\/"},{"@type":"ListItem","position":2,"name":"Training","item":"https:\/\/www.bodynamic.com\/de\/training\/"},{"@type":"ListItem","position":3,"name":"Schocktrauma"}]},{"@type":"WebSite","@id":"https:\/\/www.bodynamic.com\/de\/#website","url":"https:\/\/www.bodynamic.com\/de\/","name":"Bodynamic International","description":"Somatic Developmental Psychology","potentialAction":[{"@type":"SearchAction","target":{"@type":"EntryPoint","urlTemplate":"https:\/\/www.bodynamic.com\/de\/?s={search_term_string}"},"query-input":{"@type":"PropertyValueSpecification","valueRequired":true,"valueName":"search_term_string"}}],"inLanguage":"de"}]}},"_links":{"self":[{"href":"https:\/\/www.bodynamic.com\/de\/wp-json\/wp\/v2\/pages\/14536","targetHints":{"allow":["GET"]}}],"collection":[{"href":"https:\/\/www.bodynamic.com\/de\/wp-json\/wp\/v2\/pages"}],"about":[{"href":"https:\/\/www.bodynamic.com\/de\/wp-json\/wp\/v2\/types\/page"}],"author":[{"embeddable":true,"href":"https:\/\/www.bodynamic.com\/de\/wp-json\/wp\/v2\/users\/1"}],"replies":[{"embeddable":true,"href":"https:\/\/www.bodynamic.com\/de\/wp-json\/wp\/v2\/comments?post=14536"}],"version-history":[{"count":5,"href":"https:\/\/www.bodynamic.com\/de\/wp-json\/wp\/v2\/pages\/14536\/revisions"}],"predecessor-version":[{"id":14541,"href":"https:\/\/www.bodynamic.com\/de\/wp-json\/wp\/v2\/pages\/14536\/revisions\/14541"}],"up":[{"embeddable":true,"href":"https:\/\/www.bodynamic.com\/de\/wp-json\/wp\/v2\/pages\/12220"}],"wp:attachment":[{"href":"https:\/\/www.bodynamic.com\/de\/wp-json\/wp\/v2\/media?parent=14536"}],"curies":[{"name":"wp","href":"https:\/\/api.w.org\/{rel}","templated":true}]}}