{"id":12725,"date":"2021-05-20T10:52:48","date_gmt":"2021-05-20T10:52:48","guid":{"rendered":"https:\/\/www.bodynamic.com\/ich-funktionen\/"},"modified":"2022-06-17T12:32:38","modified_gmt":"2022-06-17T12:32:38","slug":"ich-funktionen","status":"publish","type":"page","link":"https:\/\/www.bodynamic.com\/de\/theorie\/ich-funktionen\/","title":{"rendered":"Ich-Funktionen"},"content":{"rendered":"<p><div class=\"fusion-fullwidth fullwidth-box fusion-builder-row-1 fusion-parallax-none nonhundred-percent-fullwidth non-hundred-percent-height-scrolling\" style=\"--awb-border-radius-top-left:0px;--awb-border-radius-top-right:0px;--awb-border-radius-bottom-right:0px;--awb-border-radius-bottom-left:0px;--awb-background-image:url(&quot;https:\/\/www.bodynamic.com\/wp-content\/uploads\/2017\/10\/shutterstock_217119214-1024x430.jpg&quot;);--awb-background-size:cover;--awb-flex-wrap:wrap;\" ><div class=\"fusion-builder-row fusion-row\"><div class=\"fusion-layout-column fusion_builder_column fusion-builder-column-0 fusion_builder_column_1_1 1_1 fusion-one-full fusion-column-first fusion-column-last\" style=\"--awb-bg-size:cover;\"><div class=\"fusion-column-wrapper fusion-flex-column-wrapper-legacy\"><div class=\"fusion-sep-clear\"><\/div><div class=\"fusion-separator fusion-full-width-sep\" style=\"margin-left: auto;margin-right: auto;margin-top:150px;margin-bottom:150px;width:100%;\"><\/div><div class=\"fusion-sep-clear\"><\/div><div class=\"fusion-clearfix\"><\/div><\/div><\/div><\/div><\/div><div class=\"fusion-fullwidth fullwidth-box fusion-builder-row-2 nonhundred-percent-fullwidth non-hundred-percent-height-scrolling\" style=\"--awb-border-radius-top-left:0px;--awb-border-radius-top-right:0px;--awb-border-radius-bottom-right:0px;--awb-border-radius-bottom-left:0px;--awb-flex-wrap:wrap;\" ><div class=\"fusion-builder-row fusion-row\"><div class=\"fusion-layout-column fusion_builder_column fusion-builder-column-1 fusion_builder_column_1_1 1_1 fusion-one-full fusion-column-first fusion-column-last\" style=\"--awb-bg-size:cover;\"><div class=\"fusion-column-wrapper fusion-flex-column-wrapper-legacy\"><div class=\"fusion-text fusion-text-1\" style=\"--awb-text-transform:none;\"><p><em><strong>Die Ich-Funktionen<\/strong><\/em><\/p>\n<p>Mehrere Jahrzehnt der Forschung haben dazu gef\u00fchrt, dass in der Bodynamic Analyse heute elf Kategorien psychologischer Funktionen, welche wir Ich-Funktionen nennen, unterschieden werden. Jeder Muskel des K\u00f6rpers, und auch damit verbundene Muskelgruppen, verk\u00f6rpern hochspezifische psychologische Inhalte, die mit einer Ich-Funktion und teils mehreren Ich-Funktionen in Zusammenhang stehen.<\/p>\n<p>Die Antwortreaktion, die der Therapeut mittel Palpation eines spezifischen Muskels erh\u00e4lt, gibt ihm Informationen \u00fcber die Muster des Klienten innerhalb einer Ich-Funktion &#8211; und gleichzeitig erh\u00e4lt er hierdurch auch Informationen \u00fcber die Charakterstruktur und damit auch \u00fcber das Entwicklungsstadium der Kindheit. Die Kombination der Informationen aus diesen bei den Schichten f\u00fchrt zu neuen Erkenntnissen, die f\u00fcr den therapeutischen Prozess relevant sind und insbesondere dann, wenn man mit dem im Fokus stehenden Muskel arbeitet &#8211; ob mit der Hand oder durch Bewegungen. Beides bietet eine Unterst\u00fctzung, um psychologische Inhalte eines Muskels an die Oberfl\u00e4che zu bringen und moderiert auch die Verbindung zu spezifischen <em>Charakterstrukturen\u00a0<\/em>und\u00a0<em>Ich-Funktionen<\/em>.<\/p>\n<p>Die elf Ich-Funktionen dieses Modells sind:<\/p>\n<ol>\n<li>Verbundenheit &#8211; Aufnehmen, Bindungen, Herz\u00f6ffnung; Unterst\u00fctzung annehmen, R\u00fcckhalt erfahren, Herzenskontakt \u00f6ffnen<\/li>\n<li>Positionierung &#8211; Grundlegende Haltung; Haltung dem Leben gegen\u00fcber; Balance in Handlungen; pers\u00f6nliche Haltung; auf eigenen Beinen stehen; Positionierung hinsichtlich Werten und Normen; Orientierung (den Kopf behalten oder verlieren)<\/li>\n<li>Zentrierung &#8211; Sich (von innen) ausf\u00fcllen k\u00f6nnen; in verschiedenen Rollen man selbst sein; Gef\u00fchl des eigenen Wert<\/li>\n<li>Grenzen &#8211; Pers\u00f6nlicher Raum (Energetische Grenzen); Selbstbewusstsein (im sozialen Kontakt Raum f\u00fcr sich selbst schaffen).<\/li>\n<li>Erdung und Realtit\u00e4tspr\u00fcfung &#8211; F\u00e4higkeit sich zu behaupten, sich verwurzelt zu f\u00fchlen und dadurch unterst\u00fctzt; Bezug zur Realit\u00e4t; Bezug zur Spiritualit\u00e4t.<\/li>\n<li>Energiemanagement &#8211; Ladung aufbauen, halten und entladen k\u00f6nnen; Emotionsregulation; Stressmanagement; Selbstcontainment; Wahrnehmung und Mastern der eigenen Sinnlichkeit.<\/li>\n<li>Sozial Balance &#8211; Die eigenen Bed\u00fcrfnisse-Gef\u00fchle-W\u00fcnsche gegen\u00fcber den Erwartungen anderer ausbalancieren; Balance zwischen sich zusammenrei\u00dfen k\u00f6nnen und loslassen k\u00f6nnen; Balance zwischen Fassade und Offenheit in Interaktionen; Balance man selbst zu sein und auch ein Gruppenmitglied zu sein; Balance Stress zu managen und zu l\u00f6sen.<\/li>\n<li>Kognitive Fertigkeiten &#8211; Orientierung hinsichtlich kognitiven Begreifens; Verst\u00e4ndnis (etwas gut genug verstehen, um damit weiterzukommen); Begreifen der Realit\u00e4t; F\u00e4higkeit kognitives Verst\u00e4ndnis auf verschiedene Situationen anzuwenden; Planung; Erwartungen &#8211; Erw\u00e4gungen &#8211; Abw\u00e4gungen.<\/li>\n<li>Selbstausdruck &amp; Selbstbehauptung &#8211;\u00a0 Behauptung; sich selbst in seinen verschiedenen Rollen behaupten; Vorw\u00e4rtsbewegung und Richtungssinn,<\/li>\n<li>Muster interpersonalen Kontaktes &#8211; Muster der N\u00e4he und der Distanz; Ausgreifen, Greifen und Dranbleiben; sich bemerkbar machen und Nahe sein; aus dem eigenen Kern heraus empfangen und geben; wegsto\u00dfen (Neinsagen) und auf Distanz halten; befreien, loslassen.<\/li>\n<li>Geschlecht &amp; Geschlechtsbezogene Fertigkeiten &#8211; Bewusstsein und Erleben des eigenen Geschlechts, Erleben einer angemessenen Geschlechterrolle; M\u00f6glichkeiten seine eigene Sinnlichkeit und Sexualit\u00e4t halten zu k\u00f6nnen.<\/li>\n<\/ol>\n<\/div><div class=\"fusion-clearfix\"><\/div><\/div><\/div><\/div><\/div><div class=\"fusion-fullwidth fullwidth-box fusion-builder-row-3 nonhundred-percent-fullwidth non-hundred-percent-height-scrolling\" style=\"--awb-border-radius-top-left:0px;--awb-border-radius-top-right:0px;--awb-border-radius-bottom-right:0px;--awb-border-radius-bottom-left:0px;--awb-flex-wrap:wrap;\" ><div class=\"fusion-builder-row fusion-row\"><div class=\"fusion-layout-column fusion_builder_column fusion-builder-column-2 fusion_builder_column_1_1 1_1 fusion-one-full fusion-column-first fusion-column-last\" style=\"--awb-bg-size:cover;\"><div class=\"fusion-column-wrapper fusion-flex-column-wrapper-legacy\"><div class=\"fusion-aligncenter\"><a class=\"fusion-button button-flat fusion-button-default-size button-default fusion-button-default button-1 fusion-button-default-span fusion-button-default-type\" target=\"_self\" href=\"https:\/\/www.bodynamic.com\/theory\/\"><i class=\" fa fa-reply awb-button__icon awb-button__icon--default button-icon-left\" aria-hidden=\"true\"><\/i><span class=\"fusion-button-text awb-button__text awb-button__text--default\">zur\u00fcck zur Theorie-Hauptseite<\/span><\/a><\/div><div class=\"fusion-clearfix\"><\/div><\/div><\/div><\/div><\/div><\/p>\n","protected":false},"excerpt":{"rendered":"","protected":false},"author":1,"featured_media":0,"parent":13917,"menu_order":0,"comment_status":"closed","ping_status":"closed","template":"100-width.php","meta":{"footnotes":""},"class_list":["post-12725","page","type-page","status-publish","hentry"],"yoast_head":"<!-- This site is optimized with the Yoast SEO plugin v27.5 - https:\/\/yoast.com\/product\/yoast-seo-wordpress\/ -->\n<title>Ich-Funktionen - Bodynamic International<\/title>\n<meta name=\"robots\" content=\"index, follow, max-snippet:-1, max-image-preview:large, max-video-preview:-1\" \/>\n<link rel=\"canonical\" href=\"https:\/\/www.bodynamic.com\/de\/theorie\/ich-funktionen\/\" \/>\n<meta property=\"og:locale\" content=\"de_DE\" \/>\n<meta property=\"og:type\" content=\"article\" \/>\n<meta property=\"og:title\" content=\"Ich-Funktionen - Bodynamic International\" \/>\n<meta property=\"og:url\" content=\"https:\/\/www.bodynamic.com\/de\/theorie\/ich-funktionen\/\" \/>\n<meta property=\"og:site_name\" content=\"Bodynamic International\" \/>\n<meta property=\"article:publisher\" content=\"https:\/\/www.facebook.com\/BodynamicInternational\" \/>\n<meta property=\"article:modified_time\" content=\"2022-06-17T12:32:38+00:00\" \/>\n<meta name=\"twitter:card\" content=\"summary_large_image\" \/>\n<meta name=\"twitter:label1\" content=\"Gesch\u00e4tzte Lesezeit\" \/>\n\t<meta name=\"twitter:data1\" content=\"6\u00a0Minuten\" \/>\n<script type=\"application\/ld+json\" class=\"yoast-schema-graph\">{\"@context\":\"https:\\\/\\\/schema.org\",\"@graph\":[{\"@type\":\"WebPage\",\"@id\":\"https:\\\/\\\/www.bodynamic.com\\\/de\\\/theorie\\\/ich-funktionen\\\/\",\"url\":\"https:\\\/\\\/www.bodynamic.com\\\/de\\\/theorie\\\/ich-funktionen\\\/\",\"name\":\"Ich-Funktionen - Bodynamic International\",\"isPartOf\":{\"@id\":\"https:\\\/\\\/www.bodynamic.com\\\/de\\\/#website\"},\"datePublished\":\"2021-05-20T10:52:48+00:00\",\"dateModified\":\"2022-06-17T12:32:38+00:00\",\"breadcrumb\":{\"@id\":\"https:\\\/\\\/www.bodynamic.com\\\/de\\\/theorie\\\/ich-funktionen\\\/#breadcrumb\"},\"inLanguage\":\"de\",\"potentialAction\":[{\"@type\":\"ReadAction\",\"target\":[\"https:\\\/\\\/www.bodynamic.com\\\/de\\\/theorie\\\/ich-funktionen\\\/\"]}]},{\"@type\":\"BreadcrumbList\",\"@id\":\"https:\\\/\\\/www.bodynamic.com\\\/de\\\/theorie\\\/ich-funktionen\\\/#breadcrumb\",\"itemListElement\":[{\"@type\":\"ListItem\",\"position\":1,\"name\":\"Home\",\"item\":\"https:\\\/\\\/www.bodynamic.com\\\/de\\\/\"},{\"@type\":\"ListItem\",\"position\":2,\"name\":\"Theorie\",\"item\":\"https:\\\/\\\/www.bodynamic.com\\\/de\\\/theorie\\\/\"},{\"@type\":\"ListItem\",\"position\":3,\"name\":\"Ich-Funktionen\"}]},{\"@type\":\"WebSite\",\"@id\":\"https:\\\/\\\/www.bodynamic.com\\\/de\\\/#website\",\"url\":\"https:\\\/\\\/www.bodynamic.com\\\/de\\\/\",\"name\":\"Bodynamic International\",\"description\":\"Somatic Developmental Psychology\",\"potentialAction\":[{\"@type\":\"SearchAction\",\"target\":{\"@type\":\"EntryPoint\",\"urlTemplate\":\"https:\\\/\\\/www.bodynamic.com\\\/de\\\/?s={search_term_string}\"},\"query-input\":{\"@type\":\"PropertyValueSpecification\",\"valueRequired\":true,\"valueName\":\"search_term_string\"}}],\"inLanguage\":\"de\"}]}<\/script>\n<!-- \/ Yoast SEO plugin. -->","yoast_head_json":{"title":"Ich-Funktionen - Bodynamic International","robots":{"index":"index","follow":"follow","max-snippet":"max-snippet:-1","max-image-preview":"max-image-preview:large","max-video-preview":"max-video-preview:-1"},"canonical":"https:\/\/www.bodynamic.com\/de\/theorie\/ich-funktionen\/","og_locale":"de_DE","og_type":"article","og_title":"Ich-Funktionen - Bodynamic International","og_url":"https:\/\/www.bodynamic.com\/de\/theorie\/ich-funktionen\/","og_site_name":"Bodynamic International","article_publisher":"https:\/\/www.facebook.com\/BodynamicInternational","article_modified_time":"2022-06-17T12:32:38+00:00","twitter_card":"summary_large_image","twitter_misc":{"Gesch\u00e4tzte Lesezeit":"6\u00a0Minuten"},"schema":{"@context":"https:\/\/schema.org","@graph":[{"@type":"WebPage","@id":"https:\/\/www.bodynamic.com\/de\/theorie\/ich-funktionen\/","url":"https:\/\/www.bodynamic.com\/de\/theorie\/ich-funktionen\/","name":"Ich-Funktionen - Bodynamic International","isPartOf":{"@id":"https:\/\/www.bodynamic.com\/de\/#website"},"datePublished":"2021-05-20T10:52:48+00:00","dateModified":"2022-06-17T12:32:38+00:00","breadcrumb":{"@id":"https:\/\/www.bodynamic.com\/de\/theorie\/ich-funktionen\/#breadcrumb"},"inLanguage":"de","potentialAction":[{"@type":"ReadAction","target":["https:\/\/www.bodynamic.com\/de\/theorie\/ich-funktionen\/"]}]},{"@type":"BreadcrumbList","@id":"https:\/\/www.bodynamic.com\/de\/theorie\/ich-funktionen\/#breadcrumb","itemListElement":[{"@type":"ListItem","position":1,"name":"Home","item":"https:\/\/www.bodynamic.com\/de\/"},{"@type":"ListItem","position":2,"name":"Theorie","item":"https:\/\/www.bodynamic.com\/de\/theorie\/"},{"@type":"ListItem","position":3,"name":"Ich-Funktionen"}]},{"@type":"WebSite","@id":"https:\/\/www.bodynamic.com\/de\/#website","url":"https:\/\/www.bodynamic.com\/de\/","name":"Bodynamic International","description":"Somatic Developmental Psychology","potentialAction":[{"@type":"SearchAction","target":{"@type":"EntryPoint","urlTemplate":"https:\/\/www.bodynamic.com\/de\/?s={search_term_string}"},"query-input":{"@type":"PropertyValueSpecification","valueRequired":true,"valueName":"search_term_string"}}],"inLanguage":"de"}]}},"_links":{"self":[{"href":"https:\/\/www.bodynamic.com\/de\/wp-json\/wp\/v2\/pages\/12725","targetHints":{"allow":["GET"]}}],"collection":[{"href":"https:\/\/www.bodynamic.com\/de\/wp-json\/wp\/v2\/pages"}],"about":[{"href":"https:\/\/www.bodynamic.com\/de\/wp-json\/wp\/v2\/types\/page"}],"author":[{"embeddable":true,"href":"https:\/\/www.bodynamic.com\/de\/wp-json\/wp\/v2\/users\/1"}],"replies":[{"embeddable":true,"href":"https:\/\/www.bodynamic.com\/de\/wp-json\/wp\/v2\/comments?post=12725"}],"version-history":[{"count":3,"href":"https:\/\/www.bodynamic.com\/de\/wp-json\/wp\/v2\/pages\/12725\/revisions"}],"predecessor-version":[{"id":37727,"href":"https:\/\/www.bodynamic.com\/de\/wp-json\/wp\/v2\/pages\/12725\/revisions\/37727"}],"up":[{"embeddable":true,"href":"https:\/\/www.bodynamic.com\/de\/wp-json\/wp\/v2\/pages\/13917"}],"wp:attachment":[{"href":"https:\/\/www.bodynamic.com\/de\/wp-json\/wp\/v2\/media?parent=12725"}],"curies":[{"name":"wp","href":"https:\/\/api.w.org\/{rel}","templated":true}]}}