{"id":12722,"date":"2021-05-20T09:48:49","date_gmt":"2021-05-20T09:48:49","guid":{"rendered":"https:\/\/www.bodynamic.com\/schocktrauma-theorie\/"},"modified":"2022-06-17T12:31:17","modified_gmt":"2022-06-17T12:31:17","slug":"schocktrauma-theorie","status":"publish","type":"page","link":"https:\/\/www.bodynamic.com\/de\/theorie\/schocktrauma-theorie\/","title":{"rendered":"Schocktrauma Theorie"},"content":{"rendered":"<p><div class=\"fusion-fullwidth fullwidth-box fusion-builder-row-1 fusion-parallax-none nonhundred-percent-fullwidth non-hundred-percent-height-scrolling\" style=\"--awb-border-radius-top-left:0px;--awb-border-radius-top-right:0px;--awb-border-radius-bottom-right:0px;--awb-border-radius-bottom-left:0px;--awb-background-image:url(&quot;https:\/\/www.bodynamic.com\/wp-content\/uploads\/2017\/10\/theory-header-1-e1529965420516-1024x392.jpg&quot;);--awb-background-size:cover;--awb-flex-wrap:wrap;\" ><div class=\"fusion-builder-row fusion-row\"><div class=\"fusion-layout-column fusion_builder_column fusion-builder-column-0 fusion_builder_column_1_1 1_1 fusion-one-full fusion-column-first fusion-column-last\" style=\"--awb-bg-size:cover;\"><div class=\"fusion-column-wrapper fusion-flex-column-wrapper-legacy\"><div class=\"fusion-sep-clear\"><\/div><div class=\"fusion-separator fusion-full-width-sep\" style=\"margin-left: auto;margin-right: auto;margin-top:150px;margin-bottom:150px;width:100%;\"><\/div><div class=\"fusion-sep-clear\"><\/div><div class=\"fusion-clearfix\"><\/div><\/div><\/div><\/div><\/div><div class=\"fusion-fullwidth fullwidth-box fusion-builder-row-2 nonhundred-percent-fullwidth non-hundred-percent-height-scrolling\" style=\"--awb-border-radius-top-left:0px;--awb-border-radius-top-right:0px;--awb-border-radius-bottom-right:0px;--awb-border-radius-bottom-left:0px;--awb-flex-wrap:wrap;\" ><div class=\"fusion-builder-row fusion-row\"><div class=\"fusion-layout-column fusion_builder_column fusion-builder-column-1 fusion_builder_column_1_1 1_1 fusion-one-full fusion-column-first fusion-column-last\" style=\"--awb-bg-size:cover;\"><div class=\"fusion-column-wrapper fusion-flex-column-wrapper-legacy\"><div class=\"fusion-sep-clear\"><\/div><div class=\"fusion-separator fusion-full-width-sep\" style=\"margin-left: auto;margin-right: auto;margin-top:15px;margin-bottom:15px;width:100%;\"><\/div><div class=\"fusion-sep-clear\"><\/div><div class=\"fusion-text fusion-text-1\"><h1 data-fontsize=\"16\" data-lineheight=\"24\">Schock Trauma &amp; Posttraumatische Belastungsst\u00f6rung (PTBS)<\/h1>\n<\/div><div class=\"fusion-video fusion-vimeo fusion-aligncenter\" style=\"--awb-max-width:600px;--awb-max-height:360px;--awb-width:100%;\"><div class=\"video-shortcode\"><div class=\"fluid-width-video-wrapper\" style=\"padding-top:60%;\" ><iframe title=\"Vimeo video player 1\" src=\"https:\/\/player.vimeo.com\/video\/312876931?autoplay=0&amp;autopause=0\" width=\"600\" height=\"360\" allowfullscreen allow=\"autoplay; fullscreen\"><\/iframe><\/div><\/div><\/div><div class=\"fusion-sep-clear\"><\/div><div class=\"fusion-separator fusion-full-width-sep\" style=\"margin-left: auto;margin-right: auto;margin-top:15px;margin-bottom:15px;width:100%;\"><\/div><div class=\"fusion-sep-clear\"><\/div><div class=\"fusion-text fusion-text-2\" style=\"--awb-text-transform:none;\"><h3 data-fontsize=\"16\" data-lineheight=\"24\"><\/h3>\n<p>Das Bodynamic Modell zur Arbeit mit Schocktrauma und PTBS bezieht den K\u00f6rper direkt und physisch in die Therapie mit ein. Das Ziel der Bodynamic Traumatherapie besteht nicht alleine darin, dass an den Urspr\u00fcngen und anhaltenden Auswirkungen des Traumas selbst gearbeitet werden, sondern auch darin, dass der Klient Unterst\u00fctzung erh\u00e4lt neue kognitive, psychosoziale und physische Ressourcen aufzubauen, welche es ihm erm\u00f6glichen mehr M\u00f6glichkeiten f\u00fcr zuk\u00fcnftige Handlungen zur Verf\u00fcgung stehen zu haben. Der Klient wird bef\u00e4higt sich darauf zu fokussieren mit anderen in Kontakt zu bleiben, w\u00e4hrend er erfolgreiche die hohen Energielevel, die mit traumatischer Erfahrungen einhergehen, halten lernt.<\/p>\n<p>Da wechselseitige Verbundenheit und individuelle W\u00fcrde die Basis unserer Traumaarbeit bilden, liegt unser Fokus auf der Schnittstelle von Bindung, Trauma und Entwicklungsarbeit. Auf der Basis mehrj\u00e4hriger Erfahrungen und Anwendung zur Heilung individueller Traumatisierungen, sowie durch anhaltende Krisensituationen (wie zum Beispiel in verschiedenen Kriegsgebieten), konnte die Methode mit Hilfe engen Austauschs im Team in seiner Vorgehensweise verbessert werden. Das hat dazu gef\u00fchlrt, dass sich das Bodynamic System zu einem Ansatz mit vielen Facetten zur Behandlung von Schocktrauma und Posttraumatischer Belastungsst\u00f6rungen entwickelt hat. So bezieht er heute diverse therapeutische Aspekte und Ziele mit ein:<\/p>\n<ul>\n<li style=\"list-style-type: none;\">\n<ul>\n<li><img fetchpriority=\"high\" decoding=\"async\" class=\"alignright size-medium wp-image-399\" src=\"https:\/\/www.bodynamic.com\/wp-content\/uploads\/2017\/10\/shock-trauma-fragment-300x169.jpg\" alt=\"\" width=\"300\" height=\"169\" srcset=\"https:\/\/www.bodynamic.com\/wp-content\/uploads\/2017\/10\/shock-trauma-fragment-200x112.jpg 200w, https:\/\/www.bodynamic.com\/wp-content\/uploads\/2017\/10\/shock-trauma-fragment-300x169.jpg 300w, https:\/\/www.bodynamic.com\/wp-content\/uploads\/2017\/10\/shock-trauma-fragment-400x225.jpg 400w, https:\/\/www.bodynamic.com\/wp-content\/uploads\/2017\/10\/shock-trauma-fragment-600x337.jpg 600w, https:\/\/www.bodynamic.com\/wp-content\/uploads\/2017\/10\/shock-trauma-fragment-768x432.jpg 768w, https:\/\/www.bodynamic.com\/wp-content\/uploads\/2017\/10\/shock-trauma-fragment-800x450.jpg 800w, https:\/\/www.bodynamic.com\/wp-content\/uploads\/2017\/10\/shock-trauma-fragment-1024x576.jpg 1024w, https:\/\/www.bodynamic.com\/wp-content\/uploads\/2017\/10\/shock-trauma-fragment-1200x675.jpg 1200w\" sizes=\"(max-width: 300px) 100vw, 300px\" \/>Reduzierung oder Aufhebung von PTBS-Symtpomen: Hypervigilanz, Flaschbacks, Schlafst\u00f6rungen oder zwanghaftes, auf das\/die traumatische(n) Ereignisse bezogenes, Gedankenkreisen.<\/li>\n<li>Entdecken, Verstehen und Beenden eigener Dissozation.<\/li>\n<li>L\u00f6sen im K\u00f6rper gefrohrener Impulse.<\/li>\n<li>Herausarbeiten lebensver\u00e4ndernder Entscheidungen, die in Verbingung mit dem Trauma getroffen wurden &#8211; und ggf. Treffen von neuen Entscheidungen<\/li>\n<li>Including the body in a direct and physical way when working with PTSD, using methods such as body sensing, understanding reflex movement patterns, and assisting clients to recognize and let go of body tension patterns by using resistance in movement and counter-movements<\/li>\n<li>Unterst\u00fctzung des Klienten erneut ein gesundes Reflexsystem aufzubauen &#8211; Kampf, Flucht und Orientierung<\/li>\n<li>Unterst\u00fctzung des Klienten darin seine Gipfelerfahrung, die in seinem Schock liegt, zu verstehen und welch gro\u00dfe Kraft sie oder er genutzt hat um im eigentlichen Schockereignis zu \u00fcberleben; ganz egal worin das m\u00fcndete, ob im Kampf, der Flucht oder im Todstellreflex.<\/li>\n<li>Unterst\u00fctzung des Klienten das ME zu verstehen, zu sp\u00fcren und zu integrieren &#8211; der Teil des menschlichen Seins, der unser Instinktsystem, unsere automatisches, intuitives und kollektives Wissen innehat, wenn wir hohe Energiezust\u00e4nde erlebenm, so wie dies in einem Schock und in der Gipfelerfahrung der Fall ist.<\/li>\n<\/ul>\n<\/li>\n<\/ul>\n<p><strong>Gipfelerfahrung und Transpersonale Realit\u00e4t<\/strong><\/p>\n<p>Bodynamic erkundet Gipfelerfahrungen als die Initiierung des Zugangs zum Wissen transpersonaler Realit\u00e4ten und um jenseits des Selbst Verbindung zu sp\u00fcren. Gipfelerafhrungen k\u00f6nenn als etwas positives und kraftvolles selbst behandelt werden, oder als Teil der Schocktraumatherapie eingebunden sein.<\/p>\n<p>&#8222;Mit Schocks als Gipfelerfahrungen zu arbeiten hilft dem Klienten Qualit\u00e4ten und Ressourcen zu erleben, die sein \u00dcberleben in der Schocksituation gesichert haben. In Gipfelerfahrungen gibt es einen\u00a0 Zustand der Gl\u00fcckseligkeit, eine h\u00f6here Art von Freude. Es kann\u00a0 widerspr\u00fcchlich klingen, dass intensive Angst und starker Schreck gleichzeitig als Gl\u00fcckseligkeit dargestellt werden, doch dies ist zutreffend. Hiermit zu arbeiten hilft uns die eigene W\u00fcrde zur\u00fcckzugewinnen und aus dieser Erfahrung gest\u00e4rkt hervorzugehen.&#8220;<\/p>\n<p>Bodynamic Analyse\u00a0 hilf Menschen ihre Hoffnung wiederzufinden und auf ihre unterbewussten Entscheidungen zu schauen, die sie im Rahmen der Schocksituation trafen, um diese zu \u00fcberpr\u00fcfen und ggf. neue Entscheidungen hinsichtlich der Sache zu treffen. Dies ist f\u00fcr die Aufl\u00f6sung eines spezifischen Schocks sehr wichtig.<\/p>\n<p>Bei der Arbeit mit der Gipfelerfahrung arbeitet man mit der einzigartigen, positiven hochenergetischen Erfahrung, die f\u00fcr Menschen normalerweise \u00fcberraschend ist. Es ist wertvoll diese Erfahrungen zu explorieren, weil sie voll hoher Intensit\u00e4t und freudevoller Sch\u00e4tze liegen. Indem Klienten unterst\u00fctzt werden die Faktoren zu verstehen, die zur Gipfelerfahrung beitrugen, k\u00f6nnen wir ihnen helfen neue M\u00f6glichkeiten in Richtung h\u00f6herer Lebensqualit\u00e4t geben.<\/p>\n<p><strong>Instinkt, Emotionen, Stimmung<\/strong><\/p>\n<p>Der Bodynamic Ansatz zum Verst\u00e4ndnis und zur Heilung von Schocks beinhaltet ebenfalls die Exploration von ineinandergreifenden Mustern auf Instinkt, Emotions, und Stimmungs-Ebene der menschlichen Erfahrung.<\/p>\n<p>Die Hirnforschung zeigt, dass\u00a0<em>Instinkte<\/em> Reaktionen sind, die mit Aktivierung der \u00e4ltesten Gehirnareale einhergehen &#8211; dem Stammhirn. Instinkte werden in Situationen aktiviert, in denen das Ich die hohe, intensive Energie, welche durch die Schocksituationen, Horror-Terror-Situationen, und lebensbedrohlichen Erfahrungen nicht handeln kann. Das Gehirn nimmt eine Lebensbedrohung und Tod war, ob die Bedrohung tats\u00e4chlich derartig ist oder nicht.<\/p>\n<p>Brain research has shown that\u00a0<em>Instincts<\/em>\u00a0are reactions that involve activity in the oldest part of the brain \u2013 the brainstem. Instincts are active in situations where the ego cannot manage the high intensity energy coming from Shock Trauma situations, horror-terror situations, and life threatening experiences. The brain perceives a threat of life and death whether the threat is real or not.<\/p>\n<p><em>Emotionen (oder Basisemotionen) <\/em>sind grundlegende Reaktionen, die dazu dienen Interaktion mit der Au\u00dfenwelt zu gestalten und zu regulieren. Auf Gehirnebene sind sie mit einer Aktivierung des Limbischen Systems verbunden, die Amygdala und den Hippocampus eingeschlossen.<\/p>\n<p><em>Stimmungen <\/em>sind eine Mischung aus einer oder mehreren Basisemotionen. Auf Gehirnebene sind sie in einer Aktivierung des frontalen Kortex verbunden, welcher unter anderem f\u00fcr die \u00dcberf\u00fchrung von Gedanken in W\u00f6rter zust\u00e4ndig ist.<\/p>\n<p>Indem wir die Beziehung dieser drei Schichten erforschen, erlangen wir ein besseres Verst\u00e4ndnis unserer Reaktionen auf triggernde Ereignisse, Emotionen, W\u00f6rter und Situationen. Jede Schicht kann ein Quelle innerer F\u00fchrung und St\u00e4rke sein, doch sie k\u00f6nnen uns auch \u00fcberw\u00e4ltigen oder bestimmen.<\/p>\n<p>Teil des Bodynamic Therapieansatzes ist es auch, dass Klienten lernen hohe Energien zu halten und Emotionen sowie Instinkte Teil ihrer inneren F\u00fchrung werden zu lassen bis sie schlie\u00dflich beginnen jede Charakteristik als Ressource zu entwickeln, ihre Optionen zum Selbstausdruck zu erweitern und jede dieser Eigenschaften in ihrem Alltagsleben zu halten.<\/p>\n<\/div><div class=\"fusion-clearfix\"><\/div><\/div><\/div><\/div><\/div><div class=\"fusion-fullwidth fullwidth-box fusion-builder-row-3 nonhundred-percent-fullwidth non-hundred-percent-height-scrolling\" style=\"--awb-border-radius-top-left:0px;--awb-border-radius-top-right:0px;--awb-border-radius-bottom-right:0px;--awb-border-radius-bottom-left:0px;--awb-margin-top:25px;--awb-flex-wrap:wrap;\" ><div class=\"fusion-builder-row fusion-row\"><div class=\"fusion-layout-column fusion_builder_column fusion-builder-column-2 fusion_builder_column_1_1 1_1 fusion-one-full fusion-column-first fusion-column-last\" style=\"--awb-bg-size:cover;\"><div class=\"fusion-column-wrapper fusion-flex-column-wrapper-legacy\"><div class=\"fusion-sep-clear\"><\/div><div class=\"fusion-separator fusion-full-width-sep\" style=\"margin-left: auto;margin-right: auto;width:100%;\"><div class=\"fusion-separator-border sep-shadow\" style=\"--awb-height:20px;--awb-amount:20px;background:radial-gradient(ellipse at 50% -50% , #e0dede 0px, rgba(255, 255, 255, 0) 80%) repeat scroll 0 0 rgba(0, 0, 0, 0);background:-webkit-radial-gradient(ellipse at 50% -50% , #e0dede 0px, rgba(255, 255, 255, 0) 80%) repeat scroll 0 0 rgba(0, 0, 0, 0);background:-moz-radial-gradient(ellipse at 50% -50% , #e0dede 0px, rgba(255, 255, 255, 0) 80%) repeat scroll 0 0 rgba(0, 0, 0, 0);background:-o-radial-gradient(ellipse at 50% -50% , #e0dede 0px, rgba(255, 255, 255, 0) 80%) repeat scroll 0 0 rgba(0, 0, 0, 0);\"><\/div><\/div><div class=\"fusion-sep-clear\"><\/div><div class=\"fusion-text fusion-text-3\"><h1>Neueste Blog Artikel<\/h1>\n<\/div><div class=\"fusion-recent-posts fusion-recent-posts-1 avada-container layout-default layout-columns-3\"><section class=\"fusion-columns columns fusion-columns-3 columns-3\"><article class=\"post fusion-column column col col-lg-4 col-md-4 col-sm-4\"><div class=\"fusion-flexslider fusion-flexslider-loading flexslider flexslider-hover-type-liftup\"><ul class=\"slides\"><li><a href=\"https:\/\/www.bodynamic.com\/de\/blog\/entwicklungstrauma-aus-der-sicht-von-bodynamic\/\" aria-label=\"ENTWICKLUNGSTRAUMA AUS DER SICHT VON BODYNAMIC\" class=\"hover-type-liftup\"><img decoding=\"async\" width=\"700\" height=\"441\" src=\"https:\/\/www.bodynamic.com\/wp-content\/uploads\/2020\/04\/Hoved-artikel-3-1-700x441.png\" class=\"attachment-recent-posts size-recent-posts\" alt=\"\" srcset=\"https:\/\/www.bodynamic.com\/wp-content\/uploads\/2020\/04\/Hoved-artikel-3-1-320x202.png 320w, https:\/\/www.bodynamic.com\/wp-content\/uploads\/2020\/04\/Hoved-artikel-3-1-700x441.png 700w\" sizes=\"(max-width: 700px) 100vw, 700px\" \/><\/a><\/li><\/ul><\/div><div class=\"recent-posts-content\"><span class=\"vcard\" style=\"display: none;\"><span class=\"fn\"><a href=\"https:\/\/www.bodynamic.com\/de\/blog\/author\/hadi\/\" title=\"Beitr\u00e4ge von Hadi Marcher\" rel=\"author\">Hadi Marcher<\/a><\/span><\/span><span class=\"updated\" style=\"display:none;\">2021-06-22T13:12:57+00:00<\/span><h4 class=\"entry-title\"><a href=\"https:\/\/www.bodynamic.com\/de\/blog\/entwicklungstrauma-aus-der-sicht-von-bodynamic\/\">ENTWICKLUNGSTRAUMA AUS DER SICHT VON BODYNAMIC<\/a><\/h4><p>Entwicklungstrauma aus der Sicht von Bodynamic Von Ditte Marcher &amp; Lene Wisbom, M\u00e4rz 2020, \u00a9Bodynamic International ApS Deutsche \u00dcbersetzung erstellt auf Basis der englischen \u00dcbersetzung von Tina Janken.\u00a0 \u00a0 \u00a0 \u00a0 \u00a0 \u00a0 \u00a0 \u00a0 [...]<\/p><\/div><\/article><\/section><\/div><div class=\"fusion-clearfix\"><\/div><\/div><\/div><\/div><\/div><div class=\"fusion-fullwidth fullwidth-box fusion-builder-row-4 nonhundred-percent-fullwidth non-hundred-percent-height-scrolling\" style=\"--awb-border-radius-top-left:0px;--awb-border-radius-top-right:0px;--awb-border-radius-bottom-right:0px;--awb-border-radius-bottom-left:0px;--awb-flex-wrap:wrap;\" ><div class=\"fusion-builder-row fusion-row\"><div class=\"fusion-layout-column fusion_builder_column fusion-builder-column-3 fusion_builder_column_1_1 1_1 fusion-one-full fusion-column-first fusion-column-last\" style=\"--awb-bg-size:cover;\"><div class=\"fusion-column-wrapper fusion-flex-column-wrapper-legacy\"><div class=\"fusion-aligncenter\"><a class=\"fusion-button button-flat fusion-button-default-size button-default fusion-button-default button-1 fusion-button-default-span fusion-button-default-type\" target=\"_self\" href=\"https:\/\/www.bodynamic.com\/de\/theorie\/\"><i class=\" fa fa-reply awb-button__icon awb-button__icon--default button-icon-left\" aria-hidden=\"true\"><\/i><span class=\"fusion-button-text awb-button__text awb-button__text--default\">zur\u00fcck zur Theorie-Hauptsseite<\/span><\/a><\/div><div class=\"fusion-clearfix\"><\/div><\/div><\/div><\/div><\/div><\/p>\n","protected":false},"excerpt":{"rendered":"","protected":false},"author":1,"featured_media":0,"parent":13917,"menu_order":0,"comment_status":"closed","ping_status":"closed","template":"100-width.php","meta":{"footnotes":""},"class_list":["post-12722","page","type-page","status-publish","hentry"],"yoast_head":"<!-- This site is optimized with the Yoast SEO plugin v27.5 - https:\/\/yoast.com\/product\/yoast-seo-wordpress\/ -->\n<title>Schocktrauma Theorie - Bodynamic International<\/title>\n<meta name=\"robots\" content=\"index, follow, max-snippet:-1, max-image-preview:large, max-video-preview:-1\" \/>\n<link rel=\"canonical\" href=\"https:\/\/www.bodynamic.com\/de\/theorie\/schocktrauma-theorie\/\" \/>\n<meta property=\"og:locale\" content=\"de_DE\" \/>\n<meta property=\"og:type\" content=\"article\" \/>\n<meta property=\"og:title\" content=\"Schocktrauma Theorie - Bodynamic International\" \/>\n<meta property=\"og:url\" content=\"https:\/\/www.bodynamic.com\/de\/theorie\/schocktrauma-theorie\/\" \/>\n<meta property=\"og:site_name\" content=\"Bodynamic International\" \/>\n<meta property=\"article:publisher\" content=\"https:\/\/www.facebook.com\/BodynamicInternational\" \/>\n<meta property=\"article:modified_time\" content=\"2022-06-17T12:31:17+00:00\" \/>\n<meta property=\"og:image\" content=\"https:\/\/www.bodynamic.com\/wp-content\/uploads\/2017\/10\/shock-trauma-fragment-300x169.jpg\" \/>\n<meta name=\"twitter:card\" content=\"summary_large_image\" \/>\n<meta name=\"twitter:label1\" content=\"Gesch\u00e4tzte Lesezeit\" \/>\n\t<meta name=\"twitter:data1\" content=\"10\u00a0Minuten\" \/>\n<script type=\"application\/ld+json\" class=\"yoast-schema-graph\">{\"@context\":\"https:\\\/\\\/schema.org\",\"@graph\":[{\"@type\":\"WebPage\",\"@id\":\"https:\\\/\\\/www.bodynamic.com\\\/de\\\/theorie\\\/schocktrauma-theorie\\\/\",\"url\":\"https:\\\/\\\/www.bodynamic.com\\\/de\\\/theorie\\\/schocktrauma-theorie\\\/\",\"name\":\"Schocktrauma Theorie - Bodynamic International\",\"isPartOf\":{\"@id\":\"https:\\\/\\\/www.bodynamic.com\\\/de\\\/#website\"},\"primaryImageOfPage\":{\"@id\":\"https:\\\/\\\/www.bodynamic.com\\\/de\\\/theorie\\\/schocktrauma-theorie\\\/#primaryimage\"},\"image\":{\"@id\":\"https:\\\/\\\/www.bodynamic.com\\\/de\\\/theorie\\\/schocktrauma-theorie\\\/#primaryimage\"},\"thumbnailUrl\":\"https:\\\/\\\/www.bodynamic.com\\\/wp-content\\\/uploads\\\/2017\\\/10\\\/shock-trauma-fragment-300x169.jpg\",\"datePublished\":\"2021-05-20T09:48:49+00:00\",\"dateModified\":\"2022-06-17T12:31:17+00:00\",\"breadcrumb\":{\"@id\":\"https:\\\/\\\/www.bodynamic.com\\\/de\\\/theorie\\\/schocktrauma-theorie\\\/#breadcrumb\"},\"inLanguage\":\"de\",\"potentialAction\":[{\"@type\":\"ReadAction\",\"target\":[\"https:\\\/\\\/www.bodynamic.com\\\/de\\\/theorie\\\/schocktrauma-theorie\\\/\"]}]},{\"@type\":\"ImageObject\",\"inLanguage\":\"de\",\"@id\":\"https:\\\/\\\/www.bodynamic.com\\\/de\\\/theorie\\\/schocktrauma-theorie\\\/#primaryimage\",\"url\":\"https:\\\/\\\/www.bodynamic.com\\\/wp-content\\\/uploads\\\/2017\\\/10\\\/shock-trauma-fragment-300x169.jpg\",\"contentUrl\":\"https:\\\/\\\/www.bodynamic.com\\\/wp-content\\\/uploads\\\/2017\\\/10\\\/shock-trauma-fragment-300x169.jpg\"},{\"@type\":\"BreadcrumbList\",\"@id\":\"https:\\\/\\\/www.bodynamic.com\\\/de\\\/theorie\\\/schocktrauma-theorie\\\/#breadcrumb\",\"itemListElement\":[{\"@type\":\"ListItem\",\"position\":1,\"name\":\"Home\",\"item\":\"https:\\\/\\\/www.bodynamic.com\\\/de\\\/\"},{\"@type\":\"ListItem\",\"position\":2,\"name\":\"Theorie\",\"item\":\"https:\\\/\\\/www.bodynamic.com\\\/de\\\/theorie\\\/\"},{\"@type\":\"ListItem\",\"position\":3,\"name\":\"Schocktrauma Theorie\"}]},{\"@type\":\"WebSite\",\"@id\":\"https:\\\/\\\/www.bodynamic.com\\\/de\\\/#website\",\"url\":\"https:\\\/\\\/www.bodynamic.com\\\/de\\\/\",\"name\":\"Bodynamic International\",\"description\":\"Somatic Developmental Psychology\",\"potentialAction\":[{\"@type\":\"SearchAction\",\"target\":{\"@type\":\"EntryPoint\",\"urlTemplate\":\"https:\\\/\\\/www.bodynamic.com\\\/de\\\/?s={search_term_string}\"},\"query-input\":{\"@type\":\"PropertyValueSpecification\",\"valueRequired\":true,\"valueName\":\"search_term_string\"}}],\"inLanguage\":\"de\"}]}<\/script>\n<!-- \/ Yoast SEO plugin. -->","yoast_head_json":{"title":"Schocktrauma Theorie - Bodynamic International","robots":{"index":"index","follow":"follow","max-snippet":"max-snippet:-1","max-image-preview":"max-image-preview:large","max-video-preview":"max-video-preview:-1"},"canonical":"https:\/\/www.bodynamic.com\/de\/theorie\/schocktrauma-theorie\/","og_locale":"de_DE","og_type":"article","og_title":"Schocktrauma Theorie - Bodynamic International","og_url":"https:\/\/www.bodynamic.com\/de\/theorie\/schocktrauma-theorie\/","og_site_name":"Bodynamic International","article_publisher":"https:\/\/www.facebook.com\/BodynamicInternational","article_modified_time":"2022-06-17T12:31:17+00:00","og_image":[{"url":"https:\/\/www.bodynamic.com\/wp-content\/uploads\/2017\/10\/shock-trauma-fragment-300x169.jpg","type":"","width":"","height":""}],"twitter_card":"summary_large_image","twitter_misc":{"Gesch\u00e4tzte Lesezeit":"10\u00a0Minuten"},"schema":{"@context":"https:\/\/schema.org","@graph":[{"@type":"WebPage","@id":"https:\/\/www.bodynamic.com\/de\/theorie\/schocktrauma-theorie\/","url":"https:\/\/www.bodynamic.com\/de\/theorie\/schocktrauma-theorie\/","name":"Schocktrauma Theorie - Bodynamic International","isPartOf":{"@id":"https:\/\/www.bodynamic.com\/de\/#website"},"primaryImageOfPage":{"@id":"https:\/\/www.bodynamic.com\/de\/theorie\/schocktrauma-theorie\/#primaryimage"},"image":{"@id":"https:\/\/www.bodynamic.com\/de\/theorie\/schocktrauma-theorie\/#primaryimage"},"thumbnailUrl":"https:\/\/www.bodynamic.com\/wp-content\/uploads\/2017\/10\/shock-trauma-fragment-300x169.jpg","datePublished":"2021-05-20T09:48:49+00:00","dateModified":"2022-06-17T12:31:17+00:00","breadcrumb":{"@id":"https:\/\/www.bodynamic.com\/de\/theorie\/schocktrauma-theorie\/#breadcrumb"},"inLanguage":"de","potentialAction":[{"@type":"ReadAction","target":["https:\/\/www.bodynamic.com\/de\/theorie\/schocktrauma-theorie\/"]}]},{"@type":"ImageObject","inLanguage":"de","@id":"https:\/\/www.bodynamic.com\/de\/theorie\/schocktrauma-theorie\/#primaryimage","url":"https:\/\/www.bodynamic.com\/wp-content\/uploads\/2017\/10\/shock-trauma-fragment-300x169.jpg","contentUrl":"https:\/\/www.bodynamic.com\/wp-content\/uploads\/2017\/10\/shock-trauma-fragment-300x169.jpg"},{"@type":"BreadcrumbList","@id":"https:\/\/www.bodynamic.com\/de\/theorie\/schocktrauma-theorie\/#breadcrumb","itemListElement":[{"@type":"ListItem","position":1,"name":"Home","item":"https:\/\/www.bodynamic.com\/de\/"},{"@type":"ListItem","position":2,"name":"Theorie","item":"https:\/\/www.bodynamic.com\/de\/theorie\/"},{"@type":"ListItem","position":3,"name":"Schocktrauma Theorie"}]},{"@type":"WebSite","@id":"https:\/\/www.bodynamic.com\/de\/#website","url":"https:\/\/www.bodynamic.com\/de\/","name":"Bodynamic International","description":"Somatic Developmental Psychology","potentialAction":[{"@type":"SearchAction","target":{"@type":"EntryPoint","urlTemplate":"https:\/\/www.bodynamic.com\/de\/?s={search_term_string}"},"query-input":{"@type":"PropertyValueSpecification","valueRequired":true,"valueName":"search_term_string"}}],"inLanguage":"de"}]}},"_links":{"self":[{"href":"https:\/\/www.bodynamic.com\/de\/wp-json\/wp\/v2\/pages\/12722","targetHints":{"allow":["GET"]}}],"collection":[{"href":"https:\/\/www.bodynamic.com\/de\/wp-json\/wp\/v2\/pages"}],"about":[{"href":"https:\/\/www.bodynamic.com\/de\/wp-json\/wp\/v2\/types\/page"}],"author":[{"embeddable":true,"href":"https:\/\/www.bodynamic.com\/de\/wp-json\/wp\/v2\/users\/1"}],"replies":[{"embeddable":true,"href":"https:\/\/www.bodynamic.com\/de\/wp-json\/wp\/v2\/comments?post=12722"}],"version-history":[{"count":5,"href":"https:\/\/www.bodynamic.com\/de\/wp-json\/wp\/v2\/pages\/12722\/revisions"}],"predecessor-version":[{"id":37726,"href":"https:\/\/www.bodynamic.com\/de\/wp-json\/wp\/v2\/pages\/12722\/revisions\/37726"}],"up":[{"embeddable":true,"href":"https:\/\/www.bodynamic.com\/de\/wp-json\/wp\/v2\/pages\/13917"}],"wp:attachment":[{"href":"https:\/\/www.bodynamic.com\/de\/wp-json\/wp\/v2\/media?parent=12722"}],"curies":[{"name":"wp","href":"https:\/\/api.w.org\/{rel}","templated":true}]}}