{"id":5003,"date":"2021-01-02T22:08:40","date_gmt":"2021-01-02T22:08:40","guid":{"rendered":"https:\/\/www.bodynamic.com\/?page_id=5003"},"modified":"2024-02-08T12:07:36","modified_gmt":"2024-02-08T12:07:36","slug":"chok-traume","status":"publish","type":"page","link":"https:\/\/www.bodynamic.com\/da\/udannelser-traeninger\/chok-traume\/","title":{"rendered":"Chok Traume"},"content":{"rendered":"<p><div class=\"fusion-fullwidth fullwidth-box fusion-builder-row-1 fusion-parallax-none nonhundred-percent-fullwidth non-hundred-percent-height-scrolling\" style=\"--awb-border-radius-top-left:0px;--awb-border-radius-top-right:0px;--awb-border-radius-bottom-right:0px;--awb-border-radius-bottom-left:0px;--awb-background-image:url(&quot;https:\/\/www.bodynamic.com\/wp-content\/uploads\/2017\/10\/shutterstock_217119214-1024x430.jpg&quot;);--awb-background-size:cover;--awb-flex-wrap:wrap;\" ><div class=\"fusion-builder-row fusion-row\"><div class=\"fusion-layout-column fusion_builder_column fusion-builder-column-0 fusion_builder_column_1_1 1_1 fusion-one-full fusion-column-first fusion-column-last\" style=\"--awb-bg-size:cover;\"><div class=\"fusion-column-wrapper fusion-flex-column-wrapper-legacy\"><div class=\"fusion-sep-clear\"><\/div><div class=\"fusion-separator fusion-full-width-sep\" style=\"margin-left: auto;margin-right: auto;margin-top:150px;margin-bottom:150px;width:100%;\"><\/div><div class=\"fusion-sep-clear\"><\/div><div class=\"fusion-clearfix\"><\/div><\/div><\/div><\/div><\/div><div class=\"fusion-fullwidth fullwidth-box fusion-builder-row-2 nonhundred-percent-fullwidth non-hundred-percent-height-scrolling\" style=\"--awb-border-radius-top-left:0px;--awb-border-radius-top-right:0px;--awb-border-radius-bottom-right:0px;--awb-border-radius-bottom-left:0px;--awb-margin-top:25px;--awb-flex-wrap:wrap;\" ><div class=\"fusion-builder-row fusion-row\"><div class=\"fusion-layout-column fusion_builder_column fusion-builder-column-1 fusion_builder_column_1_1 1_1 fusion-one-full fusion-column-first fusion-column-last\" style=\"--awb-bg-size:cover;\"><div class=\"fusion-column-wrapper fusion-flex-column-wrapper-legacy\"><div class=\"fusion-text fusion-text-1\"><h2 style=\"text-align: center;\"><strong>Chok Traume Uddannelse<\/strong><\/h2>\n<p style=\"text-align: center;\">TR\u00c6NING I BODYNAMIC\u2019S CHOK TRAUME TERAPI \u2013\u00a0 H\u00c5NDTERING AF CHOK TRAUMER OG PTSD<\/p>\n<\/div><div class=\"fusion-sep-clear\"><\/div><div class=\"fusion-separator fusion-full-width-sep\" style=\"margin-left: auto;margin-right: auto;margin-top:15PX;margin-bottom:15PX;width:100%;\"><div class=\"fusion-separator-border sep-double\" style=\"--awb-height:20px;--awb-amount:20px;border-color:#e0dede;border-top-width:1px;border-bottom-width:1px;\"><\/div><\/div><div class=\"fusion-sep-clear\"><\/div><div class=\"fusion-video fusion-vimeo fusion-aligncenter\" style=\"--awb-max-width:600px;--awb-max-height:360px;--awb-width:100%;\"><div class=\"video-shortcode\"><div class=\"fluid-width-video-wrapper\" style=\"padding-top:60%;\" ><iframe title=\"Vimeo video player 1\" src=\"https:\/\/player.vimeo.com\/video\/312876931?autoplay=0&amp;autopause=0\" width=\"600\" height=\"360\" allowfullscreen allow=\"autoplay; fullscreen\"><\/iframe><\/div><\/div><\/div><div class=\"fusion-sep-clear\"><\/div><div class=\"fusion-separator fusion-full-width-sep\" style=\"margin-left: auto;margin-right: auto;margin-top:15PX;margin-bottom:15PX;width:100%;\"><div class=\"fusion-separator-border sep-double\" style=\"--awb-height:20px;--awb-amount:20px;border-color:#e0dede;border-top-width:1px;border-bottom-width:1px;\"><\/div><\/div><div class=\"fusion-sep-clear\"><\/div><div class=\"fusion-clearfix\"><\/div><\/div><\/div><div class=\"fusion-layout-column fusion_builder_column fusion-builder-column-2 fusion_builder_column_1_1 1_1 fusion-one-full fusion-column-first fusion-column-last\" style=\"--awb-bg-size:cover;\"><div class=\"fusion-column-wrapper fusion-flex-column-wrapper-legacy\"><div class=\"fusion-text fusion-text-2\" style=\"--awb-text-transform:none;\"><h2 style=\"text-align: center;\"><strong>Chok Traume Uddannelse<\/strong><\/h2>\n<p style=\"text-align: center;\">TR\u00c6NING I BODYNAMIC\u2019S CHOK TRAUME TERAPI \u2013\u00a0 H\u00c5NDTERING AF CHOK TRAUMER OG PTSD<\/p>\n<p><em>Med denne 30 dages tr\u00e6ning s\u00e6tter vi fokus p\u00e5 choktraumer og behandlingen af disse.<br \/>\nVi har indsamlet teori og inspiration, og arbejdet med terapi og undervisning i dansk, europ\u00e6isk og internationalt regi <\/em><em>gennem 15-20 \u00e5r. Ud fra et klart kropsligt integreret perspektiv vil vi tilbyde denne tr\u00e6ning for professionelle behandlere og terapeuter, der vil <\/em><em>vide og kunne mere om forl\u00f8sning af choktraumer og opbygning af nye ressourcer.<\/em><\/p>\n<p><strong>Pris: <\/strong>alle 30 dage 30.000 kr<strong>.<\/strong><strong><img fetchpriority=\"high\" decoding=\"async\" class=\"alignright size-medium wp-image-1096\" src=\"https:\/\/www.bodynamic.com\/wp-content\/uploads\/2017\/10\/shock-trauma-training-ptsd-bodynamic-300x232.jpg\" alt=\"\" width=\"300\" height=\"232\" srcset=\"https:\/\/www.bodynamic.com\/wp-content\/uploads\/2017\/10\/shock-trauma-training-ptsd-bodynamic-200x155.jpg 200w, https:\/\/www.bodynamic.com\/wp-content\/uploads\/2017\/10\/shock-trauma-training-ptsd-bodynamic-300x232.jpg 300w, https:\/\/www.bodynamic.com\/wp-content\/uploads\/2017\/10\/shock-trauma-training-ptsd-bodynamic-400x309.jpg 400w, https:\/\/www.bodynamic.com\/wp-content\/uploads\/2017\/10\/shock-trauma-training-ptsd-bodynamic-600x464.jpg 600w, https:\/\/www.bodynamic.com\/wp-content\/uploads\/2017\/10\/shock-trauma-training-ptsd-bodynamic-768x594.jpg 768w, https:\/\/www.bodynamic.com\/wp-content\/uploads\/2017\/10\/shock-trauma-training-ptsd-bodynamic-800x618.jpg 800w, https:\/\/www.bodynamic.com\/wp-content\/uploads\/2017\/10\/shock-trauma-training-ptsd-bodynamic.jpg 1000w\" sizes=\"(max-width: 300px) 100vw, 300px\" \/><\/strong><\/p>\n<p><strong>Del 1 og del 2 er p\u00e5 hver 3 x 5 dage og koster 15.000 kr. hver:<\/strong><\/p>\n<p>Deltagelse p\u00e5 del 1 er et krav for deltagelse p\u00e5 del 2..<\/p>\n<p><a href=\"https:\/\/www.bodynamic.com\/wp-content\/uploads\/2022\/10\/Chok-Traume-ansogningsskema-2023-24.pdf\"><strong>\u00a0Hent ans\u00f8gningsskema her<\/strong><\/a><\/p>\n<p><strong>Indholdet i tr\u00e6ningen<\/strong><\/p>\n<p>Uddannelsen omfatter formidling af teorier og viden samt f\u00e6rdighedstr\u00e6ning.<br \/>\nF\u00f8lgende temaer vil blive pr\u00e6senteret:<\/p>\n<ul>\n<li>Bevidstg\u00f8relse af ressourcerne i chokreaktioner, herunder sammenh\u00e6ngen mellem h\u00f8jdepunktsoplevelser (peakoplevelser) og chokoplevelser.<\/li>\n<li>Tr\u00e6ning i at n\u00e6rme sig choktraumer ressourceorienteret.<\/li>\n<li>Forst\u00e5else af hvad choktraumer er, og hvad der adskiller dem fra (og overlapper med) karakterologiske traumer \u2013 herunder teori om hjernens funktion.<\/li>\n<li>Samspillet mellem karakterpr\u00e6gninger, Jeg-styrke og chokreaktioner.<\/li>\n<li>Tr\u00e6ning i kropslige mestringsstrategier, kropssansning og i hvordan man \u00f8ger et menneskes evne til at reagere hensigtsm\u00e6ssigt i choksituationer.<\/li>\n<li>Faser i bearbejdningen af choktraumer \u2013 og redskaber der kan anvendes i forskellige faser \u2013 fra akut krisehj\u00e6lp, til mere langvarig krisehj\u00e6lp, henover arbejde med at \u00f8ge Jeg-ets ressourcer, til forl\u00f8sning af langvarige PTSD-reaktioner v\u00e6vet ind i karakterm\u00f8nstre.<\/li>\n<li>Tr\u00e6ning i Bodynamic\u2019s metode til heling af kernen i et chok inkl. arbejde med flugtrefleks, angrebsrefleks, tonisk immobilitet, sikkert sted, kropslige l\u00e5sninger, ude af kroppen- og andre dissociative tilstande samt fremme af den parasympatiske tilstand RO<\/li>\n<li>Forandring af \u201cbeslutninger\u201d truffet i den traumatiske bevidsthedstilstand, d.v.s. dannelse af \u201cnybeslutninger\u201d samt \u201cre-orientering\u201d og herunder unders\u00f8gelse af, hvordan man bruger den genvundne livsenergi.<\/li>\n<li>Fokus p\u00e5 skyld og tilgivelse samt ritualer og spiritualitet i forbindelse med choktraumer.<\/li>\n<li>Kulturens betydning for udviklingen af mestringskapacitet i forhold til stress og chok.<\/li>\n<li>Overf\u00f8ring\/modoverf\u00f8ring i arbejde med choktraumer \u2013 herunder hvad man kan stille op med \u201csekund\u00e6r traumatisering\u201d, \u201cbelastnings traumatisering\u201d og identifikation med traumeofret (\u201cspejling\u201d).<\/li>\n<li>Ressourceorienteret p\u00e6dagogik som del af den terapeutiske metode.<\/li>\n<li>Hvordan PTSD-symptomer viser sig, herunder somatiske symptomer.<\/li>\n<li>Forskellige typer af chok<\/li>\n<\/ul>\n<p><strong>Det specielle ved Bodynamic\u2019s arbejdsm\u00e5de og forst\u00e5elses perspektiv<\/strong><\/p>\n<p>Vi inddrager kroppen p\u00e5 meget konkrete, fysiske m\u00e5der i arbejdet med choktraumer:<\/p>\n<p>Klienten tr\u00e6nes i at sanse sin krop, opfatte reflektoriske bev\u00e6gelser og sanse de muskler, der aktiveres i bev\u00e6gelserne.<\/p>\n<p>Klienten tr\u00e6nes i at bruge denne pr\u00e6cise kropssansning som et redskab til at rumme h\u00f8jt stressniveau uden at beh\u00f8ve g\u00e5 ind i chokreaktioner eller uden at f\u00e5 aktiveret gamle chokoplevelser.<\/p>\n<p>Under arbejdet med selve chokkernen hj\u00e6lper vi klienten med at l\u00f8sne den kropsl\u00e5sning, choktraumet har efterladt i muskler og bindev\u00e6v. Dette g\u00f8res med en s\u00e6rlig teknik, hvor der arbejdes med fysisk modstand. Arbejdet sker i mange etaper i takt med at klienten kan rumme det materiale, der bliver tilg\u00e6ngeligt for bevidstheden, n\u00e5r den kropslige l\u00e5sning l\u00f8snes.<\/p>\n<p>Vi arbejder med reetablering af de sunde overlevelsesreflekser \u2013 flugtrefleks, kamprefleks og \u201cg\u00e5en d\u00f8d\u201d (tonisk immobilitet).<\/p>\n<p>Vi giver klienten mulighed for<\/p>\n<ul>\n<li>at m\u00e6rke og udl\u00f8se flugtrefleksen gennem l\u00f8b (p\u00e5 en madras) til et sikkert sted.<\/li>\n<li>at m\u00e6rke og udl\u00f8se kamprefleksen gennem arbejde med fysisk modstand, hvor klienten l\u00e6rer at h\u00e5ndtere det instinktive raseri.<\/li>\n<li>at m\u00e6rke og bevidstg\u00f8re de kropslige sansninger og bevidsthedstilstande, der er tilstede i den toniske immobilitet.<\/li>\n<\/ul>\n<p>Gennem arbejdet med de sunde reflekser genskabes kroppens basale evne til at skifte mellem parathed til aktivitet og handling (det sympatiske nervesystem) \u2013 og at v\u00e6re i hvile og ro (det parasympatiske nervesystem). Et af symptomerne i PTSD er, at balancen mellem disse 2 nervesystemer ikke fungerer optimalt eller meget d\u00e5rligt, med alvorlige fysiologiske konsekvenser for den p\u00e5g\u00e6ldende.<\/p>\n<p>Vores m\u00e5l er aldrig kun at afhj\u00e6lpe virkningerne af et choktraume, men samtidig at udvikle nye kognitive og kropslige ressourcer og handlef\u00e6rdigheder,s\u00e5 klienten kan forblive fokuseret i kontakt og i stand til at handle i situationer med h\u00f8jintensivt energiniveau.<\/p>\n<p>Vi opn\u00e5r dette, dels gennem konkret tr\u00e6ning i kognitive og kropslige f\u00e6rdigheder, s\u00e5 Jeg\u2019ets kapacitet og r\u00e6kkevidde udvides, og dels gennem fokus p\u00e5 ressourcerne i menneskers chokreaktioner.<\/p>\n<p>Dette indeb\u00e6rer, at klienten hj\u00e6lpes til at fatte og opleve peakoplevelsen (h\u00f8jdepunktsoplevelsen) i chokket \u2013 den kraft som gjorde, at han\/hun overlevede bedst muligt, hvad enten det var gennem kamp, flugt eller ved at \u201cg\u00e5 d\u00f8d\u201d.<\/p>\n<p>Klienten l\u00e6rer at forst\u00e5 , sanse og integrere sit \u201cMig\u201d. Mig\u2019et forst\u00e5et som den del af et menneske, der rummer den reflektoriske, automatiserede og intuitive viden om handlemuligheder i h\u00f8jintensiv energi \u2013 s\u00e5vel chok som peak, og klienten hj\u00e6lpes til at \u201cbygge bro\u201d mellem Jeg\u2019et og Mig\u2019et.<\/p>\n<p>En del af de vanskeligheder mennesker f\u00e5r efter et traume kommer fra Jeg-ets reaktion, n\u00e5r \u201cvi kommer til os selv igen\u201d eller \u201ckommer tilbage til virkeligheden\u201d \u2013 og Jeg-et opdager, hvad der er sket. At bevidstg\u00f8re relationen mellem Jeg-et og Mig-et st\u00f8tter helingen af traumer.<\/p>\n<p>Det terapeutiske arbejde med et choktraume anses f\u00f8rst for afsluttet, n\u00e5r klienten sammen med terapeuten kan rejse og rumme en h\u00f8jenergi p\u00e5 samme niveau, som den der var i chokket, s\u00e5ledes at beslutninger, som er \u201cbr\u00e6ndt ind\u201d i choksituationen kan kontaktes, forl\u00f8ses og omstruktureres til ny-beslutninger og reorientering i verden.<\/p>\n<p>Alle de beskrevne elementer i Bodynamic\u2019s choktraumeterapi vil blive demonstreret, erfaret p\u00e5 egen krop og tr\u00e6net p\u00e5 efteruddannelsen \u2013 s\u00e5 eleverne l\u00e6rer at arbejde med heling af choktraumer p\u00e5 en m\u00e5de, hvor klienten kommer ud af traumebearbejdningen bedre rustet, end han\/hun var inden traumet skete \u2013 med kontakt til flere ressourcer og dermed bedre i stand til at h\u00e5ndtere en lignende situation en anden gang.<\/p>\n<p>St\u00f8tte fra den videnskabelige verden:<\/p>\n<p>Vi har i en \u00e5rr\u00e6kke haft kontakt med Bessel van der Kolk, en verdenskendt forsker og forfatter indenfor PTSD.<br \/>\nVan der Kolk\u2019s holdninger st\u00f8tter Bodynamic\u2019s og andre kropspsykoterapeutiske m\u00e5der at arbejde med choktraumer. Han udtrykker det s\u00e5ledes: \u201cThe body keeps the score\u201d. Verbal terapi er ikke nok i arbejdet med heling af choktraumer. For at n\u00e5 ind til de dele af hjernen, hvor traumeerindringen er l\u00e5st, er det n\u00f8dvendigt at inkludere kroppen.<\/p>\n<p>Vi ser frem til fortsat kontakt med Van der Kolk, og \u00f8nsker derigennem at kunne v\u00e6re med til at p\u00e5virke forskningen omkring PTSD.<\/p>\n<p>Teoretisk \u2013 omkring forst\u00e5elsen af choktraumer \u2013 er vi p\u00e5 linje med flere af de f\u00f8rende forskere og forfattere indenfor PTSD-feltet \u2013 Lars Weiseth, Alexander MacFarlane, Onno van der Hart, Judith Hermann \u2013 og ogs\u00e5 med andre kropsorienterede terapeuter som Peter Levine og Babette Rothschild.<\/p>\n<p>Det er i udformningen af de praktiske arbejdsmetoder, og i holdningen til klient\/terapeut-relationen, forskellene viser sig.<\/p>\n<p>Vi har udviklet vores metoder til behandling af choktraumer parallelt med og baseret p\u00e5 udviklingen af Bodynamic Analyse, en kropsorienteret psykoterapi med specialviden om psykomotorisk udvikling (startende fra reflekssystemet) og musklernes funktion i udviklingen af menneskers ressourcer og forsvarsm\u00f8nstre. Bodynamic Analyse har beskrevet en udviklingsteori, der betragter samh\u00f8righed og v\u00e6rdighed som de dybeste drivkr\u00e6fter i mennesket.<\/p>\n<p>Det er denne kropslige og kognitive pr\u00e6cision, samt vores forhold til samh\u00f8righed, vi har taget med os ind i arbejdet med choktraumer.<\/p>\n<p><strong>M\u00e5lgruppe for tr\u00e6ningsprogrammet<\/strong><\/p>\n<p>Professionelle behandlere eller undervisere, der arbejder b\u00e5de forebyggende og efterbehandlende med befolkningsgrupper i fag med h\u00f8jrisiko, eller med mennesker pr\u00e6get af chok, krise og PTSD \u2013 dvs. psykologer, psykoterapeuter, fysioterapeuter, socialarbejdere og sygeplejersker, medarbejdere ved krisecentre og torturcentre, psykiatrisk plejepersonale, psykiatere, n\u00f8dhj\u00e6lpsarbejdere, politifolk samt mange andre.<\/p>\n<p><strong>Undervisningsform<\/strong><\/p>\n<p>Opl\u00e6g, diskussion, demonstration, \u00f8velser, praktisk tr\u00e6ning, supervision, l\u00e6sning af litteratur (Bodynamic litteratur og andre kilder), video af traumeinterviews, film.<\/p>\n<p>Praktiske interview- og bearbejdningsteknikker tr\u00e6nes undervejs.<\/p>\n<p>Deltagerne skiftes til at v\u00e6re terapeuter for hinanden under supervision af underviserne. For at kunne tr\u00e6ne interventionerne realistisk, arbejder alle deltagere som klienter med at bearbejde en (chok)traumatisk begivenhed fra eget liv.<br \/>\nDet er her hensigtsm\u00e6ssigt at v\u00e6lge mindre f\u00f8lelsesladede begivenheder som emne (et \u201cmikrochok\u201d) \u2013 da tr\u00e6ning i brug af metoderne er det centrale.<\/p>\n<p><strong>Hjemmearbejde mellem kurserne<\/strong><\/p>\n<p>Deltagerne forventes at arbejde i tr\u00e6ningsgrupper mellem kurserne. Arbejdet vil omfatte diskussion\/bearbejdning ud fra litteratur og film, som p\u00e5 forskellig m\u00e5de illustrerer chokbegivenheder og chokreaktioner.<br \/>\nTr\u00e6ning i interviewteknikker vil ogs\u00e5 indg\u00e5 i tr\u00e6ningsgruppernes arbejde, samt repetition af de kropslige tr\u00e6ningsmetoder.<\/p>\n<p><strong>Praktiske oplysninger<\/strong><\/p>\n<p>Pris for disse 30 dage er 30.000 kr.<br \/>\nPris for f\u00f8rste del (3\u00d75 dage) er 15.ooo kr.<br \/>\nPris for anden del (3\u00d75 dage) er 15.000 kr.<br \/>\nDeltagelse p\u00e5 anden del foruds\u00e6tter at man har deltaget p\u00e5 f\u00f8rste del.<\/p>\n<p>Sp\u00f8rgsm\u00e5l af faglig eller praktisk karakter rettes til Nadine Vinther \u2013 p\u00e5 tlf. 31 50 40 65 eller <a href=\"mailto:lene@bodynamic.dk\">info@bodynamic.dk<\/a><\/p>\n<p><strong>Prim\u00e6re undervisere:<\/strong><\/p>\n<p><strong>Hovedl\u00e6rer: Ditte Marcher &#8211; <\/strong>Formand for bestyrelsen og senior tr\u00e6ner i Bodynamic International ApS. Fungerer som underviser, managementkonsulent og terapeut\/ supervisor.<\/p>\n<p><strong>Litteratur om Bodynamic\u2019s arbejde med choktraumer<\/strong><\/p>\n<p>Artikel af Ditte Marcher og Lene Wisbom \u2013 <a href=\"https:\/\/www.bodynamic.com\/wp-content\/uploads\/2021\/01\/Psykoterapeuten-PTSD-sep-2014.pdf\"><strong>se her<\/strong><\/a><\/p>\n<p>Copyright \u00a9 2021 Bodynamic International ApS | Alle rettigheder reserveret \/ All rights reserved | Forbehold for trykfejl og \u00e6ndringer<\/p>\n<\/div><div class=\"fusion-clearfix\"><\/div><\/div><\/div><\/div><\/div><div class=\"fusion-fullwidth fullwidth-box fusion-builder-row-3 nonhundred-percent-fullwidth non-hundred-percent-height-scrolling\" style=\"--awb-border-radius-top-left:0px;--awb-border-radius-top-right:0px;--awb-border-radius-bottom-right:0px;--awb-border-radius-bottom-left:0px;--awb-flex-wrap:wrap;\" ><div class=\"fusion-builder-row fusion-row\"><div class=\"fusion-layout-column fusion_builder_column fusion-builder-column-3 fusion_builder_column_1_1 1_1 fusion-one-full fusion-column-first fusion-column-last\" style=\"--awb-bg-size:cover;\"><div class=\"fusion-column-wrapper fusion-flex-column-wrapper-legacy\"><div class=\"fusion-aligncenter\"><a class=\"fusion-button button-flat fusion-button-default-size button-default fusion-button-default button-1 fusion-button-default-span fusion-button-default-type\" target=\"_self\" href=\"https:\/\/www.bodynamic.com\/da\/udannelser-traeninger\/\"><i class=\"fa-reply fas awb-button__icon awb-button__icon--default button-icon-left\" aria-hidden=\"true\"><\/i><span class=\"fusion-button-text awb-button__text awb-button__text--default\">Tilbage til hoved tr\u00e6ningsside<\/span><\/a><\/div><div class=\"fusion-clearfix\"><\/div><\/div><\/div><\/div><\/div><\/p>\n","protected":false},"excerpt":{"rendered":"","protected":false},"author":12,"featured_media":0,"parent":2619,"menu_order":0,"comment_status":"closed","ping_status":"closed","template":"100-width.php","meta":{"footnotes":""},"class_list":["post-5003","page","type-page","status-publish","hentry"],"yoast_head":"<!-- This site is optimized with the Yoast SEO plugin v27.3 - https:\/\/yoast.com\/product\/yoast-seo-wordpress\/ -->\n<title>Chok Traume - Bodynamic International<\/title>\n<meta name=\"robots\" content=\"index, follow, max-snippet:-1, max-image-preview:large, max-video-preview:-1\" \/>\n<link rel=\"canonical\" href=\"https:\/\/www.bodynamic.com\/da\/udannelser-traeninger\/chok-traume\/\" \/>\n<meta property=\"og:locale\" content=\"da_DK\" \/>\n<meta property=\"og:type\" content=\"article\" \/>\n<meta property=\"og:title\" content=\"Chok Traume - Bodynamic International\" \/>\n<meta property=\"og:url\" content=\"https:\/\/www.bodynamic.com\/da\/udannelser-traeninger\/chok-traume\/\" \/>\n<meta property=\"og:site_name\" content=\"Bodynamic International\" \/>\n<meta property=\"article:publisher\" content=\"https:\/\/www.facebook.com\/BodynamicInternational\" \/>\n<meta property=\"article:modified_time\" content=\"2024-02-08T12:07:36+00:00\" \/>\n<meta property=\"og:image\" content=\"https:\/\/www.bodynamic.com\/wp-content\/uploads\/2017\/10\/shock-trauma-training-ptsd-bodynamic-300x232.jpg\" \/>\n<meta name=\"twitter:card\" content=\"summary_large_image\" \/>\n<meta name=\"twitter:label1\" content=\"Estimeret l\u00e6setid\" \/>\n\t<meta name=\"twitter:data1\" content=\"9 minutter\" \/>\n<script type=\"application\/ld+json\" class=\"yoast-schema-graph\">{\"@context\":\"https:\\\/\\\/schema.org\",\"@graph\":[{\"@type\":\"WebPage\",\"@id\":\"https:\\\/\\\/www.bodynamic.com\\\/da\\\/udannelser-traeninger\\\/chok-traume\\\/\",\"url\":\"https:\\\/\\\/www.bodynamic.com\\\/da\\\/udannelser-traeninger\\\/chok-traume\\\/\",\"name\":\"Chok Traume - Bodynamic International\",\"isPartOf\":{\"@id\":\"https:\\\/\\\/www.bodynamic.com\\\/da\\\/#website\"},\"primaryImageOfPage\":{\"@id\":\"https:\\\/\\\/www.bodynamic.com\\\/da\\\/udannelser-traeninger\\\/chok-traume\\\/#primaryimage\"},\"image\":{\"@id\":\"https:\\\/\\\/www.bodynamic.com\\\/da\\\/udannelser-traeninger\\\/chok-traume\\\/#primaryimage\"},\"thumbnailUrl\":\"https:\\\/\\\/www.bodynamic.com\\\/wp-content\\\/uploads\\\/2017\\\/10\\\/shock-trauma-training-ptsd-bodynamic-300x232.jpg\",\"datePublished\":\"2021-01-02T22:08:40+00:00\",\"dateModified\":\"2024-02-08T12:07:36+00:00\",\"breadcrumb\":{\"@id\":\"https:\\\/\\\/www.bodynamic.com\\\/da\\\/udannelser-traeninger\\\/chok-traume\\\/#breadcrumb\"},\"inLanguage\":\"da-DK\",\"potentialAction\":[{\"@type\":\"ReadAction\",\"target\":[\"https:\\\/\\\/www.bodynamic.com\\\/da\\\/udannelser-traeninger\\\/chok-traume\\\/\"]}]},{\"@type\":\"ImageObject\",\"inLanguage\":\"da-DK\",\"@id\":\"https:\\\/\\\/www.bodynamic.com\\\/da\\\/udannelser-traeninger\\\/chok-traume\\\/#primaryimage\",\"url\":\"https:\\\/\\\/www.bodynamic.com\\\/wp-content\\\/uploads\\\/2017\\\/10\\\/shock-trauma-training-ptsd-bodynamic-300x232.jpg\",\"contentUrl\":\"https:\\\/\\\/www.bodynamic.com\\\/wp-content\\\/uploads\\\/2017\\\/10\\\/shock-trauma-training-ptsd-bodynamic-300x232.jpg\"},{\"@type\":\"BreadcrumbList\",\"@id\":\"https:\\\/\\\/www.bodynamic.com\\\/da\\\/udannelser-traeninger\\\/chok-traume\\\/#breadcrumb\",\"itemListElement\":[{\"@type\":\"ListItem\",\"position\":1,\"name\":\"Home\",\"item\":\"https:\\\/\\\/www.bodynamic.com\\\/da\\\/\"},{\"@type\":\"ListItem\",\"position\":2,\"name\":\"Udannelser &#8211; tr\u00e6ninger\",\"item\":\"https:\\\/\\\/www.bodynamic.com\\\/da\\\/udannelser-traeninger\\\/\"},{\"@type\":\"ListItem\",\"position\":3,\"name\":\"Chok Traume\"}]},{\"@type\":\"WebSite\",\"@id\":\"https:\\\/\\\/www.bodynamic.com\\\/da\\\/#website\",\"url\":\"https:\\\/\\\/www.bodynamic.com\\\/da\\\/\",\"name\":\"Bodynamic International\",\"description\":\"Somatic Developmental Psychology\",\"potentialAction\":[{\"@type\":\"SearchAction\",\"target\":{\"@type\":\"EntryPoint\",\"urlTemplate\":\"https:\\\/\\\/www.bodynamic.com\\\/da\\\/?s={search_term_string}\"},\"query-input\":{\"@type\":\"PropertyValueSpecification\",\"valueRequired\":true,\"valueName\":\"search_term_string\"}}],\"inLanguage\":\"da-DK\"}]}<\/script>\n<!-- \/ Yoast SEO plugin. -->","yoast_head_json":{"title":"Chok Traume - Bodynamic International","robots":{"index":"index","follow":"follow","max-snippet":"max-snippet:-1","max-image-preview":"max-image-preview:large","max-video-preview":"max-video-preview:-1"},"canonical":"https:\/\/www.bodynamic.com\/da\/udannelser-traeninger\/chok-traume\/","og_locale":"da_DK","og_type":"article","og_title":"Chok Traume - Bodynamic International","og_url":"https:\/\/www.bodynamic.com\/da\/udannelser-traeninger\/chok-traume\/","og_site_name":"Bodynamic International","article_publisher":"https:\/\/www.facebook.com\/BodynamicInternational","article_modified_time":"2024-02-08T12:07:36+00:00","og_image":[{"url":"https:\/\/www.bodynamic.com\/wp-content\/uploads\/2017\/10\/shock-trauma-training-ptsd-bodynamic-300x232.jpg","type":"","width":"","height":""}],"twitter_card":"summary_large_image","twitter_misc":{"Estimeret l\u00e6setid":"9 minutter"},"schema":{"@context":"https:\/\/schema.org","@graph":[{"@type":"WebPage","@id":"https:\/\/www.bodynamic.com\/da\/udannelser-traeninger\/chok-traume\/","url":"https:\/\/www.bodynamic.com\/da\/udannelser-traeninger\/chok-traume\/","name":"Chok Traume - Bodynamic International","isPartOf":{"@id":"https:\/\/www.bodynamic.com\/da\/#website"},"primaryImageOfPage":{"@id":"https:\/\/www.bodynamic.com\/da\/udannelser-traeninger\/chok-traume\/#primaryimage"},"image":{"@id":"https:\/\/www.bodynamic.com\/da\/udannelser-traeninger\/chok-traume\/#primaryimage"},"thumbnailUrl":"https:\/\/www.bodynamic.com\/wp-content\/uploads\/2017\/10\/shock-trauma-training-ptsd-bodynamic-300x232.jpg","datePublished":"2021-01-02T22:08:40+00:00","dateModified":"2024-02-08T12:07:36+00:00","breadcrumb":{"@id":"https:\/\/www.bodynamic.com\/da\/udannelser-traeninger\/chok-traume\/#breadcrumb"},"inLanguage":"da-DK","potentialAction":[{"@type":"ReadAction","target":["https:\/\/www.bodynamic.com\/da\/udannelser-traeninger\/chok-traume\/"]}]},{"@type":"ImageObject","inLanguage":"da-DK","@id":"https:\/\/www.bodynamic.com\/da\/udannelser-traeninger\/chok-traume\/#primaryimage","url":"https:\/\/www.bodynamic.com\/wp-content\/uploads\/2017\/10\/shock-trauma-training-ptsd-bodynamic-300x232.jpg","contentUrl":"https:\/\/www.bodynamic.com\/wp-content\/uploads\/2017\/10\/shock-trauma-training-ptsd-bodynamic-300x232.jpg"},{"@type":"BreadcrumbList","@id":"https:\/\/www.bodynamic.com\/da\/udannelser-traeninger\/chok-traume\/#breadcrumb","itemListElement":[{"@type":"ListItem","position":1,"name":"Home","item":"https:\/\/www.bodynamic.com\/da\/"},{"@type":"ListItem","position":2,"name":"Udannelser &#8211; tr\u00e6ninger","item":"https:\/\/www.bodynamic.com\/da\/udannelser-traeninger\/"},{"@type":"ListItem","position":3,"name":"Chok Traume"}]},{"@type":"WebSite","@id":"https:\/\/www.bodynamic.com\/da\/#website","url":"https:\/\/www.bodynamic.com\/da\/","name":"Bodynamic International","description":"Somatic Developmental Psychology","potentialAction":[{"@type":"SearchAction","target":{"@type":"EntryPoint","urlTemplate":"https:\/\/www.bodynamic.com\/da\/?s={search_term_string}"},"query-input":{"@type":"PropertyValueSpecification","valueRequired":true,"valueName":"search_term_string"}}],"inLanguage":"da-DK"}]}},"_links":{"self":[{"href":"https:\/\/www.bodynamic.com\/da\/wp-json\/wp\/v2\/pages\/5003","targetHints":{"allow":["GET"]}}],"collection":[{"href":"https:\/\/www.bodynamic.com\/da\/wp-json\/wp\/v2\/pages"}],"about":[{"href":"https:\/\/www.bodynamic.com\/da\/wp-json\/wp\/v2\/types\/page"}],"author":[{"embeddable":true,"href":"https:\/\/www.bodynamic.com\/da\/wp-json\/wp\/v2\/users\/12"}],"replies":[{"embeddable":true,"href":"https:\/\/www.bodynamic.com\/da\/wp-json\/wp\/v2\/comments?post=5003"}],"version-history":[{"count":16,"href":"https:\/\/www.bodynamic.com\/da\/wp-json\/wp\/v2\/pages\/5003\/revisions"}],"predecessor-version":[{"id":43805,"href":"https:\/\/www.bodynamic.com\/da\/wp-json\/wp\/v2\/pages\/5003\/revisions\/43805"}],"up":[{"embeddable":true,"href":"https:\/\/www.bodynamic.com\/da\/wp-json\/wp\/v2\/pages\/2619"}],"wp:attachment":[{"href":"https:\/\/www.bodynamic.com\/da\/wp-json\/wp\/v2\/media?parent=5003"}],"curies":[{"name":"wp","href":"https:\/\/api.w.org\/{rel}","templated":true}]}}