{"id":4805,"date":"2020-12-31T00:09:20","date_gmt":"2020-12-31T00:09:20","guid":{"rendered":"https:\/\/www.bodynamic.com\/udannelser-traeninger\/foundation\/"},"modified":"2022-07-25T09:52:45","modified_gmt":"2022-07-25T09:52:45","slug":"foundation","status":"publish","type":"page","link":"https:\/\/www.bodynamic.com\/da\/udannelser-traeninger\/foundation\/","title":{"rendered":"Foundation"},"content":{"rendered":"<p><div class=\"fusion-fullwidth fullwidth-box fusion-builder-row-1 fusion-parallax-none nonhundred-percent-fullwidth non-hundred-percent-height-scrolling\" style=\"--awb-border-radius-top-left:0px;--awb-border-radius-top-right:0px;--awb-border-radius-bottom-right:0px;--awb-border-radius-bottom-left:0px;--awb-background-image:url(&quot;https:\/\/www.bodynamic.com\/wp-content\/uploads\/2017\/10\/shutterstock_217119214-1024x430.jpg&quot;);--awb-background-size:cover;--awb-flex-wrap:wrap;\" ><div class=\"fusion-builder-row fusion-row\"><div class=\"fusion-layout-column fusion_builder_column fusion-builder-column-0 fusion_builder_column_1_1 1_1 fusion-one-full fusion-column-first fusion-column-last\" style=\"--awb-bg-size:cover;\"><div class=\"fusion-column-wrapper fusion-flex-column-wrapper-legacy\"><div class=\"fusion-sep-clear\"><\/div><div class=\"fusion-separator fusion-full-width-sep\" style=\"margin-left: auto;margin-right: auto;margin-top:150px;margin-bottom:150px;width:100%;\"><\/div><div class=\"fusion-sep-clear\"><\/div><div class=\"fusion-clearfix\"><\/div><\/div><\/div><\/div><\/div><div class=\"fusion-fullwidth fullwidth-box fusion-builder-row-2 nonhundred-percent-fullwidth non-hundred-percent-height-scrolling\" style=\"--awb-border-radius-top-left:0px;--awb-border-radius-top-right:0px;--awb-border-radius-bottom-right:0px;--awb-border-radius-bottom-left:0px;--awb-margin-top:30px;--awb-flex-wrap:wrap;\" ><div class=\"fusion-builder-row fusion-row\"><div class=\"fusion-layout-column fusion_builder_column fusion-builder-column-1 fusion_builder_column_1_1 1_1 fusion-one-full fusion-column-first fusion-column-last\" style=\"--awb-bg-size:cover;\"><div class=\"fusion-column-wrapper fusion-flex-column-wrapper-legacy\"><div class=\"fusion-text fusion-text-1\"><h2 style=\"text-align: center;\"><strong>Foundation Tr\u00e6ning<\/strong><\/h2>\n<pre id=\"tw-target-text\" class=\"tw-data-text tw-text-large tw-ta\" dir=\"ltr\" data-placeholder=\"Translation\"><span class=\"Y2IQFc\" lang=\"da\" style=\"font-family: georgia, palatino, serif; font-size: 12pt;\"><strong>Hvem er det til?<\/strong>\r\n\r\nGrunduddannelsen henvender sig til praktiserende terapeuter, der har gennemf\u00f8rt en uddannelse eller en tilsvarende psykoterapiuddannelse, is\u00e6r psykologer, dr\u00f8mmeterapeuter, \r\nkranio-sakral terapeuter, kropsterapeuter og kropspsykoterapeuter, men ogs\u00e5 til ud\u00f8vere af andre helbredende erhverv som naturl\u00e6ger, osteopater. , etc.\r\n\r\n<strong>Udvikling af karakterstrukturer<\/strong>\r\n\r\nFokus er p\u00e5 udviklingen af \u200b\u200bkarakterstrukturer ved at adressere specifikke behov og udfordringer i individuelle udviklingsfaser for alle mennesker (eksistens, autonomi osv.). \r\nHer har Bodynamic udviklet en unik differentieret model af karakterstrukturer gennem en 25-\u00e5rig empirisk unders\u00f8gelse. Den beskriver barnets udvikling i 7 faser fra 2. trimester in \r\nutero til 13. leve\u00e5r.\r\n\r\n<strong>Rolle af udviklingstraumer<\/strong>\r\n\r\nUdviklingstraumer spiller en afg\u00f8rende rolle i udviklingen og skabelsen af \u200b\u200bdisse strukturer. Udtrykket blev introduceret og brugt af Lisbeth Marcher, allerede f\u00f8r det blev popul\u00e6rt af \r\nBessel van der Kolk, en af \u200b\u200bde f\u00f8rende amerikanske psykiatere inden for traumeomr\u00e5det og dets virkninger.\r\n\r\n<strong>Tab af Selv<\/strong>\r\n\r\nUdviklingstraumer opst\u00e5r, n\u00e5r et barn oplever massiv og vedvarende afvisning, omsorgssvigt osv. gennem for\u00e6ldrene, i sammenh\u00e6ng med de centrale behov i en udviklingsfase. \r\nDet betyder, at barnet m\u00e5ske ikke udvikler centrale aspekter af sit eget selv eller kan ende med at opgive dem helt.\r\n\r\n<strong>Krops ego<\/strong>\r\n\r\nBarnet oplever i sin tidlige barndom i forhold til sin ydre verden ovenover, alt om sin krop (bodyego) og dens bev\u00e6gelse. Udover fysiske milep\u00e6le som at kravle, sidde, st\u00e5 og g\u00e5, skal barnet \r\nl\u00e6re en r\u00e6kke forskellige bev\u00e6gelsesm\u00f8nstre.\r\n\r\n<strong>Karaktertyper og positioner<\/strong>\r\n\r\nI denne tr\u00e6ning l\u00e6rer du, hvordan barnet bev\u00e6ger sig gennem individuelle faser ved at udvikle motoriske f\u00e6rdigheder og frivillig brug af muskler og muskeltonus reagerer p\u00e5 specifikke \r\nydre udviklingsm\u00e6ssige udfordringer. Tilsvarende dannes krops- og karakterstrukturer, der er opdelt i enten en mere hypotonisk (tidlig) eller en hypertonisk (sen) type, der hver is\u00e6r \r\nkr\u00e6ver en forskellig terapeutisk tilgang.\r\n\r\nDisse skaber en karakteristisk kropsholdning og et tilsvarende udtryk, mimik osv. Som en del af tr\u00e6ningspensum udforsker vi evnen til at genkende og \"l\u00e6se\" disse legemliggjorte \r\nkarakterstrukturer. Dette giver dig mulighed for at tr\u00e6de ind i den aldersspecifikke \"resonans\" hos din klient og at integrere disse respektive ressourcer optimalt i helingsprocessen.\r\n\r\nDerudover giver denne tr\u00e6ning dig en r\u00e6kke specifikke krops\u00f8velser og teknikker, samt viden, mere pr\u00e6cist, mere effektivt og effektivt, med traumatisering af dine klienter.<\/span><\/pre>\n<\/div><div class=\"fusion-aligncenter\"><a class=\"fusion-button button-flat button-large button-default fusion-button-default button-1 fusion-button-default-span fusion-button-default-type\" target=\"_self\" href=\"https:\/\/www.bodynamic.com\/da\/udannelser-traeninger\/\"><i class=\"fa-reply fas awb-button__icon awb-button__icon--default button-icon-left\" aria-hidden=\"true\"><\/i><span class=\"fusion-button-text awb-button__text awb-button__text--default\">Tilbage<\/span><\/a><\/div><div class=\"fusion-clearfix\"><\/div><\/div><\/div><\/div><\/div><\/p>\n","protected":false},"excerpt":{"rendered":"","protected":false},"author":1,"featured_media":0,"parent":2619,"menu_order":0,"comment_status":"closed","ping_status":"closed","template":"100-width.php","meta":{"footnotes":""},"class_list":["post-4805","page","type-page","status-publish","hentry"],"yoast_head":"<!-- This site is optimized with the Yoast SEO plugin v27.5 - https:\/\/yoast.com\/product\/yoast-seo-wordpress\/ -->\n<title>Foundation - Bodynamic International<\/title>\n<meta name=\"robots\" content=\"index, follow, max-snippet:-1, max-image-preview:large, max-video-preview:-1\" \/>\n<link rel=\"canonical\" href=\"https:\/\/www.bodynamic.com\/da\/udannelser-traeninger\/foundation\/\" \/>\n<meta property=\"og:locale\" content=\"da_DK\" \/>\n<meta property=\"og:type\" content=\"article\" \/>\n<meta property=\"og:title\" content=\"Foundation - Bodynamic International\" \/>\n<meta property=\"og:url\" content=\"https:\/\/www.bodynamic.com\/da\/udannelser-traeninger\/foundation\/\" \/>\n<meta property=\"og:site_name\" content=\"Bodynamic International\" \/>\n<meta property=\"article:publisher\" content=\"https:\/\/www.facebook.com\/BodynamicInternational\" \/>\n<meta property=\"article:modified_time\" content=\"2022-07-25T09:52:45+00:00\" \/>\n<meta name=\"twitter:card\" content=\"summary_large_image\" \/>\n<meta name=\"twitter:label1\" content=\"Estimeret l\u00e6setid\" \/>\n\t<meta name=\"twitter:data1\" content=\"5 minutter\" \/>\n<script type=\"application\/ld+json\" class=\"yoast-schema-graph\">{\"@context\":\"https:\\\/\\\/schema.org\",\"@graph\":[{\"@type\":\"WebPage\",\"@id\":\"https:\\\/\\\/www.bodynamic.com\\\/da\\\/udannelser-traeninger\\\/foundation\\\/\",\"url\":\"https:\\\/\\\/www.bodynamic.com\\\/da\\\/udannelser-traeninger\\\/foundation\\\/\",\"name\":\"Foundation - Bodynamic International\",\"isPartOf\":{\"@id\":\"https:\\\/\\\/www.bodynamic.com\\\/da\\\/#website\"},\"datePublished\":\"2020-12-31T00:09:20+00:00\",\"dateModified\":\"2022-07-25T09:52:45+00:00\",\"breadcrumb\":{\"@id\":\"https:\\\/\\\/www.bodynamic.com\\\/da\\\/udannelser-traeninger\\\/foundation\\\/#breadcrumb\"},\"inLanguage\":\"da-DK\",\"potentialAction\":[{\"@type\":\"ReadAction\",\"target\":[\"https:\\\/\\\/www.bodynamic.com\\\/da\\\/udannelser-traeninger\\\/foundation\\\/\"]}]},{\"@type\":\"BreadcrumbList\",\"@id\":\"https:\\\/\\\/www.bodynamic.com\\\/da\\\/udannelser-traeninger\\\/foundation\\\/#breadcrumb\",\"itemListElement\":[{\"@type\":\"ListItem\",\"position\":1,\"name\":\"Home\",\"item\":\"https:\\\/\\\/www.bodynamic.com\\\/da\\\/\"},{\"@type\":\"ListItem\",\"position\":2,\"name\":\"Udannelser &#8211; tr\u00e6ninger\",\"item\":\"https:\\\/\\\/www.bodynamic.com\\\/da\\\/udannelser-traeninger\\\/\"},{\"@type\":\"ListItem\",\"position\":3,\"name\":\"Foundation\"}]},{\"@type\":\"WebSite\",\"@id\":\"https:\\\/\\\/www.bodynamic.com\\\/da\\\/#website\",\"url\":\"https:\\\/\\\/www.bodynamic.com\\\/da\\\/\",\"name\":\"Bodynamic International\",\"description\":\"Somatic Developmental Psychology\",\"potentialAction\":[{\"@type\":\"SearchAction\",\"target\":{\"@type\":\"EntryPoint\",\"urlTemplate\":\"https:\\\/\\\/www.bodynamic.com\\\/da\\\/?s={search_term_string}\"},\"query-input\":{\"@type\":\"PropertyValueSpecification\",\"valueRequired\":true,\"valueName\":\"search_term_string\"}}],\"inLanguage\":\"da-DK\"}]}<\/script>\n<!-- \/ Yoast SEO plugin. -->","yoast_head_json":{"title":"Foundation - Bodynamic International","robots":{"index":"index","follow":"follow","max-snippet":"max-snippet:-1","max-image-preview":"max-image-preview:large","max-video-preview":"max-video-preview:-1"},"canonical":"https:\/\/www.bodynamic.com\/da\/udannelser-traeninger\/foundation\/","og_locale":"da_DK","og_type":"article","og_title":"Foundation - Bodynamic International","og_url":"https:\/\/www.bodynamic.com\/da\/udannelser-traeninger\/foundation\/","og_site_name":"Bodynamic International","article_publisher":"https:\/\/www.facebook.com\/BodynamicInternational","article_modified_time":"2022-07-25T09:52:45+00:00","twitter_card":"summary_large_image","twitter_misc":{"Estimeret l\u00e6setid":"5 minutter"},"schema":{"@context":"https:\/\/schema.org","@graph":[{"@type":"WebPage","@id":"https:\/\/www.bodynamic.com\/da\/udannelser-traeninger\/foundation\/","url":"https:\/\/www.bodynamic.com\/da\/udannelser-traeninger\/foundation\/","name":"Foundation - Bodynamic International","isPartOf":{"@id":"https:\/\/www.bodynamic.com\/da\/#website"},"datePublished":"2020-12-31T00:09:20+00:00","dateModified":"2022-07-25T09:52:45+00:00","breadcrumb":{"@id":"https:\/\/www.bodynamic.com\/da\/udannelser-traeninger\/foundation\/#breadcrumb"},"inLanguage":"da-DK","potentialAction":[{"@type":"ReadAction","target":["https:\/\/www.bodynamic.com\/da\/udannelser-traeninger\/foundation\/"]}]},{"@type":"BreadcrumbList","@id":"https:\/\/www.bodynamic.com\/da\/udannelser-traeninger\/foundation\/#breadcrumb","itemListElement":[{"@type":"ListItem","position":1,"name":"Home","item":"https:\/\/www.bodynamic.com\/da\/"},{"@type":"ListItem","position":2,"name":"Udannelser &#8211; tr\u00e6ninger","item":"https:\/\/www.bodynamic.com\/da\/udannelser-traeninger\/"},{"@type":"ListItem","position":3,"name":"Foundation"}]},{"@type":"WebSite","@id":"https:\/\/www.bodynamic.com\/da\/#website","url":"https:\/\/www.bodynamic.com\/da\/","name":"Bodynamic International","description":"Somatic Developmental Psychology","potentialAction":[{"@type":"SearchAction","target":{"@type":"EntryPoint","urlTemplate":"https:\/\/www.bodynamic.com\/da\/?s={search_term_string}"},"query-input":{"@type":"PropertyValueSpecification","valueRequired":true,"valueName":"search_term_string"}}],"inLanguage":"da-DK"}]}},"_links":{"self":[{"href":"https:\/\/www.bodynamic.com\/da\/wp-json\/wp\/v2\/pages\/4805","targetHints":{"allow":["GET"]}}],"collection":[{"href":"https:\/\/www.bodynamic.com\/da\/wp-json\/wp\/v2\/pages"}],"about":[{"href":"https:\/\/www.bodynamic.com\/da\/wp-json\/wp\/v2\/types\/page"}],"author":[{"embeddable":true,"href":"https:\/\/www.bodynamic.com\/da\/wp-json\/wp\/v2\/users\/1"}],"replies":[{"embeddable":true,"href":"https:\/\/www.bodynamic.com\/da\/wp-json\/wp\/v2\/comments?post=4805"}],"version-history":[{"count":23,"href":"https:\/\/www.bodynamic.com\/da\/wp-json\/wp\/v2\/pages\/4805\/revisions"}],"predecessor-version":[{"id":40269,"href":"https:\/\/www.bodynamic.com\/da\/wp-json\/wp\/v2\/pages\/4805\/revisions\/40269"}],"up":[{"embeddable":true,"href":"https:\/\/www.bodynamic.com\/da\/wp-json\/wp\/v2\/pages\/2619"}],"wp:attachment":[{"href":"https:\/\/www.bodynamic.com\/da\/wp-json\/wp\/v2\/media?parent=4805"}],"curies":[{"name":"wp","href":"https:\/\/api.w.org\/{rel}","templated":true}]}}