{"id":4646,"date":"2020-12-29T21:44:24","date_gmt":"2020-12-29T21:44:24","guid":{"rendered":"https:\/\/www.bodynamic.com\/?page_id=4646"},"modified":"2024-02-08T11:58:55","modified_gmt":"2024-02-08T11:58:55","slug":"foundation-traening","status":"publish","type":"page","link":"https:\/\/www.bodynamic.com\/da\/udannelser-traeninger\/foundation-traening\/","title":{"rendered":"FOUNDATION TR\u00c6NING"},"content":{"rendered":"<p><div class=\"fusion-fullwidth fullwidth-box fusion-builder-row-1 fusion-parallax-none nonhundred-percent-fullwidth non-hundred-percent-height-scrolling\" style=\"--awb-border-radius-top-left:0px;--awb-border-radius-top-right:0px;--awb-border-radius-bottom-right:0px;--awb-border-radius-bottom-left:0px;--awb-padding-top:150px;--awb-padding-bottom:150px;--awb-background-image:url(&quot;https:\/\/www.bodynamic.com\/wp-content\/uploads\/2017\/10\/shutterstock_217119214-1024x430.jpg&quot;);--awb-background-size:cover;--awb-flex-wrap:wrap;\" ><div class=\"fusion-builder-row fusion-row\"><div class=\"fusion-layout-column fusion_builder_column fusion-builder-column-0 fusion_builder_column_1_1 1_1 fusion-one-full fusion-column-first fusion-column-last\" style=\"--awb-bg-size:cover;\"><div class=\"fusion-column-wrapper fusion-flex-column-wrapper-legacy\"><div class=\"fusion-clearfix\"><\/div><\/div><\/div><\/div><\/div><div class=\"fusion-fullwidth fullwidth-box fusion-builder-row-2 fusion-flex-container nonhundred-percent-fullwidth non-hundred-percent-height-scrolling\" style=\"--awb-border-radius-top-left:0px;--awb-border-radius-top-right:0px;--awb-border-radius-bottom-right:0px;--awb-border-radius-bottom-left:0px;--awb-padding-top:25px;--awb-flex-wrap:wrap;\" ><div class=\"fusion-builder-row fusion-row fusion-flex-align-items-flex-start fusion-flex-content-wrap\" style=\"max-width:1144px;margin-left: calc(-4% \/ 2 );margin-right: calc(-4% \/ 2 );\"><div class=\"fusion-layout-column fusion_builder_column fusion-builder-column-1 fusion_builder_column_1_1 1_1 fusion-flex-column\" style=\"--awb-bg-size:cover;--awb-width-large:100%;--awb-margin-top-large:0px;--awb-spacing-right-large:1.92%;--awb-margin-bottom-large:20px;--awb-spacing-left-large:1.92%;--awb-width-medium:100%;--awb-order-medium:0;--awb-spacing-right-medium:1.92%;--awb-spacing-left-medium:1.92%;--awb-width-small:100%;--awb-order-small:0;--awb-spacing-right-small:1.92%;--awb-spacing-left-small:1.92%;\"><div class=\"fusion-column-wrapper fusion-column-has-shadow fusion-flex-justify-content-flex-start fusion-content-layout-column\"><div class=\"fusion-text fusion-text-1\" style=\"--awb-text-transform:none;\"><h1 class=\"entry-title\">1-\u00c5RIG FOUNDATION TR\u00c6NING \u2013 GRUNDUDDANNELSE<\/h1>\n<div class=\"entry-content\">\n<p><a href=\"http:\/\/www.bodynamic.dk\/foundation-traening\/hands-on-3\/#main\" rel=\"attachment wp-att-2455\"><img decoding=\"async\" class=\"size-thumbnail wp-image-2455 alignleft\" src=\"https:\/\/www.bodynamic.dk\/wp-content\/uploads\/2020\/12\/hands-on-3-150x150.jpg\" sizes=\"(max-width: 150px) 100vw, 150px\" srcset=\"https:\/\/www.bodynamic.dk\/wp-content\/uploads\/2020\/12\/hands-on-3-150x150.jpg 150w, https:\/\/www.bodynamic.dk\/wp-content\/uploads\/2020\/12\/hands-on-3.jpg 225w\" alt=\"\" width=\"150\" height=\"150\" \/><\/a><b><\/b><\/p>\n<p><span style=\"font-size: 14pt;\"><strong>1 \u00e5rig p\u00e6dagogisk\/ terapeutisk grunduddannelse i<\/strong><b>\u00a0samarbejds- og kommunikationsstrategier med forst\u00e5else ind i udviklingspsykologien.<\/b><\/span><\/p>\n<p><em>M\u00e6rk kroppen \u2013 brug kroppen. Lyt til kroppens sansninger \u2013 \u00f8g dybden og pr\u00e6cisionen i dit professionelle arbejde.<br \/>\nBliv mere n\u00e6rv\u00e6rende \u2013 ogs\u00e5 for din egen skyld<br \/>\n<\/em><\/p>\n<p><strong>I Danmark har vi Foundation tr\u00e6ningen i H\u00f8rsholm i \u00e5r &#8211; 4 x 5 dage eksternat:<\/strong><\/p>\n<p><b>1. kursus:\u00a0\u00a0\u00a0 4-8. september<\/b><b> <\/b><b>2024<\/b><b><br \/>\n<\/b><b>2. kursus:\u00a0 <\/b><b>\u00a0 16-20. oktober<\/b><b>\u00a0 2024<br \/>\n<\/b><b>3. kursus:\u00a0<\/b> <b>\u00a0 11-15. december 2024<\/b><b><br \/>\n<\/b><b>4. kursus:\u00a0\u00a0\u00a0 29. januar &#8211; 2. februar<\/b><b> 2025<\/b><\/p>\n<p><strong>Pris: 20<\/strong>.000 kr.<br \/>\n<strong>Underviser: <\/strong>Ditte Marcher + Henrik Heilmann + Lisbeth Marcher<\/p>\n<p>Sp\u00f8rgsm\u00e5l af praktisk karakter og tilmelding: Nadine Vinther p\u00e5 mobil: 31 50 40 65 eller <a href=\"mailto:info@bodynamic.dk\">info@bodynamic.dk<\/a><\/p>\n<p><a href=\"https:\/\/www.bodynamic.com\/wp-content\/uploads\/2022\/02\/Studieordningen-2022-LW-1.pdf\">Link<\/a>\u00a0til studieordningen for Bodynamic\u2019s uddannelser<\/p>\n<\/div>\n<\/div><div class=\"accordian fusion-accordian\" style=\"--awb-border-size:1px;--awb-icon-size:13px;--awb-content-font-size:13px;--awb-icon-alignment:left;--awb-hover-color:#f9f9f9;--awb-border-color:#cccccc;--awb-background-color:#ffffff;--awb-divider-color:#e0dede;--awb-divider-hover-color:#e0dede;--awb-icon-color:#ffffff;--awb-title-color:#333333;--awb-content-color:#747474;--awb-icon-box-color:#333333;--awb-toggle-hover-accent-color:#a0ce4e;--awb-title-font-family:&quot;Raleway&quot;;--awb-title-font-weight:400;--awb-title-font-style:normal;--awb-title-font-size:13px;--awb-title-line-height:1.5;--awb-content-font-family:&quot;Open Sans&quot;;--awb-content-font-style:normal;--awb-content-font-weight:400;\"><div class=\"panel-group fusion-toggle-icon-boxed\" id=\"accordion-4646-1\"><div class=\"fusion-panel panel-default panel-863af77e37658343a fusion-toggle-no-divider fusion-toggle-boxed-mode\"><div class=\"panel-heading\"><h4 class=\"panel-title toggle\" id=\"toggle_863af77e37658343a\"><a aria-expanded=\"false\" aria-controls=\"863af77e37658343a\" role=\"button\" data-toggle=\"collapse\" data-parent=\"#accordion-4646-1\" data-target=\"#863af77e37658343a\" href=\"#863af77e37658343a\"><span class=\"fusion-toggle-icon-wrapper\" aria-hidden=\"true\"><i class=\"fa-fusion-box active-icon awb-icon-minus\" aria-hidden=\"true\"><\/i><i class=\"fa-fusion-box inactive-icon awb-icon-plus\" aria-hidden=\"true\"><\/i><\/span><span class=\"fusion-toggle-heading\">BRUTTOL\u00d8NSORDNINGER<\/span><\/a><\/h4><\/div><div id=\"863af77e37658343a\" class=\"panel-collapse collapse \" aria-labelledby=\"toggle_863af77e37658343a\"><div class=\"panel-body toggle-content fusion-clearfix\">\n<header class=\"entry-header\">\n<h1 class=\"entry-title\">UDDANNELSE TIL HALV PRIS (BRUTTOL\u00d8NSORDNINGER)<\/h1>\n<\/header>\n<div class=\"entry-content\">\n<p><span id=\"more-876\"><\/span>Der er flere af vores studerende, som helt eller delvis f\u00e5r betalt deres kurser eller uddannelser af deres arbejdsgiver. S\u00e5fremt du ikke har denne mulighed, men ser uddannelsen som relevant i forhold til dit arbejde eller din fremtid, s\u00e5 er der m\u00e5ske mulighed for, at du selv kan f\u00e5 uddannelsen for cirka halv pris.<\/p>\n<p>Via en s\u00e5kaldt bruttol\u00f8nsordning\/ l\u00f8noml\u00e6gningsaftale kan din arbejdsgiver betale kurset eller uddannelsen mod at modregne dette i din bruttol\u00f8n. Det koster dermed ikke din arbejdsgiver penge, og du betaler selv, men med dine l\u00f8nkroner f\u00f8r skat, hvilket oftest kan spare dig for det mellem en tredjedel og det halve.<\/p>\n<p>L\u00e6s mere p\u00e5\u00a0<a href=\"https:\/\/skat.dk\/skat.aspx?oid=2234833\">SKAT<\/a>\u2019s side<a href=\"https:\/\/skat.dk\/skat.aspx?oid=2234833\">\u00a0<\/a>og forklaring p\u00e5\u00a0<a href=\"https:\/\/www.cbs.dk\/files\/cbs.dk\/call_to_action\/mmd_bruttoloen_notat.pdf\">www.cbs.dk<\/a><\/p>\n<\/div>\n<\/div><\/div><\/div><\/div><\/div><div class=\"fusion-text fusion-text-2\" style=\"--awb-text-transform:none;\"><p>Med Foundation tr\u00e6ningen \u2013 1. modul i Bodynamic\u2019s efteruddannelse f\u00e5r du en skr\u00e6ddersyet tr\u00e6ning til faggrupper, der har samspil med mennesker som en v\u00e6sentlig del af deres arbejde, herunder uddannede og ansatte i undervisnings- social- og sundhedssektorerne, samt personaleledere, undervisere, r\u00e5dgivere og behandlere med egen praksis.<\/p>\n<p>Det vi kan give dig, er en r\u00e6kke v\u00e6rkt\u00f8jer og metoder, som markant for\u00f8ger din evne til at opfatte og forholde dig til de finere signaler, vi alle udsender. Undervisningen vil f\u00f8re til indre erkendelser, som \u00f8ger dit n\u00e6rv\u00e6r, din dybde og pr\u00e6cision.<\/p>\n<p>Udgangspunktet i Bodynamic Analyse er viden om menneskets psykomotoriske udvikling samt vores opfattelse af \u00f8nsket om samh\u00f8righed og v\u00e6rdighed som den v\u00e6sentligste drivkraft i menneskets udvikling.<\/p>\n<p>Det er \u00f8nsket om at bevare mest mulig samh\u00f8righed og v\u00e6rdighed, som dybest set driver os til at udvikle karakterforsvar. Disse forsvar indeb\u00e6rer, at ressourcer og handlemuligheder ikke bliver brugt \u2013 samtidig med, at de er kreative og kan v\u00e6re geniale overlevelsesstrategier.<\/p>\n<p><strong>Undervisningen p\u00e5 Foundation tr\u00e6ningen<\/strong><\/p>\n<p>Undervisningen i dette 1. \u00e5r er bygget op omkring Bodynamic Analyses karakterstrukturmodel, som rummer beskrivelsen af udviklingsfaserne i opv\u00e6ksten og de forskellige karakterforsvar, der knytter sig til disse aldersfaser. Hver af faserne har et centralt udviklingstema, som fremg\u00e5r af f\u00f8lgende oversigt:<\/p>\n<table align=\"center\">\n<thead>\n<tr>\n<td><strong><em>Udviklingsfase<\/em><\/strong><\/td>\n<td><strong><em>Karakteristisk alder<\/em><\/strong><\/td>\n<\/tr>\n<\/thead>\n<tbody>\n<tr>\n<td>Eksistensfasen<\/td>\n<td>fosterperiode \u2013 3 mdr.<\/td>\n<\/tr>\n<tr>\n<td>Behovsfasen<\/td>\n<td>0 \u2013 1,5 \u00e5r<\/td>\n<\/tr>\n<tr>\n<td>Autonomifasen<\/td>\n<td>8 mdr. \u2013 2,5 \u00e5r<\/td>\n<\/tr>\n<tr>\n<td>Viljesfasen<\/td>\n<td>2 \u2013 4 \u00e5r<\/td>\n<\/tr>\n<tr>\n<td>K\u00e6rlighed\/Sexualitetsfasen<\/td>\n<td>3 \u2013 6 \u00e5r<\/td>\n<\/tr>\n<tr>\n<td>Meningsdannelsesfasen<\/td>\n<td>5 \u2013 9 \u00e5r<\/td>\n<\/tr>\n<tr>\n<td>Solidaritet\/Pr\u00e6stationsfasen<\/td>\n<td>7 \u2013 12 \u00e5r<\/td>\n<\/tr>\n<tr>\n<td>Teenagefasen<\/td>\n<td>ca. 12 \u2013 19 \u00e5r<\/td>\n<\/tr>\n<\/tbody>\n<\/table>\n<p>Modellen bygger p\u00e5 en koordineret og levende iagttagelse af menneskers udtryksformer og giver dig en forst\u00e5elsesramme for grunden til dem. Eller m\u00e5ske n\u00e6rmere, hvad der ligger bag dem.<\/p>\n<ul>\n<li><em>Hvad er det egentlig et andet menneske kommunikerer, forventer af dig og har brug for. Hvordan er det forskelligt alt efter hvilke karakterforsvar, dette menneske er mest pr\u00e6get af?<\/em><\/li>\n<li><em>Hvordan sanser du karakterstrukturerne i din egen krop ? Og hvilke genkender du i din adf\u00e6rd ?<\/em><\/li>\n<li><em>Hvilke aldre stammer de fra og hvordan ser de ud kropsligt?<\/em><\/li>\n<\/ul>\n<p>Disse og lignende sp\u00f8rgsm\u00e5l vil blive belyst gennem teori og praktisk tr\u00e6ning p\u00e5 kurserne.<\/p>\n<p>Karakterstrukturmodellen giver dig en form for kort, du kan orientere dig efter, s\u00e5ledes at du bliver bedre til at kommunikere p\u00e5 en m\u00e5de, s\u00e5 andre f\u00f8ler sig m\u00f8dt. Billedligt talt kan du sende p\u00e5 modtagerens b\u00f8lgel\u00e6ngde. Det bliver nemmere at m\u00f8de, vejlede, undervise og hj\u00e6lpe andre. Og nemmere at m\u00e6rke og holde af b\u00e5de dig selv og den anden.<\/p>\n<p>Udover karakterstrukturerne vil choktraumer, f\u00f8dsel, gr\u00e6nsedannelse, k\u00f8nsidentitet og livsformsanalyse blive pr\u00e6senteret som s\u00e6rlige temaer, der ligeledes har en pr\u00e6gende virkning p\u00e5 menneskers kontaktformer.<\/p>\n<p><strong>Undervisningens hovedbestanddele er:<\/strong><\/p>\n<ul>\n<li>Bodynamic karakterteori og psykomotorisk udvikling (Personlighedsdannelse og kinestetisk l\u00e6ring)<\/li>\n<li>Centrale begreber for forst\u00e5else af kontakt og kommunikation (samh\u00f8righed, v\u00e6rdighed, gr\u00e6nsedannelse, centrering, grounding og balance)<\/li>\n<li>Teori og tr\u00e6ning af vores kommunikations model, \u201cBodyknot-forl\u00f8seren\u201d<\/li>\n<li>Gruppedynamik og gruppeprocesser (teambuilding)<\/li>\n<li>Kropssprog og kropsl\u00e6sning<\/li>\n<li>Ressourceopbygning<\/li>\n<\/ul>\n<p><strong>Undervisningsformen<\/strong>\u00a0baseres p\u00e5 teori, praktiske \u00f8velser og udveksling af erfaringer.<\/p>\n<p>Der etableres arbejdsgrupper, som m\u00f8des mindst en gang om m\u00e5neden. Deltagelse i arbejdsgrupperne er som udgangspunkt obligatorisk \u2013 og et v\u00e6sentligt element i indl\u00e6ringsprocessen.<\/p>\n<p>Endvidere skal der beregnes tid til l\u00e6sning af det teoretiske stof.<\/p>\n<p>Dette 1-\u00e5rige forl\u00f8b kan ogs\u00e5 betragtes som et selvst\u00e6ndigt afsluttet forl\u00f8b med en h\u00f8j prioritering af integration i forhold til deltagernes aktuelle arbejdssituation.<\/p>\n<p>Foundation tr\u00e6ningen \u00e5bner mulighed for en forts\u00e6ttelse p\u00e5 Practitioner tr\u00e6ningen \u2013 de n\u00e6ste 3 \u00e5r inden for Bodynamic-systemet. Tr\u00e6ningen afsluttes med en skriftlig eksamen.<\/p>\n<p><a href=\"https:\/\/mk0bodynamiccomc4t8c.kinstacdn.com\/wp-content\/uploads\/2021\/04\/Tilmeldingsregler.pdf\"><strong>Tilmeldingsregler<\/strong><\/a><\/p>\n<\/div><\/div><\/div><div class=\"fusion-layout-column fusion_builder_column fusion-builder-column-2 fusion_builder_column_1_2 1_2 fusion-flex-column\" style=\"--awb-bg-size:cover;--awb-width-large:50%;--awb-margin-top-large:0px;--awb-spacing-right-large:3.84%;--awb-margin-bottom-large:20px;--awb-spacing-left-large:3.84%;--awb-width-medium:100%;--awb-order-medium:0;--awb-spacing-right-medium:1.92%;--awb-spacing-left-medium:1.92%;--awb-width-small:100%;--awb-order-small:0;--awb-spacing-right-small:1.92%;--awb-spacing-left-small:1.92%;\"><div class=\"fusion-column-wrapper fusion-column-has-shadow fusion-flex-justify-content-flex-start fusion-content-layout-column\"><div style=\"text-align:center;\"><a class=\"fusion-button button-flat fusion-button-default-size button-default fusion-button-default button-1 fusion-button-default-span fusion-button-default-type\" target=\"_self\" href=\"https:\/\/www.bodynamic.com\/wp-content\/uploads\/2024\/02\/1-aarig-Bodynamic-grunduddannelse-2024-25.pdf\"><span class=\"fusion-button-text awb-button__text awb-button__text--default\">Brochure<\/span><\/a><\/div><\/div><\/div><div class=\"fusion-layout-column fusion_builder_column fusion-builder-column-3 fusion_builder_column_1_2 1_2 fusion-flex-column\" style=\"--awb-bg-size:cover;--awb-width-large:50%;--awb-margin-top-large:0px;--awb-spacing-right-large:3.84%;--awb-margin-bottom-large:20px;--awb-spacing-left-large:3.84%;--awb-width-medium:100%;--awb-order-medium:0;--awb-spacing-right-medium:1.92%;--awb-spacing-left-medium:1.92%;--awb-width-small:100%;--awb-order-small:0;--awb-spacing-right-small:1.92%;--awb-spacing-left-small:1.92%;\"><div class=\"fusion-column-wrapper fusion-column-has-shadow fusion-flex-justify-content-flex-start fusion-content-layout-column\"><div style=\"text-align:center;\"><a class=\"fusion-button button-flat fusion-button-default-size button-default fusion-button-default button-2 fusion-button-default-span fusion-button-default-type\" target=\"_self\" href=\"https:\/\/www.bodynamic.com\/wp-content\/uploads\/2024\/02\/Foundation-ansoegningsskema-2024-2025.pdf\"><span class=\"fusion-button-text awb-button__text awb-button__text--default\">Ans\u00f8gningsskema<\/span><\/a><\/div><\/div><\/div><\/div><\/div><\/p>\n","protected":false},"excerpt":{"rendered":"","protected":false},"author":1,"featured_media":0,"parent":2619,"menu_order":0,"comment_status":"closed","ping_status":"closed","template":"100-width.php","meta":{"footnotes":""},"class_list":["post-4646","page","type-page","status-publish","hentry"],"yoast_head":"<!-- This site is optimized with the Yoast SEO plugin v27.5 - https:\/\/yoast.com\/product\/yoast-seo-wordpress\/ -->\n<title>FOUNDATION TR\u00c6NING - Bodynamic International<\/title>\n<meta name=\"robots\" content=\"index, follow, max-snippet:-1, max-image-preview:large, max-video-preview:-1\" \/>\n<link rel=\"canonical\" href=\"https:\/\/www.bodynamic.com\/da\/udannelser-traeninger\/foundation-traening\/\" \/>\n<meta property=\"og:locale\" content=\"da_DK\" \/>\n<meta property=\"og:type\" content=\"article\" \/>\n<meta property=\"og:title\" content=\"FOUNDATION TR\u00c6NING - Bodynamic International\" \/>\n<meta property=\"og:url\" content=\"https:\/\/www.bodynamic.com\/da\/udannelser-traeninger\/foundation-traening\/\" \/>\n<meta property=\"og:site_name\" content=\"Bodynamic International\" \/>\n<meta property=\"article:publisher\" content=\"https:\/\/www.facebook.com\/BodynamicInternational\" \/>\n<meta property=\"article:modified_time\" content=\"2024-02-08T11:58:55+00:00\" \/>\n<meta property=\"og:image\" content=\"https:\/\/www.bodynamic.dk\/wp-content\/uploads\/2020\/12\/hands-on-3-150x150.jpg\" \/>\n<meta name=\"twitter:card\" content=\"summary_large_image\" \/>\n<meta name=\"twitter:label1\" content=\"Estimeret l\u00e6setid\" \/>\n\t<meta name=\"twitter:data1\" content=\"5 minutter\" \/>\n<script type=\"application\/ld+json\" class=\"yoast-schema-graph\">{\"@context\":\"https:\\\/\\\/schema.org\",\"@graph\":[{\"@type\":\"WebPage\",\"@id\":\"https:\\\/\\\/www.bodynamic.com\\\/da\\\/udannelser-traeninger\\\/foundation-traening\\\/\",\"url\":\"https:\\\/\\\/www.bodynamic.com\\\/da\\\/udannelser-traeninger\\\/foundation-traening\\\/\",\"name\":\"FOUNDATION TR\u00c6NING - Bodynamic International\",\"isPartOf\":{\"@id\":\"https:\\\/\\\/www.bodynamic.com\\\/da\\\/#website\"},\"primaryImageOfPage\":{\"@id\":\"https:\\\/\\\/www.bodynamic.com\\\/da\\\/udannelser-traeninger\\\/foundation-traening\\\/#primaryimage\"},\"image\":{\"@id\":\"https:\\\/\\\/www.bodynamic.com\\\/da\\\/udannelser-traeninger\\\/foundation-traening\\\/#primaryimage\"},\"thumbnailUrl\":\"https:\\\/\\\/www.bodynamic.dk\\\/wp-content\\\/uploads\\\/2020\\\/12\\\/hands-on-3-150x150.jpg\",\"datePublished\":\"2020-12-29T21:44:24+00:00\",\"dateModified\":\"2024-02-08T11:58:55+00:00\",\"breadcrumb\":{\"@id\":\"https:\\\/\\\/www.bodynamic.com\\\/da\\\/udannelser-traeninger\\\/foundation-traening\\\/#breadcrumb\"},\"inLanguage\":\"da-DK\",\"potentialAction\":[{\"@type\":\"ReadAction\",\"target\":[\"https:\\\/\\\/www.bodynamic.com\\\/da\\\/udannelser-traeninger\\\/foundation-traening\\\/\"]}]},{\"@type\":\"ImageObject\",\"inLanguage\":\"da-DK\",\"@id\":\"https:\\\/\\\/www.bodynamic.com\\\/da\\\/udannelser-traeninger\\\/foundation-traening\\\/#primaryimage\",\"url\":\"https:\\\/\\\/www.bodynamic.dk\\\/wp-content\\\/uploads\\\/2020\\\/12\\\/hands-on-3-150x150.jpg\",\"contentUrl\":\"https:\\\/\\\/www.bodynamic.dk\\\/wp-content\\\/uploads\\\/2020\\\/12\\\/hands-on-3-150x150.jpg\"},{\"@type\":\"BreadcrumbList\",\"@id\":\"https:\\\/\\\/www.bodynamic.com\\\/da\\\/udannelser-traeninger\\\/foundation-traening\\\/#breadcrumb\",\"itemListElement\":[{\"@type\":\"ListItem\",\"position\":1,\"name\":\"Home\",\"item\":\"https:\\\/\\\/www.bodynamic.com\\\/da\\\/\"},{\"@type\":\"ListItem\",\"position\":2,\"name\":\"Udannelser &#8211; tr\u00e6ninger\",\"item\":\"https:\\\/\\\/www.bodynamic.com\\\/da\\\/udannelser-traeninger\\\/\"},{\"@type\":\"ListItem\",\"position\":3,\"name\":\"FOUNDATION TR\u00c6NING\"}]},{\"@type\":\"WebSite\",\"@id\":\"https:\\\/\\\/www.bodynamic.com\\\/da\\\/#website\",\"url\":\"https:\\\/\\\/www.bodynamic.com\\\/da\\\/\",\"name\":\"Bodynamic International\",\"description\":\"Somatic Developmental Psychology\",\"potentialAction\":[{\"@type\":\"SearchAction\",\"target\":{\"@type\":\"EntryPoint\",\"urlTemplate\":\"https:\\\/\\\/www.bodynamic.com\\\/da\\\/?s={search_term_string}\"},\"query-input\":{\"@type\":\"PropertyValueSpecification\",\"valueRequired\":true,\"valueName\":\"search_term_string\"}}],\"inLanguage\":\"da-DK\"}]}<\/script>\n<!-- \/ Yoast SEO plugin. -->","yoast_head_json":{"title":"FOUNDATION TR\u00c6NING - Bodynamic International","robots":{"index":"index","follow":"follow","max-snippet":"max-snippet:-1","max-image-preview":"max-image-preview:large","max-video-preview":"max-video-preview:-1"},"canonical":"https:\/\/www.bodynamic.com\/da\/udannelser-traeninger\/foundation-traening\/","og_locale":"da_DK","og_type":"article","og_title":"FOUNDATION TR\u00c6NING - Bodynamic International","og_url":"https:\/\/www.bodynamic.com\/da\/udannelser-traeninger\/foundation-traening\/","og_site_name":"Bodynamic International","article_publisher":"https:\/\/www.facebook.com\/BodynamicInternational","article_modified_time":"2024-02-08T11:58:55+00:00","og_image":[{"url":"https:\/\/www.bodynamic.dk\/wp-content\/uploads\/2020\/12\/hands-on-3-150x150.jpg","type":"","width":"","height":""}],"twitter_card":"summary_large_image","twitter_misc":{"Estimeret l\u00e6setid":"5 minutter"},"schema":{"@context":"https:\/\/schema.org","@graph":[{"@type":"WebPage","@id":"https:\/\/www.bodynamic.com\/da\/udannelser-traeninger\/foundation-traening\/","url":"https:\/\/www.bodynamic.com\/da\/udannelser-traeninger\/foundation-traening\/","name":"FOUNDATION TR\u00c6NING - Bodynamic International","isPartOf":{"@id":"https:\/\/www.bodynamic.com\/da\/#website"},"primaryImageOfPage":{"@id":"https:\/\/www.bodynamic.com\/da\/udannelser-traeninger\/foundation-traening\/#primaryimage"},"image":{"@id":"https:\/\/www.bodynamic.com\/da\/udannelser-traeninger\/foundation-traening\/#primaryimage"},"thumbnailUrl":"https:\/\/www.bodynamic.dk\/wp-content\/uploads\/2020\/12\/hands-on-3-150x150.jpg","datePublished":"2020-12-29T21:44:24+00:00","dateModified":"2024-02-08T11:58:55+00:00","breadcrumb":{"@id":"https:\/\/www.bodynamic.com\/da\/udannelser-traeninger\/foundation-traening\/#breadcrumb"},"inLanguage":"da-DK","potentialAction":[{"@type":"ReadAction","target":["https:\/\/www.bodynamic.com\/da\/udannelser-traeninger\/foundation-traening\/"]}]},{"@type":"ImageObject","inLanguage":"da-DK","@id":"https:\/\/www.bodynamic.com\/da\/udannelser-traeninger\/foundation-traening\/#primaryimage","url":"https:\/\/www.bodynamic.dk\/wp-content\/uploads\/2020\/12\/hands-on-3-150x150.jpg","contentUrl":"https:\/\/www.bodynamic.dk\/wp-content\/uploads\/2020\/12\/hands-on-3-150x150.jpg"},{"@type":"BreadcrumbList","@id":"https:\/\/www.bodynamic.com\/da\/udannelser-traeninger\/foundation-traening\/#breadcrumb","itemListElement":[{"@type":"ListItem","position":1,"name":"Home","item":"https:\/\/www.bodynamic.com\/da\/"},{"@type":"ListItem","position":2,"name":"Udannelser &#8211; tr\u00e6ninger","item":"https:\/\/www.bodynamic.com\/da\/udannelser-traeninger\/"},{"@type":"ListItem","position":3,"name":"FOUNDATION TR\u00c6NING"}]},{"@type":"WebSite","@id":"https:\/\/www.bodynamic.com\/da\/#website","url":"https:\/\/www.bodynamic.com\/da\/","name":"Bodynamic International","description":"Somatic Developmental Psychology","potentialAction":[{"@type":"SearchAction","target":{"@type":"EntryPoint","urlTemplate":"https:\/\/www.bodynamic.com\/da\/?s={search_term_string}"},"query-input":{"@type":"PropertyValueSpecification","valueRequired":true,"valueName":"search_term_string"}}],"inLanguage":"da-DK"}]}},"_links":{"self":[{"href":"https:\/\/www.bodynamic.com\/da\/wp-json\/wp\/v2\/pages\/4646","targetHints":{"allow":["GET"]}}],"collection":[{"href":"https:\/\/www.bodynamic.com\/da\/wp-json\/wp\/v2\/pages"}],"about":[{"href":"https:\/\/www.bodynamic.com\/da\/wp-json\/wp\/v2\/types\/page"}],"author":[{"embeddable":true,"href":"https:\/\/www.bodynamic.com\/da\/wp-json\/wp\/v2\/users\/1"}],"replies":[{"embeddable":true,"href":"https:\/\/www.bodynamic.com\/da\/wp-json\/wp\/v2\/comments?post=4646"}],"version-history":[{"count":23,"href":"https:\/\/www.bodynamic.com\/da\/wp-json\/wp\/v2\/pages\/4646\/revisions"}],"predecessor-version":[{"id":43803,"href":"https:\/\/www.bodynamic.com\/da\/wp-json\/wp\/v2\/pages\/4646\/revisions\/43803"}],"up":[{"embeddable":true,"href":"https:\/\/www.bodynamic.com\/da\/wp-json\/wp\/v2\/pages\/2619"}],"wp:attachment":[{"href":"https:\/\/www.bodynamic.com\/da\/wp-json\/wp\/v2\/media?parent=4646"}],"curies":[{"name":"wp","href":"https:\/\/api.w.org\/{rel}","templated":true}]}}