{"id":43937,"date":"2024-03-14T08:38:13","date_gmt":"2024-03-14T08:38:13","guid":{"rendered":"https:\/\/www.bodynamic.com\/?page_id=43937"},"modified":"2024-04-02T15:23:23","modified_gmt":"2024-04-02T15:23:23","slug":"workshop-bodyknot","status":"publish","type":"page","link":"https:\/\/www.bodynamic.com\/da\/workshop-bodyknot\/","title":{"rendered":"Workshop Bodyknot"},"content":{"rendered":"<p><div class=\"fusion-fullwidth fullwidth-box fusion-builder-row-1 fusion-flex-container nonhundred-percent-fullwidth non-hundred-percent-height-scrolling\" style=\"--awb-border-radius-top-left:0px;--awb-border-radius-top-right:0px;--awb-border-radius-bottom-right:0px;--awb-border-radius-bottom-left:0px;--awb-flex-wrap:wrap;\" ><div class=\"fusion-builder-row fusion-row fusion-flex-align-items-flex-start fusion-flex-content-wrap\" style=\"max-width:1144px;margin-left: calc(-4% \/ 2 );margin-right: calc(-4% \/ 2 );\"><\/div><\/div><div class=\"fusion-fullwidth fullwidth-box fusion-builder-row-2 fusion-flex-container has-pattern-background has-mask-background nonhundred-percent-fullwidth non-hundred-percent-height-scrolling\" style=\"--awb-border-radius-top-left:0px;--awb-border-radius-top-right:0px;--awb-border-radius-bottom-right:0px;--awb-border-radius-bottom-left:0px;--awb-flex-wrap:wrap;\" ><div class=\"fusion-builder-row fusion-row fusion-flex-align-items-flex-start fusion-flex-content-wrap\" style=\"max-width:1144px;margin-left: calc(-4% \/ 2 );margin-right: calc(-4% \/ 2 );\"><div class=\"fusion-layout-column fusion_builder_column fusion-builder-column-0 fusion_builder_column_1_1 1_1 fusion-flex-column\" style=\"--awb-bg-size:cover;--awb-width-large:100%;--awb-margin-top-large:0px;--awb-spacing-right-large:1.92%;--awb-margin-bottom-large:20px;--awb-spacing-left-large:1.92%;--awb-width-medium:100%;--awb-order-medium:0;--awb-spacing-right-medium:1.92%;--awb-spacing-left-medium:1.92%;--awb-width-small:100%;--awb-order-small:0;--awb-spacing-right-small:1.92%;--awb-spacing-left-small:1.92%;\"><div class=\"fusion-column-wrapper fusion-column-has-shadow fusion-flex-justify-content-flex-start fusion-content-layout-column\"><div class=\"fusion-text fusion-text-1\"><h1><strong>Kom og v\u00e6r med p\u00e5 5 dage i Bodyknot metodens kropslige univers<\/strong><\/h1>\n<h2><strong>\u00a0<\/strong><span style=\"color: #808080;\"><strong>Dato: 19.-23. juni 2024<br \/>\n<\/strong><\/span><\/h2>\n<p><img decoding=\"async\" class=\"details-image alignright\" draggable=\"false\" src=\"https:\/\/www.bodynamic.com\/wp-content\/uploads\/2024\/03\/Billede1Bodyknot.png\" alt=\"\" \/><\/p>\n<p>Bodynamic International har den forn\u00f8jelse at udbyde et kursus, der g\u00f8r det nemmere, sjovere og langt mere tilg\u00e6ngeligt at arbejde med den kommunikationsmodel, som i Bodynamic systemet, er kendt som Bodyknotten.<\/p>\n<p>Kurset handler om at arbejde med de konflikter, man har inde i sig selv, som erfaringsm\u00e6ssigt har vist sig at v\u00e6re roden til de konflikter, man har med omverdenen.<\/p>\n<p>P\u00e5 kurset vil vi unders\u00f8ge de psykologiske forsvar og indre konflikter ud fra en inviterende, dansende indfaldsvinkel.<\/p>\n<p>Hvad sker der, hvis en person l\u00e6rer at v\u00e6rds\u00e6tte og forst\u00e5 sine psykologiske forsvar frem for at bek\u00e6mpe og ben\u00e6gte dem?<\/p>\n<p>De fleste mennesker \u2013 ogs\u00e5 terapeuter &#8211; taler alt for meget ud fra en tanke om, at man skal bek\u00e6mpe sine \u2019\u2019svage sider\u2019\u2019, men dette er i yderste konsekvens skadeligt for personligheden.<\/p>\n<p>P\u00e5 kurset skal vi arbejde med at komme ud af denne double bind, der handler om at ville \u201dhelbrede\u201d sig selv.<\/p>\n<p>Selvrespekt er i sin essens at give sig selv lov til at have det, som man har det.<\/p>\n<p>Derfor arbejder vi ud fra en filosofi om, at jo mere man arbejder p\u00e5 at \u201dhelbrede\u201d sig selv, jo v\u00e6rre risikere man at ende med at have det. Set ud fra det perspektiv er ingen af os \u2019\u2019syge\u2019\u2019.<\/p>\n<p>Vi skal g\u00f8re noget andet, for at f\u00e5 det bedre.<\/p>\n<p>Med os selv og med hinanden.<\/p>\n<p><img decoding=\"async\" class=\"details-image alignright\" draggable=\"false\" src=\"https:\/\/www.bodynamic.com\/wp-content\/uploads\/2024\/03\/Billede2Bodyknot.png\" alt=\"\" \/><\/p>\n<p>I l\u00f8bet af kurset vil vi have fokus p\u00e5 de to kerneelementer i Bodynamic &#8211; v\u00e6rdighed og samh\u00f8righed.\u00a0 Det vil blive undervist i en ramme, hvor du f\u00e5r redskaber og \u00f8velser til at etablere og styrke en vedvarende, indre erfaret oplevelse af centrering og afgr\u00e6nsning i kontakten.<\/p>\n<p>Udviklingspsykologien og Lisbeth Marchers forskning har vist, at barnet kan give op p\u00e5 sin v\u00e6rdighed for at passe ind i samh\u00f8righeds feltet p\u00e5 bekostning af evnen til at v\u00e6re i sig selv. Eller barnet kan holde s\u00e5 meget fast i sin egen v\u00e6rdighed, at det g\u00e5r ud over evnen til at v\u00e6re i en ligev\u00e6rdig kontakt med andre &#8211; alts\u00e5 samh\u00f8righed.<\/p>\n<p>Vi vil arbejde med hvordan vi kan have os selv med &#8211;\u00a0 som en indre oplevelse af at stole p\u00e5 os selv og vores egen d\u00f8mmekraft.<\/p>\n<p><strong><span style=\"font-size: 18pt;\">Bodyknot modellen og dens intrapersonelle elementer<\/span> <\/strong><\/p>\n<p>Vi bruger Bodyknot modellen som en hyldest til den kropslige, mentale og emotionelle personlige intelligens. Modellen giver os et pr\u00e6cist og anvendeligt kort over de indre processer og elementer, der er til stede i menneskeligt samspil.<\/p>\n<p>Arbejdet med metoden sk\u00e6rper din evne til at t\u00e6nke skarpt, klart og afgr\u00e6nset om din egen personlige m\u00e5de at indg\u00e5 i kontakt med andre mennesker og guider dermed din personlige udvikling.<\/p>\n<p>Bodyknot modellen blev oprindeligt udviklet, som en metode til at l\u00f8se \u2019knuder\u2019 op. Knuder forst\u00e5s i denne sammenh\u00e6ng som en indre konflikt, som best\u00e5r af de grundl\u00e6ggende og modsatrettede kodninger, der bygges op omkring de kernebeslutninger som g\u00f8r, at barnesindet skaber sine egne fort\u00e6llinger om virkeligheden.<\/p>\n<p>Det lille barns sind er en aktiv, skabende bevidsthed, som hele tiden udvikler og tr\u00e5der fort\u00e6llinger sammen. Disse fort\u00e6llinger munder ud i at blive til de psykologiske forsvar, der danner grundlaget for det, vi kender som karakterstrukturerne.<\/p>\n<p>De 5 dage handler om at lave vores negative fort\u00e6llinger om til konstruktive og positive fremadrettede fort\u00e6llinger, der har stor indflydelse p\u00e5 retningerne i vores liv og hvordan vi interagerer med vores omgivelser. Vi tager udgangspunkt i de fort\u00e6llinger, der ligger gemt i karakterstrukturerne, men du beh\u00f8ver ikke kende dem p\u00e5 forh\u00e5nd.<\/p>\n<p><img decoding=\"async\" class=\"details-image aligncenter\" draggable=\"false\" src=\"https:\/\/www.bodynamic.com\/wp-content\/uploads\/2024\/03\/Billede3Bodyknot.png\" alt=\"\" \/><\/p>\n<p>At tr\u00e6ne elementerne i Bodyknotten udvikler kontaktf\u00e6rdighederne som guider samspillet mellem mennesker. Du vil blive tr\u00e6net i at m\u00e6rke dig selv, samtidig med at du spejler omgivelserne\u00a0 og herved sk\u00e6rper evnen til at kommunikere klart og tage beslutninger mens du forbliver i kontakt og bevarer din egen v\u00e6rdighed i samh\u00f8righed &#8211; b\u00e5de i de personlige og professionelle relationer.<\/p>\n<p>For terapeuten er Bodyknotten et redskab, der tr\u00e6ner opm\u00e6rksomheden p\u00e5 at m\u00e6rke egen evne til v\u00e6rdighed og samh\u00f8righed og til at stole p\u00e5 sin egen d\u00f8mmekraft i kontakten med andre. En terapeut der stoler p\u00e5 sin egen d\u00f8mmekraft, er afg\u00f8rende for en klient der ikke g\u00f8r det.<\/p>\n<p><strong>Sted<\/strong>: \u00c5dalsparkens selskabslokaler i H\u00f8rsholm<\/p>\n<p><strong>Dato<\/strong>: 19.-23. Juni klokken 10.00-18.00 alle dage.<\/p>\n<p><strong>Pris<\/strong>: Early bird pris:\u00a0 3999.- ved tilmelding og betaling f\u00f8r 1. Maj, derefter er kursusprisen 5000.-<\/p>\n<p><strong>Tilmelding<\/strong>: Skriv til info@bodynamic.dk<\/p>\n<p><strong>Underviser<\/strong>:<\/p>\n<p>Henrik Heilmann har 25 \u00e5rs erfaring med konfliktl\u00f8sning, teamcoaching samt undervisning p\u00e5 leder- og psykoterapeutuddannelser. Derudover har han arbejdet som konsulent og besk\u00e6ftiget sig med konflikth\u00e5ndtering og ledersparring i virksomheder og offentlige institutioner. Han har arbejdet som underviser ved Bodynamic siden 1996.<\/p>\n<h2><\/h2>\n<h2><\/h2>\n<h2><\/h2>\n<h2><\/h2>\n<h2><\/h2>\n<h2><strong>\u00a0<\/strong><\/h2>\n<\/div><\/div><\/div><\/div><\/div><\/p>\n","protected":false},"excerpt":{"rendered":"","protected":false},"author":13,"featured_media":0,"parent":0,"menu_order":0,"comment_status":"closed","ping_status":"closed","template":"","meta":{"footnotes":""},"class_list":["post-43937","page","type-page","status-publish","hentry"],"yoast_head":"<!-- This site is optimized with the Yoast SEO plugin v27.5 - https:\/\/yoast.com\/product\/yoast-seo-wordpress\/ -->\n<title>Workshop Bodyknot - Bodynamic International<\/title>\n<meta name=\"robots\" content=\"index, follow, max-snippet:-1, max-image-preview:large, max-video-preview:-1\" \/>\n<link rel=\"canonical\" href=\"https:\/\/www.bodynamic.com\/da\/workshop-bodyknot\/\" \/>\n<meta property=\"og:locale\" content=\"da_DK\" \/>\n<meta property=\"og:type\" content=\"article\" \/>\n<meta property=\"og:title\" content=\"Workshop Bodyknot - Bodynamic International\" \/>\n<meta property=\"og:url\" content=\"https:\/\/www.bodynamic.com\/da\/workshop-bodyknot\/\" \/>\n<meta property=\"og:site_name\" content=\"Bodynamic International\" \/>\n<meta property=\"article:publisher\" content=\"https:\/\/www.facebook.com\/BodynamicInternational\" \/>\n<meta property=\"article:modified_time\" content=\"2024-04-02T15:23:23+00:00\" \/>\n<meta property=\"og:image\" content=\"https:\/\/www.bodynamic.com\/wp-content\/uploads\/2024\/03\/Billede1Bodyknot.png\" \/>\n<meta name=\"twitter:card\" content=\"summary_large_image\" \/>\n<meta name=\"twitter:label1\" content=\"Estimeret l\u00e6setid\" \/>\n\t<meta name=\"twitter:data1\" content=\"5 minutter\" \/>\n<script type=\"application\/ld+json\" class=\"yoast-schema-graph\">{\"@context\":\"https:\\\/\\\/schema.org\",\"@graph\":[{\"@type\":\"WebPage\",\"@id\":\"https:\\\/\\\/www.bodynamic.com\\\/da\\\/workshop-bodyknot\\\/\",\"url\":\"https:\\\/\\\/www.bodynamic.com\\\/da\\\/workshop-bodyknot\\\/\",\"name\":\"Workshop Bodyknot - Bodynamic International\",\"isPartOf\":{\"@id\":\"https:\\\/\\\/www.bodynamic.com\\\/da\\\/#website\"},\"primaryImageOfPage\":{\"@id\":\"https:\\\/\\\/www.bodynamic.com\\\/da\\\/workshop-bodyknot\\\/#primaryimage\"},\"image\":{\"@id\":\"https:\\\/\\\/www.bodynamic.com\\\/da\\\/workshop-bodyknot\\\/#primaryimage\"},\"thumbnailUrl\":\"https:\\\/\\\/www.bodynamic.com\\\/wp-content\\\/uploads\\\/2024\\\/03\\\/Billede1Bodyknot.png\",\"datePublished\":\"2024-03-14T08:38:13+00:00\",\"dateModified\":\"2024-04-02T15:23:23+00:00\",\"breadcrumb\":{\"@id\":\"https:\\\/\\\/www.bodynamic.com\\\/da\\\/workshop-bodyknot\\\/#breadcrumb\"},\"inLanguage\":\"da-DK\",\"potentialAction\":[{\"@type\":\"ReadAction\",\"target\":[\"https:\\\/\\\/www.bodynamic.com\\\/da\\\/workshop-bodyknot\\\/\"]}]},{\"@type\":\"ImageObject\",\"inLanguage\":\"da-DK\",\"@id\":\"https:\\\/\\\/www.bodynamic.com\\\/da\\\/workshop-bodyknot\\\/#primaryimage\",\"url\":\"https:\\\/\\\/www.bodynamic.com\\\/wp-content\\\/uploads\\\/2024\\\/03\\\/Billede1Bodyknot.png\",\"contentUrl\":\"https:\\\/\\\/www.bodynamic.com\\\/wp-content\\\/uploads\\\/2024\\\/03\\\/Billede1Bodyknot.png\"},{\"@type\":\"BreadcrumbList\",\"@id\":\"https:\\\/\\\/www.bodynamic.com\\\/da\\\/workshop-bodyknot\\\/#breadcrumb\",\"itemListElement\":[{\"@type\":\"ListItem\",\"position\":1,\"name\":\"Home\",\"item\":\"https:\\\/\\\/www.bodynamic.com\\\/da\\\/\"},{\"@type\":\"ListItem\",\"position\":2,\"name\":\"Workshop Bodyknot\"}]},{\"@type\":\"WebSite\",\"@id\":\"https:\\\/\\\/www.bodynamic.com\\\/da\\\/#website\",\"url\":\"https:\\\/\\\/www.bodynamic.com\\\/da\\\/\",\"name\":\"Bodynamic International\",\"description\":\"Somatic Developmental Psychology\",\"potentialAction\":[{\"@type\":\"SearchAction\",\"target\":{\"@type\":\"EntryPoint\",\"urlTemplate\":\"https:\\\/\\\/www.bodynamic.com\\\/da\\\/?s={search_term_string}\"},\"query-input\":{\"@type\":\"PropertyValueSpecification\",\"valueRequired\":true,\"valueName\":\"search_term_string\"}}],\"inLanguage\":\"da-DK\"}]}<\/script>\n<!-- \/ Yoast SEO plugin. -->","yoast_head_json":{"title":"Workshop Bodyknot - Bodynamic International","robots":{"index":"index","follow":"follow","max-snippet":"max-snippet:-1","max-image-preview":"max-image-preview:large","max-video-preview":"max-video-preview:-1"},"canonical":"https:\/\/www.bodynamic.com\/da\/workshop-bodyknot\/","og_locale":"da_DK","og_type":"article","og_title":"Workshop Bodyknot - Bodynamic International","og_url":"https:\/\/www.bodynamic.com\/da\/workshop-bodyknot\/","og_site_name":"Bodynamic International","article_publisher":"https:\/\/www.facebook.com\/BodynamicInternational","article_modified_time":"2024-04-02T15:23:23+00:00","og_image":[{"url":"https:\/\/www.bodynamic.com\/wp-content\/uploads\/2024\/03\/Billede1Bodyknot.png","type":"","width":"","height":""}],"twitter_card":"summary_large_image","twitter_misc":{"Estimeret l\u00e6setid":"5 minutter"},"schema":{"@context":"https:\/\/schema.org","@graph":[{"@type":"WebPage","@id":"https:\/\/www.bodynamic.com\/da\/workshop-bodyknot\/","url":"https:\/\/www.bodynamic.com\/da\/workshop-bodyknot\/","name":"Workshop Bodyknot - Bodynamic International","isPartOf":{"@id":"https:\/\/www.bodynamic.com\/da\/#website"},"primaryImageOfPage":{"@id":"https:\/\/www.bodynamic.com\/da\/workshop-bodyknot\/#primaryimage"},"image":{"@id":"https:\/\/www.bodynamic.com\/da\/workshop-bodyknot\/#primaryimage"},"thumbnailUrl":"https:\/\/www.bodynamic.com\/wp-content\/uploads\/2024\/03\/Billede1Bodyknot.png","datePublished":"2024-03-14T08:38:13+00:00","dateModified":"2024-04-02T15:23:23+00:00","breadcrumb":{"@id":"https:\/\/www.bodynamic.com\/da\/workshop-bodyknot\/#breadcrumb"},"inLanguage":"da-DK","potentialAction":[{"@type":"ReadAction","target":["https:\/\/www.bodynamic.com\/da\/workshop-bodyknot\/"]}]},{"@type":"ImageObject","inLanguage":"da-DK","@id":"https:\/\/www.bodynamic.com\/da\/workshop-bodyknot\/#primaryimage","url":"https:\/\/www.bodynamic.com\/wp-content\/uploads\/2024\/03\/Billede1Bodyknot.png","contentUrl":"https:\/\/www.bodynamic.com\/wp-content\/uploads\/2024\/03\/Billede1Bodyknot.png"},{"@type":"BreadcrumbList","@id":"https:\/\/www.bodynamic.com\/da\/workshop-bodyknot\/#breadcrumb","itemListElement":[{"@type":"ListItem","position":1,"name":"Home","item":"https:\/\/www.bodynamic.com\/da\/"},{"@type":"ListItem","position":2,"name":"Workshop Bodyknot"}]},{"@type":"WebSite","@id":"https:\/\/www.bodynamic.com\/da\/#website","url":"https:\/\/www.bodynamic.com\/da\/","name":"Bodynamic International","description":"Somatic Developmental Psychology","potentialAction":[{"@type":"SearchAction","target":{"@type":"EntryPoint","urlTemplate":"https:\/\/www.bodynamic.com\/da\/?s={search_term_string}"},"query-input":{"@type":"PropertyValueSpecification","valueRequired":true,"valueName":"search_term_string"}}],"inLanguage":"da-DK"}]}},"_links":{"self":[{"href":"https:\/\/www.bodynamic.com\/da\/wp-json\/wp\/v2\/pages\/43937","targetHints":{"allow":["GET"]}}],"collection":[{"href":"https:\/\/www.bodynamic.com\/da\/wp-json\/wp\/v2\/pages"}],"about":[{"href":"https:\/\/www.bodynamic.com\/da\/wp-json\/wp\/v2\/types\/page"}],"author":[{"embeddable":true,"href":"https:\/\/www.bodynamic.com\/da\/wp-json\/wp\/v2\/users\/13"}],"replies":[{"embeddable":true,"href":"https:\/\/www.bodynamic.com\/da\/wp-json\/wp\/v2\/comments?post=43937"}],"version-history":[{"count":13,"href":"https:\/\/www.bodynamic.com\/da\/wp-json\/wp\/v2\/pages\/43937\/revisions"}],"predecessor-version":[{"id":44042,"href":"https:\/\/www.bodynamic.com\/da\/wp-json\/wp\/v2\/pages\/43937\/revisions\/44042"}],"wp:attachment":[{"href":"https:\/\/www.bodynamic.com\/da\/wp-json\/wp\/v2\/media?parent=43937"}],"curies":[{"name":"wp","href":"https:\/\/api.w.org\/{rel}","templated":true}]}}