{"id":2221,"date":"2019-01-26T18:58:25","date_gmt":"2019-01-26T18:58:25","guid":{"rendered":"https:\/\/www.bodynamic.com\/vision\/"},"modified":"2019-11-21T13:59:47","modified_gmt":"2019-11-21T13:59:47","slug":"vision","status":"publish","type":"page","link":"https:\/\/www.bodynamic.com\/da\/about\/vision\/","title":{"rendered":"Vision"},"content":{"rendered":"<p><div class=\"fusion-fullwidth fullwidth-box fusion-builder-row-1 fusion-parallax-none nonhundred-percent-fullwidth non-hundred-percent-height-scrolling\" style=\"--awb-border-radius-top-left:0px;--awb-border-radius-top-right:0px;--awb-border-radius-bottom-right:0px;--awb-border-radius-bottom-left:0px;--awb-background-image:url(&quot;https:\/\/www.bodynamic.com\/wp-content\/uploads\/2017\/10\/denmark-crop-300x97.jpg&quot;);--awb-background-size:cover;--awb-flex-wrap:wrap;\" ><div class=\"fusion-builder-row fusion-row\"><div class=\"fusion-layout-column fusion_builder_column fusion-builder-column-0 fusion_builder_column_1_1 1_1 fusion-one-full fusion-column-first fusion-column-last\" style=\"--awb-bg-size:cover;\"><div class=\"fusion-column-wrapper fusion-flex-column-wrapper-legacy\"><div class=\"fusion-sep-clear\"><\/div><div class=\"fusion-separator fusion-full-width-sep\" style=\"margin-left: auto;margin-right: auto;margin-top:150px;margin-bottom:150px;width:100%;\"><\/div><div class=\"fusion-sep-clear\"><\/div><div class=\"fusion-clearfix\"><\/div><\/div><\/div><\/div><\/div><div class=\"fusion-fullwidth fullwidth-box fusion-builder-row-2 nonhundred-percent-fullwidth non-hundred-percent-height-scrolling\" style=\"--awb-border-radius-top-left:0px;--awb-border-radius-top-right:0px;--awb-border-radius-bottom-right:0px;--awb-border-radius-bottom-left:0px;--awb-flex-wrap:wrap;\" ><div class=\"fusion-builder-row fusion-row\"><div class=\"fusion-layout-column fusion_builder_column fusion-builder-column-1 fusion_builder_column_1_1 1_1 fusion-one-full fusion-column-first fusion-column-last\" style=\"--awb-bg-size:cover;\"><div class=\"fusion-column-wrapper fusion-flex-column-wrapper-legacy\"><div class=\"fusion-text fusion-text-1\"><p>Bodynamic Systemet er i konstant udvikling. Efterh\u00e5nden som der kommer mere forskning i Tilknytningsformer og neuro videnskab, \u00e6ndres systemet og undervisningen l\u00f8bende for at omfatte de seneste resultater. Dette giver en um\u00e5delig dybde. Mens Bodynamic systemet tilbyder mange svar, der har p\u00e5virket vores forst\u00e5else for menneskets adf\u00e6rd, er der mange sp\u00f8rgsm\u00e5l, der stadig ikke er besvarede.<\/p>\n<p>Som s\u00e5dan eksisterer der potentiale for at anspore oprettelsen af \u200b\u200bmange yderligere forskningsprojekter og komme frem til nye forst\u00e5elser.<\/p>\n<p>Mens modeller er gode til at hj\u00e6lpe med at forst\u00e5 referencerammerne i vores egen psykologiske makeup, er den reelle livsnerve i Bodynamic systemet den direkte oplevelse. Det grundl\u00e6ggende form\u00e5l med det Bodynamic systemet er, at lede folk til en st\u00f8rre sanseoplevelse af sig selv ved at udvikle og \/ eller l\u00e5se op med medf\u00f8dte ressourcer i kroppen. Teorien er ikke god, medmindre den kan skabe meningsfuld forandring i vores f\u00f8lte oplevelse. Denne f\u00f8lte oplevelse er den empiriske grundfjeld, der begrunder de mere mentale abstraktioner og forst\u00e5elser. For meget af moderne psykologi er indsigt drevet. Du kan komme til en ny forst\u00e5else for hvorfor du f\u00f8ler eller opf\u00f8rer dig p\u00e5 en bestemt m\u00e5de, men det f\u00f8rer i de fleste tilf\u00e6lde ikke til nyere psykologiske evner og evner til at f\u00f8le og fungere funktionelt anderledes.<\/p>\n<p>Den mest moderne psykologi er drevet af filosofien, at hvis du bare har st\u00f8rre indsigt og forst\u00e5else, kan du tr\u00e6ffe bedre valg. Selv om dette kan v\u00e6re sandt, er det ikke m\u00e5let med Bodynamic System. I Bodynamic systemet\u00a0 l\u00e6rer man nye f\u00e6rdigheder, der virker mere som implicitte v\u00e6rkt\u00f8jer, der skaber ny base f\u00f8lelsesm\u00e6ssige evner og evner, der f\u00f8rer til nye sanser af interne tillid, som n\u00e6sten ikke var forestillede f\u00f8r. Dette skubber grundl\u00e6ggende gr\u00e6nserne p\u00e5, hvad der menes muligt med hensyn til direkte menneskelig erfaring.<\/p>\n<p>&nbsp;<\/p>\n<\/div><div class=\"fusion-clearfix\"><\/div><\/div><\/div><\/div><\/div><\/p>\n","protected":false},"excerpt":{"rendered":"","protected":false},"author":1,"featured_media":0,"parent":4790,"menu_order":0,"comment_status":"closed","ping_status":"closed","template":"100-width.php","meta":{"footnotes":""},"class_list":["post-2221","page","type-page","status-publish","hentry"],"yoast_head":"<!-- This site is optimized with the Yoast SEO plugin v27.5 - https:\/\/yoast.com\/product\/yoast-seo-wordpress\/ -->\n<title>Vision - Bodynamic International<\/title>\n<meta name=\"robots\" content=\"index, follow, max-snippet:-1, max-image-preview:large, max-video-preview:-1\" \/>\n<link rel=\"canonical\" href=\"https:\/\/www.bodynamic.com\/da\/about\/vision\/\" \/>\n<meta property=\"og:locale\" content=\"da_DK\" \/>\n<meta property=\"og:type\" content=\"article\" \/>\n<meta property=\"og:title\" content=\"Vision - Bodynamic International\" \/>\n<meta property=\"og:url\" content=\"https:\/\/www.bodynamic.com\/da\/about\/vision\/\" \/>\n<meta property=\"og:site_name\" content=\"Bodynamic International\" \/>\n<meta property=\"article:publisher\" content=\"https:\/\/www.facebook.com\/BodynamicInternational\" \/>\n<meta property=\"article:modified_time\" content=\"2019-11-21T13:59:47+00:00\" \/>\n<meta name=\"twitter:card\" content=\"summary_large_image\" \/>\n<meta name=\"twitter:label1\" content=\"Estimeret l\u00e6setid\" \/>\n\t<meta name=\"twitter:data1\" content=\"3 minutter\" \/>\n<script type=\"application\/ld+json\" class=\"yoast-schema-graph\">{\"@context\":\"https:\\\/\\\/schema.org\",\"@graph\":[{\"@type\":\"WebPage\",\"@id\":\"https:\\\/\\\/www.bodynamic.com\\\/da\\\/about\\\/vision\\\/\",\"url\":\"https:\\\/\\\/www.bodynamic.com\\\/da\\\/about\\\/vision\\\/\",\"name\":\"Vision - Bodynamic International\",\"isPartOf\":{\"@id\":\"https:\\\/\\\/www.bodynamic.com\\\/da\\\/#website\"},\"datePublished\":\"2019-01-26T18:58:25+00:00\",\"dateModified\":\"2019-11-21T13:59:47+00:00\",\"breadcrumb\":{\"@id\":\"https:\\\/\\\/www.bodynamic.com\\\/da\\\/about\\\/vision\\\/#breadcrumb\"},\"inLanguage\":\"da-DK\",\"potentialAction\":[{\"@type\":\"ReadAction\",\"target\":[\"https:\\\/\\\/www.bodynamic.com\\\/da\\\/about\\\/vision\\\/\"]}]},{\"@type\":\"BreadcrumbList\",\"@id\":\"https:\\\/\\\/www.bodynamic.com\\\/da\\\/about\\\/vision\\\/#breadcrumb\",\"itemListElement\":[{\"@type\":\"ListItem\",\"position\":1,\"name\":\"Home\",\"item\":\"https:\\\/\\\/www.bodynamic.com\\\/da\\\/\"},{\"@type\":\"ListItem\",\"position\":2,\"name\":\"Om os\",\"item\":\"https:\\\/\\\/www.bodynamic.com\\\/da\\\/about\\\/\"},{\"@type\":\"ListItem\",\"position\":3,\"name\":\"Vision\"}]},{\"@type\":\"WebSite\",\"@id\":\"https:\\\/\\\/www.bodynamic.com\\\/da\\\/#website\",\"url\":\"https:\\\/\\\/www.bodynamic.com\\\/da\\\/\",\"name\":\"Bodynamic International\",\"description\":\"Somatic Developmental Psychology\",\"potentialAction\":[{\"@type\":\"SearchAction\",\"target\":{\"@type\":\"EntryPoint\",\"urlTemplate\":\"https:\\\/\\\/www.bodynamic.com\\\/da\\\/?s={search_term_string}\"},\"query-input\":{\"@type\":\"PropertyValueSpecification\",\"valueRequired\":true,\"valueName\":\"search_term_string\"}}],\"inLanguage\":\"da-DK\"}]}<\/script>\n<!-- \/ Yoast SEO plugin. -->","yoast_head_json":{"title":"Vision - Bodynamic International","robots":{"index":"index","follow":"follow","max-snippet":"max-snippet:-1","max-image-preview":"max-image-preview:large","max-video-preview":"max-video-preview:-1"},"canonical":"https:\/\/www.bodynamic.com\/da\/about\/vision\/","og_locale":"da_DK","og_type":"article","og_title":"Vision - Bodynamic International","og_url":"https:\/\/www.bodynamic.com\/da\/about\/vision\/","og_site_name":"Bodynamic International","article_publisher":"https:\/\/www.facebook.com\/BodynamicInternational","article_modified_time":"2019-11-21T13:59:47+00:00","twitter_card":"summary_large_image","twitter_misc":{"Estimeret l\u00e6setid":"3 minutter"},"schema":{"@context":"https:\/\/schema.org","@graph":[{"@type":"WebPage","@id":"https:\/\/www.bodynamic.com\/da\/about\/vision\/","url":"https:\/\/www.bodynamic.com\/da\/about\/vision\/","name":"Vision - Bodynamic International","isPartOf":{"@id":"https:\/\/www.bodynamic.com\/da\/#website"},"datePublished":"2019-01-26T18:58:25+00:00","dateModified":"2019-11-21T13:59:47+00:00","breadcrumb":{"@id":"https:\/\/www.bodynamic.com\/da\/about\/vision\/#breadcrumb"},"inLanguage":"da-DK","potentialAction":[{"@type":"ReadAction","target":["https:\/\/www.bodynamic.com\/da\/about\/vision\/"]}]},{"@type":"BreadcrumbList","@id":"https:\/\/www.bodynamic.com\/da\/about\/vision\/#breadcrumb","itemListElement":[{"@type":"ListItem","position":1,"name":"Home","item":"https:\/\/www.bodynamic.com\/da\/"},{"@type":"ListItem","position":2,"name":"Om os","item":"https:\/\/www.bodynamic.com\/da\/about\/"},{"@type":"ListItem","position":3,"name":"Vision"}]},{"@type":"WebSite","@id":"https:\/\/www.bodynamic.com\/da\/#website","url":"https:\/\/www.bodynamic.com\/da\/","name":"Bodynamic International","description":"Somatic Developmental Psychology","potentialAction":[{"@type":"SearchAction","target":{"@type":"EntryPoint","urlTemplate":"https:\/\/www.bodynamic.com\/da\/?s={search_term_string}"},"query-input":{"@type":"PropertyValueSpecification","valueRequired":true,"valueName":"search_term_string"}}],"inLanguage":"da-DK"}]}},"_links":{"self":[{"href":"https:\/\/www.bodynamic.com\/da\/wp-json\/wp\/v2\/pages\/2221","targetHints":{"allow":["GET"]}}],"collection":[{"href":"https:\/\/www.bodynamic.com\/da\/wp-json\/wp\/v2\/pages"}],"about":[{"href":"https:\/\/www.bodynamic.com\/da\/wp-json\/wp\/v2\/types\/page"}],"author":[{"embeddable":true,"href":"https:\/\/www.bodynamic.com\/da\/wp-json\/wp\/v2\/users\/1"}],"replies":[{"embeddable":true,"href":"https:\/\/www.bodynamic.com\/da\/wp-json\/wp\/v2\/comments?post=2221"}],"version-history":[{"count":3,"href":"https:\/\/www.bodynamic.com\/da\/wp-json\/wp\/v2\/pages\/2221\/revisions"}],"predecessor-version":[{"id":2566,"href":"https:\/\/www.bodynamic.com\/da\/wp-json\/wp\/v2\/pages\/2221\/revisions\/2566"}],"up":[{"embeddable":true,"href":"https:\/\/www.bodynamic.com\/da\/wp-json\/wp\/v2\/pages\/4790"}],"wp:attachment":[{"href":"https:\/\/www.bodynamic.com\/da\/wp-json\/wp\/v2\/media?parent=2221"}],"curies":[{"name":"wp","href":"https:\/\/api.w.org\/{rel}","templated":true}]}}