{"id":2199,"date":"2019-01-15T16:59:01","date_gmt":"2019-01-15T16:59:01","guid":{"rendered":"https:\/\/www.bodynamic.com\/blog\/"},"modified":"2022-01-01T22:22:04","modified_gmt":"2022-01-01T22:22:04","slug":"blog","status":"publish","type":"page","link":"https:\/\/www.bodynamic.com\/da\/blog\/","title":{"rendered":"Blog"},"content":{"rendered":"<p><div class=\"fusion-fullwidth fullwidth-box fusion-builder-row-1 fusion-parallax-none nonhundred-percent-fullwidth non-hundred-percent-height-scrolling\" style=\"--awb-border-radius-top-left:0px;--awb-border-radius-top-right:0px;--awb-border-radius-bottom-right:0px;--awb-border-radius-bottom-left:0px;--awb-background-image:url(&quot;https:\/\/www.bodynamic.com\/wp-content\/uploads\/2017\/10\/redwood-forest-1024x428.jpg&quot;);--awb-background-size:cover;--awb-flex-wrap:wrap;\" ><div class=\"fusion-builder-row fusion-row\"><div class=\"fusion-layout-column fusion_builder_column fusion-builder-column-0 fusion_builder_column_1_1 1_1 fusion-one-full fusion-column-first fusion-column-last\" style=\"--awb-bg-size:cover;\"><div class=\"fusion-column-wrapper fusion-flex-column-wrapper-legacy\"><div class=\"fusion-sep-clear\"><\/div><div class=\"fusion-separator fusion-full-width-sep\" style=\"margin-left: auto;margin-right: auto;margin-top:150px;margin-bottom:150px;width:100%;\"><\/div><div class=\"fusion-sep-clear\"><\/div><div class=\"fusion-clearfix\"><\/div><\/div><\/div><\/div><\/div><div class=\"fusion-fullwidth fullwidth-box fusion-builder-row-2 nonhundred-percent-fullwidth non-hundred-percent-height-scrolling\" style=\"--awb-border-radius-top-left:0px;--awb-border-radius-top-right:0px;--awb-border-radius-bottom-right:0px;--awb-border-radius-bottom-left:0px;--awb-margin-top:40px;--awb-flex-wrap:wrap;\" ><div class=\"fusion-builder-row fusion-row\"><div class=\"fusion-layout-column fusion_builder_column fusion-builder-column-1 fusion_builder_column_1_1 1_1 fusion-one-full fusion-column-first fusion-column-last\" style=\"--awb-bg-size:cover;\"><div class=\"fusion-column-wrapper fusion-flex-column-wrapper-legacy\"><div class=\"fusion-blog-shortcode fusion-blog-shortcode-1 fusion-blog-archive fusion-blog-layout-grid-wrapper fusion-blog-infinite\"><style type=\"text\/css\">.fusion-blog-shortcode-1 .fusion-blog-layout-grid .fusion-post-grid{padding:45px;}.fusion-blog-shortcode-1 .fusion-posts-container{margin-left: -45px !important; margin-right:-45px !important;}<\/style><div class=\"fusion-posts-container fusion-posts-container-infinite fusion-posts-container-load-more fusion-blog-rollover fusion-blog-layout-grid fusion-blog-layout-grid-3 isotope fusion-blog-equal-heights\" data-pages=\"1\" data-grid-col-space=\"90\" style=\"margin: -45px -45px 0;min-height:500px;\"><article id=\"blog-1-post-26181\" class=\"fusion-post-grid post-26181 post type-post status-publish format-standard has-post-thumbnail hentry category-bodymap-da\">\n<div class=\"fusion-post-wrapper\" style=\"background-color:rgba(255,255,255,0);border:1px solid #ffffff;border-bottom-width:3px;\">\n\n\t\t\t<div class=\"fusion-flexslider flexslider fusion-flexslider-loading fusion-post-slideshow\" style=\"border-color:#ffffff;\">\n\t\t<ul class=\"slides\">\n\t\t\t\n\t\t\t\t\t\t\t\t\t\t\t\t\t\t<li><div  class=\"fusion-image-wrapper\" aria-haspopup=\"true\">\n\t\t\t\t<img fetchpriority=\"high\" decoding=\"async\" width=\"919\" height=\"771\" src=\"https:\/\/www.bodynamic.com\/wp-content\/uploads\/2022\/01\/Full-Bodymap.png\" class=\"attachment-full size-full wp-post-image\" alt=\"\" srcset=\"https:\/\/www.bodynamic.com\/wp-content\/uploads\/2022\/01\/Full-Bodymap-200x168.png 200w, https:\/\/www.bodynamic.com\/wp-content\/uploads\/2022\/01\/Full-Bodymap-400x336.png 400w, https:\/\/www.bodynamic.com\/wp-content\/uploads\/2022\/01\/Full-Bodymap-600x503.png 600w, https:\/\/www.bodynamic.com\/wp-content\/uploads\/2022\/01\/Full-Bodymap-800x671.png 800w, https:\/\/www.bodynamic.com\/wp-content\/uploads\/2022\/01\/Full-Bodymap.png 919w\" sizes=\"(min-width: 2200px) 100vw, (min-width: 784px) 307px, (min-width: 712px) 460px, (min-width: 640px) 712px, \" \/><div class=\"fusion-rollover\">\n\t<div class=\"fusion-rollover-content\">\n\n\t\t\t\t\n\t\t\n\t\t\t\t\t\t\t\t\t\t\t\t<h4 class=\"fusion-rollover-title\">\n\t\t\t\t\t<a class=\"fusion-rollover-title-link\" href=\"https:\/\/www.bodynamic.com\/da\/blog\/bodymap-testing-interpretation\/\">\n\t\t\t\t\t\tBodymap Test &#038; Interpretation\t\t\t\t\t<\/a>\n\t\t\t\t<\/h4>\n\t\t\t\n\t\t\t\t\t\t\t\t\t\t<div class=\"fusion-rollover-categories\"><a href=\"https:\/\/www.bodynamic.com\/da\/blog\/category\/bodymap-da\/\" rel=\"tag\">Bodymap<\/a><\/div>\t\t\t\t\t\n\t\t\n\t\t\t\t\t\t<a class=\"fusion-link-wrapper\" href=\"https:\/\/www.bodynamic.com\/da\/blog\/bodymap-testing-interpretation\/\" aria-label=\"Bodymap Test &#038; Interpretation\"><\/a>\n\t<\/div>\n<\/div>\n<\/div>\n<\/li>\n\t\t\t\n\t\t\t\n\t\t\t\t\t\t\t\t\t\t\t\t\t\t\t\t\t\t\t\t\t\t\t\t\t\t\t\t\t\t\t\t\t\t\t\t\t\t\t\t\t\t\t\t\t\t\t\t\t\t\t\t\t\t\t\t\t\t\t\t\t\t\t\t\t\t\t\t<\/ul>\n\t<\/div>\n\t<div class=\"fusion-post-content-wrapper\" style=\"padding:30px 10px 20px 0px;\"><div class=\"fusion-post-content post-content\"><h2 class=\"blog-shortcode-post-title entry-title\">Bodymap Test &#038; Interpretation<\/h2><p class=\"fusion-single-line-meta\"><span class=\"vcard\" style=\"display: none;\"><span class=\"fn\"><a href=\"https:\/\/www.bodynamic.com\/da\/blog\/author\/jonathan\/\" title=\"Indl\u00e6g af Jonathan\" rel=\"author\">Jonathan<\/a><\/span><\/span><span class=\"updated\" style=\"display:none;\">2022-06-15T13:27:13+00:00<\/span><span>januar 1st, 2022<\/span><span class=\"fusion-inline-sep\">|<\/span><a href=\"https:\/\/www.bodynamic.com\/da\/blog\/category\/bodymap-da\/\" rel=\"category tag\">Bodymap<\/a><span class=\"fusion-inline-sep\">|<\/span><\/p><div class=\"fusion-content-sep sep-none\"><\/div><div class=\"fusion-post-content-container\"><p>A central hypothesis in\u00a0Bodynamic\u00a0Analysis concerns the time\u00a0period in which individual muscles come under voluntary control. There is observed to be a critical time period in which they acquire an imprint. This imprint is not simply about physical strength or kinesthetic ability. It concerns the psychological content or issue associated with the activity or function of this muscle. Thus the muscle encodes or \"remembers\" what happened in the emotional\/ psychological environment in the time period in which it came under conscious control.\u00a0<\/p><\/div><\/div><\/div><div class=\"fusion-clearfix\"><\/div><\/div>\n<\/article>\n<article id=\"blog-1-post-26175\" class=\"fusion-post-grid post-26175 post type-post status-publish format-standard has-post-thumbnail hentry category-general-psychology-da\">\n<div class=\"fusion-post-wrapper\" style=\"background-color:rgba(255,255,255,0);border:1px solid #ffffff;border-bottom-width:3px;\">\n\n\t\t\t<div class=\"fusion-flexslider flexslider fusion-flexslider-loading fusion-post-slideshow\" style=\"border-color:#ffffff;\">\n\t\t<ul class=\"slides\">\n\t\t\t\n\t\t\t\t\t\t\t\t\t\t\t\t\t\t<li><div  class=\"fusion-image-wrapper\" aria-haspopup=\"true\">\n\t\t\t\t<img decoding=\"async\" width=\"500\" height=\"334\" src=\"https:\/\/www.bodynamic.com\/wp-content\/uploads\/2018\/06\/shy-man-party.jpg\" class=\"attachment-full size-full wp-post-image\" alt=\"\" srcset=\"https:\/\/www.bodynamic.com\/wp-content\/uploads\/2018\/06\/shy-man-party-200x134.jpg 200w, https:\/\/www.bodynamic.com\/wp-content\/uploads\/2018\/06\/shy-man-party-400x267.jpg 400w, https:\/\/www.bodynamic.com\/wp-content\/uploads\/2018\/06\/shy-man-party.jpg 500w\" sizes=\"(min-width: 2200px) 100vw, (min-width: 784px) 307px, (min-width: 712px) 460px, (min-width: 640px) 712px, \" \/><div class=\"fusion-rollover\">\n\t<div class=\"fusion-rollover-content\">\n\n\t\t\t\t\n\t\t\n\t\t\t\t\t\t\t\t\t\t\t\t<h4 class=\"fusion-rollover-title\">\n\t\t\t\t\t<a class=\"fusion-rollover-title-link\" href=\"https:\/\/www.bodynamic.com\/da\/blog\/it-takes-courage-to-stay-in-the-shy-moments\/\">\n\t\t\t\t\t\tDet kr\u00e6ver mod at v\u00e6re med bluf\u00e6rdigheden\t\t\t\t\t<\/a>\n\t\t\t\t<\/h4>\n\t\t\t\n\t\t\t\t\t\t\t\t\t\t<div class=\"fusion-rollover-categories\"><a href=\"https:\/\/www.bodynamic.com\/da\/blog\/category\/general-psychology-da\/\" rel=\"tag\">General Psychology<\/a><\/div>\t\t\t\t\t\n\t\t\n\t\t\t\t\t\t<a class=\"fusion-link-wrapper\" href=\"https:\/\/www.bodynamic.com\/da\/blog\/it-takes-courage-to-stay-in-the-shy-moments\/\" aria-label=\"Det kr\u00e6ver mod at v\u00e6re med bluf\u00e6rdigheden\"><\/a>\n\t<\/div>\n<\/div>\n<\/div>\n<\/li>\n\t\t\t\n\t\t\t\n\t\t\t\t\t\t\t\t\t\t\t\t\t\t\t\t\t\t\t\t\t\t\t\t\t\t\t\t\t\t\t\t\t\t\t\t\t\t\t\t\t\t\t\t\t\t\t\t\t\t\t\t\t\t\t\t\t\t\t\t\t\t\t\t\t\t\t\t<\/ul>\n\t<\/div>\n\t<div class=\"fusion-post-content-wrapper\" style=\"padding:30px 10px 20px 0px;\"><div class=\"fusion-post-content post-content\"><h2 class=\"blog-shortcode-post-title entry-title\">Det kr\u00e6ver mod at v\u00e6re med bluf\u00e6rdigheden<\/h2><p class=\"fusion-single-line-meta\"><span class=\"vcard\" style=\"display: none;\"><span class=\"fn\"><a href=\"https:\/\/www.bodynamic.com\/da\/blog\/author\/jonathan\/\" title=\"Indl\u00e6g af Jonathan\" rel=\"author\">Jonathan<\/a><\/span><\/span><span class=\"updated\" style=\"display:none;\">2022-01-01T22:23:04+00:00<\/span><span>januar 1st, 2022<\/span><span class=\"fusion-inline-sep\">|<\/span><a href=\"https:\/\/www.bodynamic.com\/da\/blog\/category\/general-psychology-da\/\" rel=\"category tag\">General Psychology<\/a><span class=\"fusion-inline-sep\">|<\/span><\/p><div class=\"fusion-content-sep sep-none\"><\/div><div class=\"fusion-post-content-container\"><p> It Takes Courage to Stay in the Shy Moments    By Hadi Bahlawan Marcher\u00a0 and Lene Wisbom A man enters a party with many new people. To join in and as an attempt to connect with these unfamiliar people he makes a joke. Everyone stares at him, no one laughs. The joke falls flat because it was loaded with harsh humour and this party was not the best place to share it. [...]<\/p><\/div><\/div><\/div><div class=\"fusion-clearfix\"><\/div><\/div>\n<\/article>\n<article id=\"blog-1-post-26074\" class=\"fusion-post-grid post-26074 post type-post status-publish format-standard has-post-thumbnail hentry category-trauma-da\">\n<div class=\"fusion-post-wrapper\" style=\"background-color:rgba(255,255,255,0);border:1px solid #ffffff;border-bottom-width:3px;\">\n\n\t\t\t<div class=\"fusion-flexslider flexslider fusion-flexslider-loading fusion-post-slideshow\" style=\"border-color:#ffffff;\">\n\t\t<ul class=\"slides\">\n\t\t\t\n\t\t\t\t\t\t\t\t\t\t\t\t\t\t<li><div  class=\"fusion-image-wrapper\" aria-haspopup=\"true\">\n\t\t\t\t<img decoding=\"async\" width=\"1111\" height=\"717\" src=\"https:\/\/www.bodynamic.com\/wp-content\/uploads\/2020\/04\/Hoved-artikel-3-1.png\" class=\"attachment-full size-full wp-post-image\" alt=\"\" srcset=\"https:\/\/www.bodynamic.com\/wp-content\/uploads\/2020\/04\/Hoved-artikel-3-1-200x129.png 200w, https:\/\/www.bodynamic.com\/wp-content\/uploads\/2020\/04\/Hoved-artikel-3-1-400x258.png 400w, https:\/\/www.bodynamic.com\/wp-content\/uploads\/2020\/04\/Hoved-artikel-3-1-600x387.png 600w, https:\/\/www.bodynamic.com\/wp-content\/uploads\/2020\/04\/Hoved-artikel-3-1-800x516.png 800w, https:\/\/www.bodynamic.com\/wp-content\/uploads\/2020\/04\/Hoved-artikel-3-1.png 1111w\" sizes=\"(min-width: 2200px) 100vw, (min-width: 784px) 307px, (min-width: 712px) 460px, (min-width: 640px) 712px, \" \/><div class=\"fusion-rollover\">\n\t<div class=\"fusion-rollover-content\">\n\n\t\t\t\t\n\t\t\n\t\t\t\t\t\t\t\t\t\t\t\t<h4 class=\"fusion-rollover-title\">\n\t\t\t\t\t<a class=\"fusion-rollover-title-link\" href=\"https:\/\/www.bodynamic.com\/da\/blog\/udviklingstraumer-set-i-bodynamic-perspektiv\/\">\n\t\t\t\t\t\tUdviklingstraumer set i Bodynamic perspektiv\t\t\t\t\t<\/a>\n\t\t\t\t<\/h4>\n\t\t\t\n\t\t\t\t\t\t\t\t\t\t<div class=\"fusion-rollover-categories\"><a href=\"https:\/\/www.bodynamic.com\/da\/blog\/category\/trauma-da\/\" rel=\"tag\">Trauma<\/a><\/div>\t\t\t\t\t\n\t\t\n\t\t\t\t\t\t<a class=\"fusion-link-wrapper\" href=\"https:\/\/www.bodynamic.com\/da\/blog\/udviklingstraumer-set-i-bodynamic-perspektiv\/\" aria-label=\"Udviklingstraumer set i Bodynamic perspektiv\"><\/a>\n\t<\/div>\n<\/div>\n<\/div>\n<\/li>\n\t\t\t\n\t\t\t\n\t\t\t\t\t\t\t\t\t\t\t\t\t\t\t\t\t\t\t\t\t\t\t\t\t\t\t\t\t\t\t\t\t\t\t\t\t\t\t\t\t\t\t\t\t\t\t\t\t\t\t\t\t\t\t\t\t\t\t\t\t\t\t\t\t\t\t\t<\/ul>\n\t<\/div>\n\t<div class=\"fusion-post-content-wrapper\" style=\"padding:30px 10px 20px 0px;\"><div class=\"fusion-post-content post-content\"><h2 class=\"blog-shortcode-post-title entry-title\">Udviklingstraumer set i Bodynamic perspektiv<\/h2><p class=\"fusion-single-line-meta\"><span class=\"vcard\" style=\"display: none;\"><span class=\"fn\"><a href=\"https:\/\/www.bodynamic.com\/da\/blog\/author\/hadi\/\" title=\"Indl\u00e6g af Hadi Marcher\" rel=\"author\">Hadi Marcher<\/a><\/span><\/span><span class=\"updated\" style=\"display:none;\">2022-01-01T19:34:09+00:00<\/span><span>januar 1st, 2022<\/span><span class=\"fusion-inline-sep\">|<\/span><a href=\"https:\/\/www.bodynamic.com\/da\/blog\/category\/trauma-da\/\" rel=\"category tag\">Trauma<\/a><span class=\"fusion-inline-sep\">|<\/span><\/p><div class=\"fusion-content-sep sep-none\"><\/div><div class=\"fusion-post-content-container\"><p> Udviklingstraumer set i Bodynamic perspektiv Af Ditte Marcher og Lene Wisbom, Marts 2020, \u00a9Bodynamic International ApS I Bodynamic skelner vi mellem \u00e5bne koder og lukkede koder, Udviklingstraumer, PTSD og Complex PTSD. Alle disse elementer er noget der kan ses i en Bodymap, som vil blive beskrevet l\u00e6ngere inde i artiklen. Adf\u00e6rden for \u00e5ben kodning er, at vi laver en handling, hvorefter vi hurtigt bliver bevidst om den handling vi har gjort. En lukket kodning [...]<\/p><\/div><\/div><\/div><div class=\"fusion-clearfix\"><\/div><\/div>\n<\/article>\n<div class=\"fusion-clearfix\"><\/div><\/div><\/div><div class=\"fusion-clearfix\"><\/div><\/div><\/div><\/div><\/div><\/p>\n","protected":false},"excerpt":{"rendered":"","protected":false},"author":1,"featured_media":0,"parent":0,"menu_order":0,"comment_status":"closed","ping_status":"closed","template":"100-width.php","meta":{"footnotes":""},"class_list":["post-2199","page","type-page","status-publish","hentry"],"yoast_head":"<!-- This site is optimized with the Yoast SEO plugin v27.5 - https:\/\/yoast.com\/product\/yoast-seo-wordpress\/ -->\n<title>Blog - Bodynamic International<\/title>\n<meta name=\"robots\" content=\"index, follow, max-snippet:-1, max-image-preview:large, max-video-preview:-1\" \/>\n<link rel=\"canonical\" href=\"https:\/\/www.bodynamic.com\/da\/blog\/\" \/>\n<meta property=\"og:locale\" content=\"da_DK\" \/>\n<meta property=\"og:type\" content=\"article\" \/>\n<meta property=\"og:title\" content=\"Blog - Bodynamic International\" \/>\n<meta property=\"og:url\" content=\"https:\/\/www.bodynamic.com\/da\/blog\/\" \/>\n<meta property=\"og:site_name\" content=\"Bodynamic International\" \/>\n<meta property=\"article:publisher\" content=\"https:\/\/www.facebook.com\/BodynamicInternational\" \/>\n<meta property=\"article:modified_time\" content=\"2022-01-01T22:22:04+00:00\" \/>\n<meta name=\"twitter:card\" content=\"summary_large_image\" \/>\n<meta name=\"twitter:label1\" content=\"Estimeret l\u00e6setid\" \/>\n\t<meta name=\"twitter:data1\" content=\"2 minutter\" \/>\n<script type=\"application\/ld+json\" class=\"yoast-schema-graph\">{\"@context\":\"https:\\\/\\\/schema.org\",\"@graph\":[{\"@type\":\"WebPage\",\"@id\":\"https:\\\/\\\/www.bodynamic.com\\\/da\\\/blog\\\/\",\"url\":\"https:\\\/\\\/www.bodynamic.com\\\/da\\\/blog\\\/\",\"name\":\"Blog - Bodynamic International\",\"isPartOf\":{\"@id\":\"https:\\\/\\\/www.bodynamic.com\\\/da\\\/#website\"},\"datePublished\":\"2019-01-15T16:59:01+00:00\",\"dateModified\":\"2022-01-01T22:22:04+00:00\",\"breadcrumb\":{\"@id\":\"https:\\\/\\\/www.bodynamic.com\\\/da\\\/blog\\\/#breadcrumb\"},\"inLanguage\":\"da-DK\",\"potentialAction\":[{\"@type\":\"ReadAction\",\"target\":[\"https:\\\/\\\/www.bodynamic.com\\\/da\\\/blog\\\/\"]}]},{\"@type\":\"BreadcrumbList\",\"@id\":\"https:\\\/\\\/www.bodynamic.com\\\/da\\\/blog\\\/#breadcrumb\",\"itemListElement\":[{\"@type\":\"ListItem\",\"position\":1,\"name\":\"Home\",\"item\":\"https:\\\/\\\/www.bodynamic.com\\\/da\\\/\"},{\"@type\":\"ListItem\",\"position\":2,\"name\":\"Blog\"}]},{\"@type\":\"WebSite\",\"@id\":\"https:\\\/\\\/www.bodynamic.com\\\/da\\\/#website\",\"url\":\"https:\\\/\\\/www.bodynamic.com\\\/da\\\/\",\"name\":\"Bodynamic International\",\"description\":\"Somatic Developmental Psychology\",\"potentialAction\":[{\"@type\":\"SearchAction\",\"target\":{\"@type\":\"EntryPoint\",\"urlTemplate\":\"https:\\\/\\\/www.bodynamic.com\\\/da\\\/?s={search_term_string}\"},\"query-input\":{\"@type\":\"PropertyValueSpecification\",\"valueRequired\":true,\"valueName\":\"search_term_string\"}}],\"inLanguage\":\"da-DK\"}]}<\/script>\n<!-- \/ Yoast SEO plugin. -->","yoast_head_json":{"title":"Blog - Bodynamic International","robots":{"index":"index","follow":"follow","max-snippet":"max-snippet:-1","max-image-preview":"max-image-preview:large","max-video-preview":"max-video-preview:-1"},"canonical":"https:\/\/www.bodynamic.com\/da\/blog\/","og_locale":"da_DK","og_type":"article","og_title":"Blog - Bodynamic International","og_url":"https:\/\/www.bodynamic.com\/da\/blog\/","og_site_name":"Bodynamic International","article_publisher":"https:\/\/www.facebook.com\/BodynamicInternational","article_modified_time":"2022-01-01T22:22:04+00:00","twitter_card":"summary_large_image","twitter_misc":{"Estimeret l\u00e6setid":"2 minutter"},"schema":{"@context":"https:\/\/schema.org","@graph":[{"@type":"WebPage","@id":"https:\/\/www.bodynamic.com\/da\/blog\/","url":"https:\/\/www.bodynamic.com\/da\/blog\/","name":"Blog - Bodynamic International","isPartOf":{"@id":"https:\/\/www.bodynamic.com\/da\/#website"},"datePublished":"2019-01-15T16:59:01+00:00","dateModified":"2022-01-01T22:22:04+00:00","breadcrumb":{"@id":"https:\/\/www.bodynamic.com\/da\/blog\/#breadcrumb"},"inLanguage":"da-DK","potentialAction":[{"@type":"ReadAction","target":["https:\/\/www.bodynamic.com\/da\/blog\/"]}]},{"@type":"BreadcrumbList","@id":"https:\/\/www.bodynamic.com\/da\/blog\/#breadcrumb","itemListElement":[{"@type":"ListItem","position":1,"name":"Home","item":"https:\/\/www.bodynamic.com\/da\/"},{"@type":"ListItem","position":2,"name":"Blog"}]},{"@type":"WebSite","@id":"https:\/\/www.bodynamic.com\/da\/#website","url":"https:\/\/www.bodynamic.com\/da\/","name":"Bodynamic International","description":"Somatic Developmental Psychology","potentialAction":[{"@type":"SearchAction","target":{"@type":"EntryPoint","urlTemplate":"https:\/\/www.bodynamic.com\/da\/?s={search_term_string}"},"query-input":{"@type":"PropertyValueSpecification","valueRequired":true,"valueName":"search_term_string"}}],"inLanguage":"da-DK"}]}},"_links":{"self":[{"href":"https:\/\/www.bodynamic.com\/da\/wp-json\/wp\/v2\/pages\/2199","targetHints":{"allow":["GET"]}}],"collection":[{"href":"https:\/\/www.bodynamic.com\/da\/wp-json\/wp\/v2\/pages"}],"about":[{"href":"https:\/\/www.bodynamic.com\/da\/wp-json\/wp\/v2\/types\/page"}],"author":[{"embeddable":true,"href":"https:\/\/www.bodynamic.com\/da\/wp-json\/wp\/v2\/users\/1"}],"replies":[{"embeddable":true,"href":"https:\/\/www.bodynamic.com\/da\/wp-json\/wp\/v2\/comments?post=2199"}],"version-history":[{"count":6,"href":"https:\/\/www.bodynamic.com\/da\/wp-json\/wp\/v2\/pages\/2199\/revisions"}],"predecessor-version":[{"id":26227,"href":"https:\/\/www.bodynamic.com\/da\/wp-json\/wp\/v2\/pages\/2199\/revisions\/26227"}],"wp:attachment":[{"href":"https:\/\/www.bodynamic.com\/da\/wp-json\/wp\/v2\/media?parent=2199"}],"curies":[{"name":"wp","href":"https:\/\/api.w.org\/{rel}","templated":true}]}}